{"id":567,"date":"2020-06-27T19:12:20","date_gmt":"2020-06-27T19:12:20","guid":{"rendered":"https:\/\/haitises.com\/?post_type=product&#038;p=567"},"modified":"2024-04-16T21:43:21","modified_gmt":"2024-04-16T21:43:21","slug":"excursion-cascada-el-limon-y-cayo-levantado-desde-punta-cana","status":"publish","type":"product","link":"https:\/\/visitaloshaitises.com\/az\/private\/excursion-cascada-el-limon-y-cayo-levantado-desde-punta-cana\/","title":{"rendered":"Punta Cana&#039;dan El Limon \u015e\u0259lal\u0259si v\u0259 Cayo Levantado Ekskursiyas\u0131"},"content":{"rendered":"<div class=\"vc_row wpb_row vc_row-fluid\" ><div class=\"wpb_column vc_column_container vc_col-sm-12\"><div class=\"vc_column-inner\"><div class=\"wpb_wrapper\"><div class=\"mkdf-section-title-holder\" style=\"text-align: left\">\n\t<div class=\"mkdf-st-inner\">\n\t\t\t\t\t<h5 class=\"mkdf-st-subtitle\" >\n\t\t\t\t(Recogida en Punta Cana)\t\t\t<\/h5>\n\t\t\t\t\t\t\t<\/div>\n<\/div><\/div><\/div><\/div><\/div><div class=\"vc_row wpb_row vc_row-fluid\" ><div class=\"wpb_column vc_column_container vc_col-sm-12\"><div class=\"vc_column-inner\"><div class=\"wpb_wrapper\">\n\t<div class=\"wpb_text_column wpb_content_element\" >\n\t\t<div class=\"wpb_wrapper\">\n\t\t\t<h2>Cascada El Lim\u00f3n y Cayo Levantado desde los hoteles de Punta Cana<\/h2>\n<h3>T\u0259svir<\/h3>\n<p>Si se encuentra en Punta Cana o B\u00e1varo, busca una excursi\u00f3n de un d\u00eda pagando menos de lo normal. Reserve este viaje con una recogida en su hotel en Punta Cana. El autob\u00fas lo llevar\u00e1 a Sabana de la mar, donde tomaremos un catamar\u00e1n para pasar la bah\u00eda de Saman\u00e1. Visitar la comunidad de Saman\u00e1 en Safari para llegar a la comunidad de El Lim\u00f3n, montar a caballo o ir de excursi\u00f3n a las cascadas despu\u00e9s de cruzar la bah\u00eda de Saman\u00e1 y el tiempo de almuerzo en la isla de Bacardi. Este viaje comienza a las 6:00 a.m. y termina a las 6:30 p.m.<\/p>\n<p>Despu\u00e9s de esta experiencia, volver\u00e1 a su hotel.<\/p>\n<ul>\n<li>Vergil\u0259r daxildir<\/li>\n<li>Almuerzo en la playa incluido.<\/li>\n<li>Transferencia incluida<\/li>\n<li>B\u0259l\u0259d\u00e7i t\u0259limat v\u0259 n\u0259zar\u0259ti t\u0259min edir.<\/li>\n<\/ul>\n<h3>Daxiletm\u0259l\u0259r v\u0259 istisnalar<\/h3>\n<h4>Daxiletm\u0259l\u0259r<\/h4>\n<ol>\n<li>Recogida en el hotel.<\/li>\n<li>Bah\u00eda Saman\u00e1<\/li>\n<li>Cayo Levantado, playa y almuerzo<\/li>\n<li>Safari a El Lim\u00f3n<\/li>\n<li>Paseos a caballo o senderismo a las cascadas<\/li>\n<li>C\u00f3cteles Dominicanos<\/li>\n<li>B\u00fct\u00fcn vergil\u0259r, r\u00fcsumlar v\u0259 \u0259m\u0259liyyat x\u0259rcl\u0259ri<\/li>\n<li>Yerli vergil\u0259r<\/li>\n<li>\u0130\u00e7kil\u0259r<\/li>\n<li>B\u00fct\u00fcn f\u0259aliyy\u0259tl\u0259r<\/li>\n<li>Yerli b\u0259l\u0259d\u00e7i<\/li>\n<\/ol>\n<h4>\u0130stisnalar<\/h4>\n<ol>\n<li>M\u0259sl\u0259h\u0259tl\u0259r<\/li>\n<li>Bebidas alcoh\u00f3licas despu\u00e9s de c\u00f3cteles<\/li>\n<\/ol>\n<h3><em>Gedi\u015f v\u0259 d\u00f6n\u00fc\u015f<\/em><\/h3>\n<p>S\u0259yyah rezervasiya prosesind\u0259n sonra g\u00f6r\u00fc\u015f n\u00f6qt\u0259si \u0259ld\u0259 ed\u0259c\u0259k. Turlar g\u00f6r\u00fc\u015f n\u00f6qt\u0259l\u0259rimizd\u0259 ba\u015flay\u0131r v\u0259 bitir.<\/p>\n<h3><em>N\u0259 g\u00f6zl\u0259m\u0259k olar?<\/em><\/h3>\n<p>Obtenga sus boletos para visitar las cascadas a caballo o senderismo, Safari Saman\u00e1, nadar en los manantiales naturales, luego de las cascadas el almuerzo en la isla de Bacardi y tiempo de playa.<\/p>\n<p>Comenzando desde Punta Cana en autob\u00fas, conduciremos al puerto de la bah\u00eda de Saman\u00e1. En el puerto nos subimos a un bote o catamar\u00e1n con un gu\u00eda tur\u00edstico local, pasamos la bah\u00eda de Saman\u00e1 a la comunidad de Saman\u00e1. Tomar un safari con un gu\u00eda tur\u00edstico local para hablar sobre la historia de Saman\u00e1 hasta llegar a la comunidad de El Lim\u00f3n. En la comunidad de El Lim\u00f3n comenzamos a caminar o montar a caballo por el bosque de El Lim\u00f3n hasta las cascadas de El Lim\u00f3n. Donde cuando llegamos \u00a1podemos nadar! Despu\u00e9s de regresar a Safari para ir al puerto de Saman\u00e1. Visitar\u00e1 la isla de Cayo Levantado para almorzar en la playa y nadar en una de las islas m\u00e1s bellas de la Rep\u00fablica Dominicana.<\/p>\n<p>En caso de que le guste este viaje m\u00e1s largo o m\u00e1s corto, cont\u00e1ctenos &#8230;<\/p>\n<h3><em>N\u0259 g\u0259tirm\u0259lis\u0259n?<\/em><\/h3>\n<ul>\n<li>Kamera<\/li>\n<li>Repelentl\u0259r<\/li>\n<li>G\u00fcn\u0259\u015f kremi<\/li>\n<li>\u015eapka<\/li>\n<li>Rahat \u015falvar<\/li>\n<li>Me\u015f\u0259 g\u0259zinti ayaqqab\u0131lar\u0131<\/li>\n<li>Yaz sah\u0259l\u0259ri \u00fc\u00e7\u00fcn sandaletl\u0259r.<\/li>\n<li>\u00c7im\u0259rlik geyimi<\/li>\n<\/ul>\n<h3><em>Oteld\u0259n g\u00f6t\u00fcr\u00fclm\u0259<\/em><\/h3>\n<p>\u00a1Se ofrece recogida de viajeros!<\/p>\n<p>Recogemos de todos los hoteles en Punta Cana. La ubicaci\u00f3n de recogida es el vest\u00edbulo del hotel.<br \/>\nSi se hospeda en un condominio en el \u00e1rea, lo recogeremos en el condominio o en la entrada del resort m\u00e1s cercano. Configuramos Recoger contactando con nosotros por Whatsapp.<\/p>\n<p><strong>Qeyd:<\/strong> Si realiza la reserva dentro de las 24 horas del horario de salida del tour \/ excursi\u00f3n, podemos organizar la recogida en el hotel. Una vez que se complete su compra, le enviaremos informaci\u00f3n de contacto completa (n\u00famero de tel\u00e9fono, direcci\u00f3n de correo electr\u00f3nico, etc.) para que nuestro gu\u00eda tur\u00edstico local organice los arreglos de recogida.<\/p>\n<h3><em>\u018flav\u0259 m\u0259lumatlar\u0131n t\u0259sdiqi<\/em><\/h3>\n<ul>\n<li>Biletl\u0259r bu Tur \u00fc\u00e7\u00fcn \u00f6d\u0259ni\u015f edildikd\u0259n sonra q\u0259bzdir. \u00d6d\u0259ni\u015fi telefonunuzda g\u00f6st\u0259r\u0259 bil\u0259rsiniz.<\/li>\n<li>G\u00f6r\u00fc\u015f n\u00f6qt\u0259si rezervasiya prosesind\u0259n sonra al\u0131nacaq.<\/li>\n<li>U\u015faqlar b\u00f6y\u00fckl\u0259r t\u0259r\u0259find\u0259n m\u00fc\u015fayi\u0259t olunmal\u0131d\u0131r.<\/li>\n<li>\u018flil arabas\u0131 \u00fc\u00e7\u00fcn \u0259l\u00e7atan deyil<\/li>\n<li>K\u00f6rp\u0259l\u0259r u\u015faq oturaca\u011f\u0131nda v\u0259 ya b\u00f6y\u00fckl\u0259rin yan\u0131nda oturmal\u0131d\u0131rlar<\/li>\n<li>Arxa probleml\u0259ri olan s\u0259yah\u0259t\u00e7il\u0259r \u00fc\u00e7\u00fcn t\u00f6vsiy\u0259 edilmir.<\/li>\n<li>Hamil\u0259 qad\u0131nlar \u00fc\u00e7\u00fcn t\u00f6vsiy\u0259 edilmir.<\/li>\n<li>\u00dcr\u0259k problemi v\u0259 ya dig\u0259r ciddi tibbi \u015f\u0259rtl\u0259r yoxdur.<\/li>\n<li>\u018fks\u0259r s\u0259yah\u0259t\u00e7il\u0259r i\u015ftirak ed\u0259 bil\u0259r.<\/li>\n<\/ul>\n<h3><em>L\u0259\u011fv etm\u0259 siyas\u0259ti<\/em><\/h3>\n<p>Tam geri qaytarmaq \u00fc\u00e7\u00fcn t\u0259cr\u00fcb\u0259nin ba\u015flama tarixind\u0259n \u0259n az\u0131 24 saat \u0259vv\u0259l l\u0259\u011fv edin.<\/p>\n<h3><em>Biziml\u0259 \u0259laq\u0259 saxlay\u0131n?<\/em><\/h3>\n<p>Mac\u0259ra Rezervasyonlar\u0131<br \/>\nYerli v\u0259 milli tur b\u0259l\u0259d\u00e7il\u0259ri v\u0259 qonaq xidm\u0259tl\u0259ri<\/p>\n<p>Rezervasyonlar: Dom.Reps-d\u0259 Turlar v\u0259 Ekskursiyalar.<\/p>\n<p>\ud83d\udcde Tel\/Whatsapp +1-809-720-6035.<\/p>\n<p>\ud83d\udce9 info@bookingadventures.com.do<\/p>\n<p>Hacemos tours privados de con flexbilidad por Whatsapp: +18097206035.<\/p>\n\n\t\t<\/div>\n\t<\/div>\n<\/div><\/div><\/div><\/div>","protected":false},"excerpt":{"rendered":"<p>Si se encuentra en Punta Cana o B\u00e1varo, busca una excursi\u00f3n de un d\u00eda pagando menos de lo normal. Reserve este viaje con una recogida en su hotel en Punta Cana. El autob\u00fas lo llevar\u00e1 a Sabana de la mar, donde tomaremos un catamar\u00e1n para pasar la bah\u00eda de Saman\u00e1. Visitar la comunidad de Saman\u00e1 en Safari para llegar a la comunidad de El Lim\u00f3n, montar a caballo o caminar a las cascadas despu\u00e9s de cruzar la bah\u00eda de Saman\u00e1 y el tiempo de Almuerzo en la isla de Bacardi. Este viaje comienza a las 6:00 a.m. y termina a las 6:30 p.m.<\/p>\n<p><strong>Z\u0259hm\u0259t olmasa Turun tarixini se\u00e7in:<\/strong><\/p>","protected":false},"featured_media":320,"template":"","meta":[],"product_brand":[],"product_cat":[96,97,136,264,122,443,123,124],"product_tag":[137,138,281,139,282,283,140,284,141,114,285,142,143],"class_list":{"0":"post-567","1":"product","2":"type-product","3":"status-publish","4":"has-post-thumbnail","6":"product_cat-hiking","7":"product_cat-horse-riding-to-waterfalls","8":"product_cat-safari-samana","9":"product_cat-salto-el-limon-and-bacardi-island","10":"product_cat-tours-and-excursions","11":"product_cat-tours-y-excursiones-es","12":"product_cat-tours-excursions-los-haitises-national-park","13":"product_cat-tours-excursions-samana-bay-dominican-republic","14":"product_tag-bacardi-island","15":"product_tag-beach-time","16":"product_tag-cascada-el-limon-salto-el-limon-samana-republica-dominicana","17":"product_tag-cayo-levantado","18":"product_tag-el-limon-waterfall-bacardi-island-from-punta-cana","19":"product_tag-el-limon-waterfall-and-bacardi-island-tour-from-punta-cana","20":"product_tag-el-limon-waterfalls","21":"product_tag-guided-adventures","22":"product_tag-punta-cana","23":"product_tag-sabana-de-la-mar","24":"product_tag-salto-de-limon-punta-cana","25":"product_tag-samana","26":"product_tag-samana-tours","28":"first","29":"instock","30":"sale","31":"sold-individually","32":"shipping-taxable","33":"product-type-external"},"_links":{"self":[{"href":"https:\/\/visitaloshaitises.com\/az\/wp-json\/wp\/v2\/product\/567","targetHints":{"allow":["GET"]}}],"collection":[{"href":"https:\/\/visitaloshaitises.com\/az\/wp-json\/wp\/v2\/product"}],"about":[{"href":"https:\/\/visitaloshaitises.com\/az\/wp-json\/wp\/v2\/types\/product"}],"wp:featuredmedia":[{"embeddable":true,"href":"https:\/\/visitaloshaitises.com\/az\/wp-json\/wp\/v2\/media\/320"}],"wp:attachment":[{"href":"https:\/\/visitaloshaitises.com\/az\/wp-json\/wp\/v2\/media?parent=567"}],"wp:term":[{"taxonomy":"product_brand","embeddable":true,"href":"https:\/\/visitaloshaitises.com\/az\/wp-json\/wp\/v2\/product_brand?post=567"},{"taxonomy":"product_cat","embeddable":true,"href":"https:\/\/visitaloshaitises.com\/az\/wp-json\/wp\/v2\/product_cat?post=567"},{"taxonomy":"product_tag","embeddable":true,"href":"https:\/\/visitaloshaitises.com\/az\/wp-json\/wp\/v2\/product_tag?post=567"}],"curies":[{"name":"wp","href":"https:\/\/api.w.org\/{rel}","templated":true}]}}