{"id":554,"date":"2020-06-22T17:36:48","date_gmt":"2020-06-22T17:36:48","guid":{"rendered":"https:\/\/haitises.com\/?post_type=product&#038;p=554"},"modified":"2024-04-17T20:44:54","modified_gmt":"2024-04-17T20:44:54","slug":"excursion-a-los-haitises-desde-sabana-de-la-mar-o-cano-hondo","status":"publish","type":"product","link":"https:\/\/visitaloshaitises.com\/az\/oz\u0259l\/excursion-a-los-haitises-desde-sabana-de-la-mar-o-cano-hondo\/","title":{"rendered":"Sabana de la Mar v\u0259 ya Ca\u00f1o Hondodan Los Haitises\u0259 ekskursiya"},"content":{"rendered":"<div class=\"vc_row wpb_row vc_row-fluid\" ><div class=\"wpb_column vc_column_container vc_col-sm-12\"><div class=\"vc_column-inner\"><div class=\"wpb_wrapper\">[mkdf_section_title subtitle_tag=\u00bb\u00bb subtitle=\u00bbTour normal a los Haitises\u00bb]<\/div><\/div><\/div><\/div><div class=\"vc_row wpb_row vc_row-fluid\" ><div class=\"wpb_column vc_column_container vc_col-sm-12\"><div class=\"vc_column-inner\"><div class=\"wpb_wrapper\">\n\t<div class=\"wpb_text_column wpb_content_element\" >\n\t\t<div class=\"wpb_wrapper\">\n\t\t\t<h2>Sabana de la Mar v\u0259 ya Hotel Cano Hondo-dan Los Haitises Milli Park\u0131.<\/h2>\n<h3>T\u0259svir<\/h3>\n<p>Los Haitises Milli Park\u0131na adi \u015f\u0259xsi s\u0259yah\u0259t. Biziml\u0259 g\u0259lin v\u0259 Dominikan Respublikas\u0131n\u0131n \u0259n g\u00f6z\u0259l milli park\u0131n\u0131 ziyar\u0259t edin, manqrovlar\u0131, ma\u011faralar\u0131 v\u0259 San Lorenzo k\u00f6rf\u0259zini ziyar\u0259t edin. Bu t\u0259cr\u00fcb\u0259 Sabana de la Mar icmas\u0131n\u0131n Sabana de la Mar\u0131n tarixini \u00f6yr\u0259nm\u0259sind\u0259n ba\u015flaya bil\u0259r. Bundan \u0259lav\u0259, biz bu s\u0259f\u0259r\u0259 Ka\u00f1o Hondo liman\u0131ndan ba\u015flay\u0131r\u0131q.<\/p>\n<ul>\n<li>Vergil\u0259r daxildir<\/li>\n<li>B\u0259l\u0259d\u00e7i t\u0259limat v\u0259 n\u0259zar\u0259ti t\u0259min edir.<\/li>\n<li>Ca\u00f1o Hondo-da nahara nahar daxil deyil. Bu turu se\u00e7in: Los Haitises Plus Ca\u00f1o Hondo.<\/li>\n<\/ul>\n<h3>Daxiletm\u0259l\u0259r v\u0259 istisnalar<\/h3>\n<h4>Daxiletm\u0259l\u0259r<\/h4>\n<ol>\n<li>Los Haitises Turu + Ma\u011faralar v\u0259 Piktoqraflar<\/li>\n<li>B\u00fct\u00fcn vergil\u0259r, r\u00fcsumlar v\u0259 \u0259m\u0259liyyat x\u0259rcl\u0259ri.<\/li>\n<li>Yerli vergil\u0259r<\/li>\n<li>B\u00fct\u00fcn f\u0259aliyy\u0259tl\u0259r<\/li>\n<li>Yerli b\u0259l\u0259d\u00e7i<\/li>\n<\/ol>\n<h4>\u0130stisnalar<\/h4>\n<ol>\n<li>M\u0259sl\u0259h\u0259tl\u0259r<\/li>\n<li>Ca\u00f1o Hondo-da nahara nahar daxil deyil. Bu turu se\u00e7in: Los Haitises Plus Ca\u00f1o Hondo.<\/li>\n<li>N\u0259qliyyat<\/li>\n<li>Spirtli i\u00e7kil\u0259r<\/li>\n<\/ol>\n<h3><em>Gedi\u015f v\u0259 d\u00f6n\u00fc\u015f<\/em><\/h3>\n<p>S\u0259yyah rezervasiya prosesind\u0259n sonra g\u00f6r\u00fc\u015f n\u00f6qt\u0259si \u0259ld\u0259 ed\u0259c\u0259k. Turlar g\u00f6r\u00fc\u015f n\u00f6qt\u0259l\u0259rimizd\u0259 ba\u015flay\u0131r v\u0259 bitir.<\/p>\n<h4><em>N\u0259 g\u00f6zl\u0259m\u0259k olar?<\/em><\/h4>\n<p>Ma\u011faralar, Mangrovlar v\u0259 San Lorenzo K\u00f6rf\u0259zi il\u0259 Los Haitises Milli Park\u0131n\u0131 ziyar\u0259t etm\u0259k \u00fc\u00e7\u00fcn bilet al\u0131n.<\/p>\n<p>Los Haitises Milli Park\u0131n\u0131 Sabana de la Mar v\u0259 ya Ca\u00f1o Hondo otell\u0259rind\u0259n yerli b\u0259l\u0259d\u00e7il\u0259rl\u0259 ziyar\u0259t etm\u0259k \u00fc\u00e7\u00fcn \u0259n a\u015fa\u011f\u0131 qiym\u0259t. S\u0259f\u0259r Los Haitises Milli Park\u0131n\u0131n \u0259sas liman\u0131ndan ba\u015flay\u0131r. Bu s\u0259f\u0259r s\u0259h\u0259r saat 10:00-da m\u00f6ht\u0259\u015f\u0259m Milli Park haqq\u0131nda orijinal hekay\u0259ni bil\u0259n yerli b\u0259l\u0259d\u00e7i il\u0259 ba\u015flay\u0131r.<\/p>\n<p>Sonra Los Haitises Milli Park\u0131n\u0131n \u0259sas liman\u0131ndan, Cano Hondo (D\u0259rin d\u0259rya) adl\u0131 g\u0259mid\u0259 xilasedici jiletl\u0259ri olan bir qay\u0131qla ba\u015flay\u0131r\u0131q. San Lorenzo k\u00f6rf\u0259zin\u0259 \u00e7atana q\u0259d\u0259r q\u0131rm\u0131z\u0131 manqrov me\u015f\u0259sind\u0259n h\u0259zz alaca\u011f\u0131q. Samana k\u00f6rf\u0259zind\u0259ki ki\u00e7ik k\u00f6rf\u0259z. V\u0259 biz gedirik! G\u00f6rd\u00fcy\u00fcn\u00fcz ilk \u015fey Mogotes adl\u0131 n\u0259h\u0259ng \u0259h\u0259ngda\u015f\u0131 da\u011f adas\u0131n\u0131n kolleksiyas\u0131d\u0131r. Onlar\u0131n \u00fcst\u00fcnd\u0259 700-d\u0259n \u00e7ox bitki n\u00f6v\u00fc v\u0259 \u00e7oxlu bataql\u0131q qu\u015flar\u0131 u\u00e7ur. Daha sonra 750 il \u0259vv\u0259l yerli icmalar\u0131m\u0131z\u0131n piktoqramlar\u0131 olan ma\u011faralar\u0131 ziyar\u0259t etm\u0259k.<\/p>\n<p>Manqrovlar v\u0259 a\u00e7\u0131q San Lorenzo K\u00f6rf\u0259zind\u0259ki torpaq vasit\u0259sil\u0259, buradan m\u00f6hk\u0259m me\u015f\u0259 m\u0259nz\u0259r\u0259sini \u00e7\u0259k\u0259 bil\u0259rsiniz. Manatlar\u0131, x\u0259r\u00e7\u0259ngkimil\u0259ri v\u0259 delfinl\u0259ri g\u00f6rm\u0259k \u00fc\u00e7\u00fcn suya bax\u0131n.<\/p>\n<p>El nombre del parque nacional proviene de sus habitantes originales, los indios ta\u00ednos. En su idioma, \u00abHaitises\u00bb se traduce en tierras altas o colinas, una referencia a las empinadas formaciones geol\u00f3gicas de la costa con calizas. Avent\u00farate en el parque para explorar cuevas como la Cueva de la Arena y la Cueva de la L\u00ednea. Las cuevas en la reserva fueron utilizadas como refugio por los indios ta\u00ednos y, m\u00e1s tarde, por los piratas escondidos. Busque dibujos de indios que decoran algunas de las paredes. Despu\u00e9s de visitar el Parque Nacional Los Haitises, regresaremos al puerto donde comenz\u00f3 nuestro viaje.<\/p>\n<h3><em>N\u0259 g\u0259tirm\u0259lis\u0259n?<\/em><\/h3>\n<ul>\n<li>Kamera<\/li>\n<li>Repelentl\u0259r<\/li>\n<li>g\u00fcn\u0259\u015f kremi<\/li>\n<li>\u015eapka<\/li>\n<li>Rahat \u015falvar<\/li>\n<li>Me\u015f\u0259 g\u0259zinti ayaqqab\u0131lar\u0131<\/li>\n<li>Yaz sah\u0259l\u0259ri \u00fc\u00e7\u00fcn sandaletl\u0259r.<\/li>\n<li>\u00c7im\u0259rlik geyimi<\/li>\n<\/ul>\n<h3><em>Oteld\u0259n g\u00f6t\u00fcr\u00fclm\u0259<\/em><\/h3>\n<p>\u018fg\u0259r siz Paraiso Ca\u00f1o Hondo v\u0259 ya Altos Ca\u00f1o Hondo Otelind\u0259 olsan\u0131z, oteld\u0259n g\u00f6t\u00fcr\u00fclm\u0259 t\u0259klif olunur. G\u00f6r\u00fc\u015f yerimiz h\u0259min otell\u0259r\u0259 piyada 5 d\u0259qiq\u0259lik m\u0259saf\u0259d\u0259dir.<\/p>\n<p><strong>Qeyd<\/strong>- Turun\/ekskursiyan\u0131n gedi\u015f vaxt\u0131ndan sonra 24 saat \u0259rzind\u0259 rezervasiya ets\u0259niz, Ca\u00f1o Hondo otell\u0259rind\u0259 deyilsinizs\u0259, biz \u0259lav\u0259 \u00f6d\u0259ni\u015fl\u0259 oteld\u0259n g\u00f6t\u00fcr\u00fclm\u0259 t\u0259\u015fkil ed\u0259 bil\u0259rik. Al\u0131\u015f-veri\u015finiz ba\u015fa \u00e7atd\u0131qdan sonra, g\u00f6t\u00fcrm\u0259 t\u0259nziml\u0259m\u0259l\u0259rini t\u0259\u015fkil etm\u0259k \u00fc\u00e7\u00fcn siz\u0259 yerli tur b\u0259l\u0259d\u00e7imiz \u00fc\u00e7\u00fcn tam \u0259laq\u0259 m\u0259lumat\u0131 (telefon n\u00f6mr\u0259si, e-po\u00e7t \u00fcnvan\u0131 v\u0259 s.) g\u00f6nd\u0259r\u0259c\u0259yik.<\/p>\n<h3><em>\u018flav\u0259 m\u0259lumatlar\u0131n t\u0259sdiqi<\/em><\/h3>\n<ul>\n<li>Biletl\u0259r bu Tur \u00fc\u00e7\u00fcn \u00f6d\u0259ni\u015f edildikd\u0259n sonra q\u0259bzdir. \u00d6d\u0259ni\u015fi telefonunuzda g\u00f6st\u0259r\u0259 bil\u0259rsiniz.<\/li>\n<li>G\u00f6r\u00fc\u015f n\u00f6qt\u0259si rezervasiya prosesind\u0259n sonra al\u0131nacaq.<\/li>\n<li>U\u015faqlar b\u00f6y\u00fckl\u0259r t\u0259r\u0259find\u0259n m\u00fc\u015fayi\u0259t olunmal\u0131d\u0131r.<\/li>\n<li>\u018flil arabas\u0131 \u00fc\u00e7\u00fcn \u0259l\u00e7atan deyil<\/li>\n<li>K\u00f6rp\u0259l\u0259r u\u015faq oturaca\u011f\u0131nda v\u0259 ya b\u00f6y\u00fckl\u0259rin yan\u0131nda oturmal\u0131d\u0131rlar<\/li>\n<li>Arxa probleml\u0259ri olan s\u0259yah\u0259t\u00e7il\u0259r \u00fc\u00e7\u00fcn t\u00f6vsiy\u0259 edilmir.<\/li>\n<li>Hamil\u0259 qad\u0131nlar \u00fc\u00e7\u00fcn t\u00f6vsiy\u0259 edilmir.<\/li>\n<li>\u00dcr\u0259k problemi v\u0259 ya dig\u0259r ciddi tibbi \u015f\u0259rtl\u0259r yoxdur.<\/li>\n<li>\u018fks\u0259r s\u0259yah\u0259t\u00e7il\u0259r i\u015ftirak ed\u0259 bil\u0259r.<\/li>\n<\/ul>\n<h3><em>L\u0259\u011fv etm\u0259 siyas\u0259ti<\/em><\/h3>\n<p>Tam geri qaytarmaq \u00fc\u00e7\u00fcn t\u0259cr\u00fcb\u0259nin ba\u015flama tarixind\u0259n \u0259n az\u0131 24 saat \u0259vv\u0259l l\u0259\u011fv edin.<\/p>\n<h3><em>Biziml\u0259 \u0259laq\u0259 saxlay\u0131n?<\/em><\/h3>\n<p>Rezervasiya mac\u0259ralar\u0131<br \/>\nYerli v\u0259 milli tur b\u0259l\u0259d\u00e7il\u0259ri v\u0259 qonaq xidm\u0259tl\u0259ri<\/p>\n<p>Rezervasyonlar: Dom.Reps-d\u0259 Turlar v\u0259 Ekskursiyalar.<\/p>\n<p>\ud83d\udcde Tel\/Whatsapp +1-809-720-6035.<\/p>\n<p>\ud83d\udce9 info@bookingadventures.com.do<\/p>\n<p>Whatsapp vasit\u0259sil\u0259 \u00e7evik konfiqurasiya il\u0259 \u015f\u0259xsi turlar t\u0259\u015fkil edirik: +18097206035.<\/p>\n\n\t\t<\/div>\n\t<\/div>\n<\/div><\/div><\/div><\/div>","protected":false},"excerpt":{"rendered":"<p>Los Haitises Milli Park\u0131n\u0131 Sabana de la Mar v\u0259 ya Ca\u00f1o Hondo otell\u0259rind\u0259n yerli b\u0259l\u0259d\u00e7il\u0259rl\u0259 ziyar\u0259t etm\u0259k \u00fc\u00e7\u00fcn \u0259n a\u015fa\u011f\u0131 qiym\u0259t. S\u0259f\u0259r Los Haitises Milli Park\u0131n\u0131n \u0259sas liman\u0131ndan ba\u015flay\u0131r. Bu s\u0259f\u0259r s\u0259h\u0259r saat 10:00-da m\u00f6ht\u0259\u015f\u0259m Milli Park haqq\u0131nda orijinal hekay\u0259ni bil\u0259n yerli b\u0259l\u0259d\u00e7i il\u0259 ba\u015flay\u0131r.<\/p>\n<p>Sonra Los Haitises Milli Park\u0131n\u0131n \u0259sas liman\u0131ndan, Cano Hondo (D\u0259rin d\u0259rya) adl\u0131 g\u0259mid\u0259 xilasedici jiletl\u0259ri olan bir qay\u0131qla ba\u015flay\u0131r\u0131q. Samana k\u00f6rf\u0259zind\u0259ki ki\u00e7ik bir k\u00f6rf\u0259z olan San Lorenzo k\u00f6rf\u0259zin\u0259 \u00e7atana q\u0259d\u0259r q\u0131rm\u0131z\u0131 manqrov me\u015f\u0259sind\u0259n h\u0259zz alaca\u011f\u0131q. V\u0259 biz gedirik! G\u00f6rd\u00fcy\u00fcn\u00fcz ilk \u015fey Mogotes adl\u0131 n\u0259h\u0259ng \u0259h\u0259ngda\u015f\u0131 da\u011f adas\u0131n\u0131n kolleksiyas\u0131d\u0131r. Onlara \u0259lav\u0259 olaraq 700-d\u0259n \u00e7ox bitki n\u00f6v\u00fc v\u0259 \u00e7oxlu bataql\u0131q qu\u015flar\u0131 u\u00e7ur. Daha sonra 750 il \u0259vv\u0259l yerli icmalar\u0131m\u0131z\u0131n piktoqramlar\u0131 olan ma\u011faralar\u0131 ziyar\u0259t etm\u0259k.<\/p>\n<p><strong>Z\u0259hm\u0259t olmasa Tur \u00fc\u00e7\u00fcn tarixi se\u00e7in\u00a0<\/strong><\/p>","protected":false},"featured_media":81,"template":"","meta":[],"product_brand":[],"product_cat":[119,120,98,121,99,122,443,123,124],"product_tag":[125,126,127,128,129,130,131,132,133,134,114],"class_list":{"0":"post-554","1":"product","2":"type-product","3":"status-publish","4":"has-post-thumbnail","6":"product_cat-caves","7":"product_cat-fees-entrace","8":"product_cat-local-tour-guides","9":"product_cat-mangroves","10":"product_cat-swimming-natural-springs","11":"product_cat-tours-and-excursions","12":"product_cat-tours-y-excursiones-es","13":"product_cat-tours-excursions-los-haitises-national-park","14":"product_cat-tours-excursions-samana-bay-dominican-republic","15":"product_tag-boat-tour","16":"product_tag-cano-hondo","17":"product_tag-cano-hondo-hotel","18":"product_tag-cano-hondo-tours","19":"product_tag-eco-tours","20":"product_tag-excursion","21":"product_tag-locals-guides","22":"product_tag-los-haitises","23":"product_tag-los-haitises-national-park","24":"product_tag-los-haitises-national-park-tour","25":"product_tag-sabana-de-la-mar","27":"first","28":"instock","29":"sale","30":"sold-individually","31":"shipping-taxable","32":"product-type-external"},"_links":{"self":[{"href":"https:\/\/visitaloshaitises.com\/az\/wp-json\/wp\/v2\/product\/554","targetHints":{"allow":["GET"]}}],"collection":[{"href":"https:\/\/visitaloshaitises.com\/az\/wp-json\/wp\/v2\/product"}],"about":[{"href":"https:\/\/visitaloshaitises.com\/az\/wp-json\/wp\/v2\/types\/product"}],"wp:featuredmedia":[{"embeddable":true,"href":"https:\/\/visitaloshaitises.com\/az\/wp-json\/wp\/v2\/media\/81"}],"wp:attachment":[{"href":"https:\/\/visitaloshaitises.com\/az\/wp-json\/wp\/v2\/media?parent=554"}],"wp:term":[{"taxonomy":"product_brand","embeddable":true,"href":"https:\/\/visitaloshaitises.com\/az\/wp-json\/wp\/v2\/product_brand?post=554"},{"taxonomy":"product_cat","embeddable":true,"href":"https:\/\/visitaloshaitises.com\/az\/wp-json\/wp\/v2\/product_cat?post=554"},{"taxonomy":"product_tag","embeddable":true,"href":"https:\/\/visitaloshaitises.com\/az\/wp-json\/wp\/v2\/product_tag?post=554"}],"curies":[{"name":"wp","href":"https:\/\/api.w.org\/{rel}","templated":true}]}}