{"id":551,"date":"2020-06-19T20:10:32","date_gmt":"2020-06-19T20:10:32","guid":{"rendered":"https:\/\/haitises.com\/?post_type=product&#038;p=551"},"modified":"2023-10-14T21:50:12","modified_gmt":"2023-10-14T21:50:12","slug":"excursion-al-los-haitises-y-cano-hondo-desde-samana","status":"publish","type":"product","link":"https:\/\/visitaloshaitises.com\/az\/private\/excursion-al-los-haitises-y-cano-hondo-desde-samana\/","title":{"rendered":"Samanadan Los Haitises v\u0259 Cano Hondoya ekskursiya"},"content":{"rendered":"<div class=\"vc_row wpb_row vc_row-fluid\" ><div class=\"wpb_column vc_column_container vc_col-sm-12\"><div class=\"vc_column-inner\"><div class=\"wpb_wrapper\"><div class=\"mkdf-section-title-holder\" style=\"text-align: left\">\n\t<div class=\"mkdf-st-inner\">\n\t\t\t\t\t<h5 class=\"mkdf-st-subtitle\" >\n\t\t\t\tNahar v\u0259 T\u0259bii Hovuzlarda \u00dczg\u00fc\u00e7\u00fcl\u00fck\t\t\t<\/h5>\n\t\t\t\t\t\t\t<\/div>\n<\/div><\/div><\/div><\/div><\/div><div class=\"vc_row wpb_row vc_row-fluid\" ><div class=\"wpb_column vc_column_container vc_col-sm-12\"><div class=\"vc_column-inner\"><div class=\"wpb_wrapper\">\n\t<div class=\"wpb_text_column wpb_content_element\" >\n\t\t<div class=\"wpb_wrapper\">\n\t\t\t<h2>Parque Nacional Los Haitises + Almuerzo en Cano Hondo desde el puerto de Saman\u00e1.<\/h2>\n<h3><em>T\u0259svir<\/em><\/h3>\n<p>Parque Nacional Los Haitises a partir del puerto de Saman\u00e1 m\u00e1s un almuerzo maravilloso y nataci\u00f3n en manantiales naturales en Ca\u00f1o Hondo Ecolodge. Ven con nosotros y visita el parque nacional m\u00e1s hermoso de la Rep\u00fablica Dominicana, visitando manglares, cuevas y la bah\u00eda de San Lorenzo, adem\u00e1s de cruzar la hermosa bah\u00eda de Saman\u00e1. Despu\u00e9s de almorzar en Ca\u00f1o Hondo, tendr\u00e1 la oportunidad de nadar en las piscinas naturales unas pocas horas y luego regresar al puerto de Saman\u00e1.<\/p>\n<p>Bu t\u0259cr\u00fcb\u0259d\u0259n sonra Samana liman\u0131na qay\u0131dacaqs\u0131n\u0131z.<\/p>\n<ul>\n<li>Vergil\u0259r daxildir<\/li>\n<li>B\u0259l\u0259d\u00e7i t\u0259limat v\u0259 n\u0259zar\u0259ti t\u0259min edir.<\/li>\n<\/ul>\n<h3>Daxiletm\u0259l\u0259r v\u0259 istisnalar<\/h3>\n<h4>Daxiletm\u0259l\u0259r<\/h4>\n<ol>\n<li>Los Haitises Turu + Ma\u011faralar v\u0259 Piktoqraflar<\/li>\n<li>Almuerzo en Ca\u00f1o Hondo<\/li>\n<li>Nadar en las piscinas naturales<\/li>\n<li>B\u00fct\u00fcn vergil\u0259r, r\u00fcsumlar v\u0259 \u0259m\u0259liyyat x\u0259rcl\u0259ri.<\/li>\n<li>Yerli vergil\u0259r<\/li>\n<li>\u0130\u00e7kil\u0259r<\/li>\n<li>B\u00fct\u00fcn f\u0259aliyy\u0259tl\u0259r<\/li>\n<li>Yerli b\u0259l\u0259d\u00e7i<\/li>\n<\/ol>\n<h4>\u0130stisnalar<\/h4>\n<ol>\n<li>M\u0259sl\u0259h\u0259tl\u0259r<\/li>\n<li>Transfer<\/li>\n<li>Spirtli i\u00e7kil\u0259r<\/li>\n<\/ol>\n<h3><em>Gedi\u015f v\u0259 d\u00f6n\u00fc\u015f<\/em><\/h3>\n<p>S\u0259yyah rezervasiya prosesind\u0259n sonra g\u00f6r\u00fc\u015f n\u00f6qt\u0259si \u0259ld\u0259 ed\u0259c\u0259k. Turlar g\u00f6r\u00fc\u015f n\u00f6qt\u0259l\u0259rimizd\u0259 ba\u015flay\u0131r v\u0259 bitir.<\/p>\n<h3><em>N\u0259 g\u00f6zl\u0259m\u0259k olar?<\/em><\/h3>\n<p>Obtenga sus boletos para visitar el Parque Nacional Los Haitises con un maravilloso almuerzo en Ca\u00f1o Hondo y Nataci\u00f3n en las piscinas naturales.<\/p>\n<p>Comenzando desde el puerto de Saman\u00e1 a bordo de un bote o catamar\u00e1n con un gu\u00eda tur\u00edstico local, pasamos la bah\u00eda de Saman\u00e1 al lado de Sabana de la Mar para visitar uno de los parques nacionales m\u00e1s bellos de la Rep\u00fablica Dominicana.<\/p>\n<h5>El Parque Nacional\u00a0 Los Haitises.<\/h5>\n<p>Visitando la isla con aves alrededor. En la temporada de anidaci\u00f3n, incluso podemos ver los polluelos de pel\u00edcanos en los nidos. Adentrarse m\u00e1s en las islas rocosas y visitar las cuevas con pictograf\u00edas y petroglifos de los pueblos ind\u00edgenas.<\/p>\n<p>El recorrido, organizado por \u00abBooking Adventures\u00bb, comienza en el punto de encuentro establecido con el gu\u00eda tur\u00edstico. Ven con Booking Adventures y comienza a observar algunos manglares llenos de aves, colinas onduladas de exuberante vegetaci\u00f3n y cuevas del Parque Nacional Los Haitises.<\/p>\n<p>El nombre del parque nacional proviene de sus habitantes originales, los indios ta\u00ednos. En su idioma, \u00abHaitises\u00bb se traduce a tierras altas o colinas, una referencia a las empinadas formaciones geol\u00f3gicas de la costa con calizas. Avent\u00farate en el parque para explorar cuevas como la Cueva de la Arena y la Cueva de la L\u00ednea.<\/p>\n<p>Las cuevas en la reserva fueron utilizadas como refugio por los indios ta\u00ednos y, m\u00e1s tarde, por los piratas escondidos. Busque dibujos de indios que decoran algunas de las paredes.<\/p>\n<p>Despu\u00e9s de visitar el Parque Nacional Los Haitises iremos a Cano Hondo. En Cano Hondo aprender\u00e1 sobre esta historia ecol\u00f3gica y la hora del almuerzo con la comida t\u00edpica de la comunidad de Sabana de la mar.<\/p>\n<p>El almuerzo ser\u00e1 delicioso pero a\u00fan no terminamos. Despu\u00e9s del almuerzo, nadaremos en las piscinas naturales desde el r\u00edo Jibales, un r\u00edo hasta el r\u00edo Ca\u00f1o Hondo. Permaneciendo en Ca\u00f1o Hondo hasta las 4:00 pm y volviendo al puerto de Saman\u00e1, pasaremos nuevamente por los manglares y llegamos a la bah\u00eda abierta de San Lorenzo, desde donde se puede fotografiar el paisaje boscoso escarpado. Mire el agua para ver manat\u00edes, crust\u00e1ceos y delfines.<\/p>\n<p>Hasta el momento en que se establecer\u00e1 con el gu\u00eda tur\u00edstico para despu\u00e9s de esto ir al puerto de Cano Hondo y tomar un bote de regreso al puerto de Saman\u00e1 pasando la bah\u00eda de Saman\u00e1 30 minutos.<\/p>\n<p>Bu s\u0259yah\u0259ti daha \u00e7ox b\u0259y\u0259nirsinizs\u0259, bu se\u00e7iml\u0259rimiz var:<\/p>\n<p>Samana liman\u0131ndan Los Haitises + Cayo Levantado.<\/p>\n<h3><em>N\u0259 g\u0259tirm\u0259lis\u0259n?<\/em><\/h3>\n<ul>\n<li>Kamera<\/li>\n<li>Repelentl\u0259r<\/li>\n<li>g\u00fcn\u0259\u015f kremi<\/li>\n<li>\u015eapka<\/li>\n<li>Rahat \u015falvar<\/li>\n<li>Me\u015f\u0259 g\u0259zinti ayaqqab\u0131lar\u0131<\/li>\n<li>Yaz sah\u0259l\u0259ri \u00fc\u00e7\u00fcn sandaletl\u0259r.<\/li>\n<li>\u00c7im\u0259rlik geyimi<\/li>\n<\/ul>\n<h3><em>Oteld\u0259n g\u00f6t\u00fcr\u00fclm\u0259<\/em><\/h3>\n<p>Bu tur \u00fc\u00e7\u00fcn oteld\u0259n g\u00f6t\u00fcrm\u0259 t\u0259klif edilmir.<\/p>\n<p><strong>Qeyd:<\/strong> Si realiza la reserva dentro de las 24 horas de la hora de salida del tour \/ excursi\u00f3n, podemos organizar la recogida del hotel con cargos adicionales. Una vez que se complete su compra, le enviaremos informaci\u00f3n de contacto completa (n\u00famero de tel\u00e9fono, direcci\u00f3n de correo electr\u00f3nico, etc.) para que nuestro gu\u00eda tur\u00edstico local organice los arreglos de recogida.<\/p>\n<h3>\u018flav\u0259 m\u0259lumatlar\u0131n t\u0259sdiqi<\/h3>\n<ol>\n<li>Biletl\u0259r bu Tur \u00fc\u00e7\u00fcn \u00f6d\u0259ni\u015f edildikd\u0259n sonra q\u0259bzdir. \u00d6d\u0259ni\u015fi telefonunuzda g\u00f6st\u0259r\u0259 bil\u0259rsiniz.<\/li>\n<li>G\u00f6r\u00fc\u015f n\u00f6qt\u0259si rezervasiya prosesind\u0259n sonra al\u0131nacaq.<\/li>\n<li>U\u015faqlar b\u00f6y\u00fckl\u0259r t\u0259r\u0259find\u0259n m\u00fc\u015fayi\u0259t olunmal\u0131d\u0131r.<\/li>\n<li>\u018flil arabas\u0131 \u00fc\u00e7\u00fcn \u0259l\u00e7atan deyil<\/li>\n<li>Los infantes deben sentarse en asientos para beb\u00e9s o con un adulto<\/li>\n<li>Arxa probleml\u0259ri olan s\u0259yah\u0259t\u00e7il\u0259r \u00fc\u00e7\u00fcn t\u00f6vsiy\u0259 edilmir.<\/li>\n<li>Hamil\u0259 qad\u0131nlar \u00fc\u00e7\u00fcn t\u00f6vsiy\u0259 edilmir.<\/li>\n<li>\u00dcr\u0259k problemi v\u0259 ya dig\u0259r ciddi tibbi \u015f\u0259rtl\u0259r yoxdur.<\/li>\n<li>\u018fks\u0259r s\u0259yah\u0259t\u00e7il\u0259r i\u015ftirak ed\u0259 bil\u0259r.<\/li>\n<\/ol>\n<h3><em>L\u0259\u011fv etm\u0259 siyas\u0259ti<\/em><\/h3>\n<p>Tam geri qaytarmaq \u00fc\u00e7\u00fcn t\u0259cr\u00fcb\u0259nin ba\u015flama tarixind\u0259n \u0259n az\u0131 24 saat \u0259vv\u0259l l\u0259\u011fv edin.<\/p>\n\n\t\t<\/div>\n\t<\/div>\n<\/div><\/div><\/div><\/div><div class=\"vc_row wpb_row vc_row-fluid\" ><div class=\"wpb_column vc_column_container vc_col-sm-12\"><div class=\"vc_column-inner\"><div class=\"wpb_wrapper\"><div class=\"vc_empty_space\"   style=\"height: 32px\"><span class=\"vc_empty_space_inner\"><\/span><\/div>\n\t<div class=\"wpb_video_widget wpb_content_element vc_clearfix   vc_video-aspect-ratio-169 vc_video-el-width-100 vc_video-align-left\" >\n\t\t<div class=\"wpb_wrapper\">\n\t\t\t\n\t\t\t<div class=\"wpb_video_wrapper\"><iframe loading=\"lazy\" title=\"Los Haitises Milli Park\u0131, Samana v\u0259 ya Sabana de la Mardan Turlar v\u0259 Ekskursiyalar. Burada rezervasiya edin:\" src=\"https:\/\/player.vimeo.com\/video\/346508015?dnt=1&amp;app_id=122963\" width=\"1100\" height=\"619\" frameborder=\"0\" allow=\"autoplay; fullscreen\" allowfullscreen><\/iframe><\/div>\n\t\t<\/div>\n\t<\/div>\n<\/div><\/div><\/div><\/div><div class=\"vc_row wpb_row vc_row-fluid\" ><div class=\"wpb_column vc_column_container vc_col-sm-12\"><div class=\"vc_column-inner\"><div class=\"wpb_wrapper\"><div class=\"vc_empty_space\"   style=\"height: 32px\"><span class=\"vc_empty_space_inner\"><\/span><\/div>\n\t<div class=\"wpb_text_column wpb_content_element\" >\n\t\t<div class=\"wpb_wrapper\">\n\t\t\t<h4>Biziml\u0259 \u0259laq\u0259 saxlay\u0131n?<\/h4>\n<h5>Mac\u0259ra Rezervasyonlar\u0131<\/h5>\n<p><em>Gu\u00edas tur\u00edsticos<\/em> <em><strong>locales<\/strong><\/em> y <strong><em>nacionales<\/em><\/strong> &amp;<em>\u00a0servicios para hu\u00e9spedes<\/em><\/p>\n<p>Rezervasyonlar: Dom Rep-d\u0259 Turlar v\u0259 Ekskursiyalar.<\/p>\n<p>Tel\/Whatsapp +1-809-720-6035.<\/p>\n<p>info@bookingadventures.com.do<\/p>\n<p>Biz Whatsapp il\u0259 \u00e7evik konfiqurasiyaya malik \u015f\u0259xsi turlar\u0131q: +18097206035.<\/p>\n\n\t\t<\/div>\n\t<\/div>\n<div class=\"vc_empty_space\"   style=\"height: 32px\"><span class=\"vc_empty_space_inner\"><\/span><\/div><\/div><\/div><\/div><\/div>","protected":false},"excerpt":{"rendered":"<p><strong>Z\u0259hm\u0259t olmasa Tur \u00fc\u00e7\u00fcn tarixi se\u00e7in\u00a0<\/strong><\/p>","protected":false},"featured_media":104,"template":"","meta":[],"product_brand":[],"product_cat":[119,96,144,98,135,121,99,122,443,123,124],"product_tag":[126,127,128,145,132,133,146,147,148,143],"class_list":{"0":"post-551","1":"product","2":"type-product","3":"status-publish","4":"has-post-thumbnail","6":"product_cat-caves","7":"product_cat-hiking","8":"product_cat-kayaking","9":"product_cat-local-tour-guides","10":"product_cat-lunch","11":"product_cat-mangroves","12":"product_cat-swimming-natural-springs","13":"product_cat-tours-and-excursions","14":"product_cat-tours-y-excursiones-es","15":"product_cat-tours-excursions-los-haitises-national-park","16":"product_cat-tours-excursions-samana-bay-dominican-republic","17":"product_tag-cano-hondo","18":"product_tag-cano-hondo-hotel","19":"product_tag-cano-hondo-tours","20":"product_tag-day-tour-cano-hondo","21":"product_tag-los-haitises","22":"product_tag-los-haitises-national-park","23":"product_tag-mangroves-los-haitises","24":"product_tag-samana-bay","25":"product_tag-samana-excursions","26":"product_tag-samana-tours","28":"first","29":"instock","30":"sale","31":"sold-individually","32":"shipping-taxable","33":"product-type-external"},"_links":{"self":[{"href":"https:\/\/visitaloshaitises.com\/az\/wp-json\/wp\/v2\/product\/551","targetHints":{"allow":["GET"]}}],"collection":[{"href":"https:\/\/visitaloshaitises.com\/az\/wp-json\/wp\/v2\/product"}],"about":[{"href":"https:\/\/visitaloshaitises.com\/az\/wp-json\/wp\/v2\/types\/product"}],"wp:featuredmedia":[{"embeddable":true,"href":"https:\/\/visitaloshaitises.com\/az\/wp-json\/wp\/v2\/media\/104"}],"wp:attachment":[{"href":"https:\/\/visitaloshaitises.com\/az\/wp-json\/wp\/v2\/media?parent=551"}],"wp:term":[{"taxonomy":"product_brand","embeddable":true,"href":"https:\/\/visitaloshaitises.com\/az\/wp-json\/wp\/v2\/product_brand?post=551"},{"taxonomy":"product_cat","embeddable":true,"href":"https:\/\/visitaloshaitises.com\/az\/wp-json\/wp\/v2\/product_cat?post=551"},{"taxonomy":"product_tag","embeddable":true,"href":"https:\/\/visitaloshaitises.com\/az\/wp-json\/wp\/v2\/product_tag?post=551"}],"curies":[{"name":"wp","href":"https:\/\/api.w.org\/{rel}","templated":true}]}}