{"id":548,"date":"2020-06-15T15:48:44","date_gmt":"2020-06-15T15:48:44","guid":{"rendered":"https:\/\/haitises.com\/?post_type=product&#038;p=548"},"modified":"2024-04-19T15:58:28","modified_gmt":"2024-04-19T15:58:28","slug":"parque-nacional-los-haitises-excursion-de-kayak-y-senderismo","status":"publish","type":"product","link":"https:\/\/visitaloshaitises.com\/az\/oz\u0259l\/parque-nacional-los-haitises-excursion-de-kayak-y-senderismo\/","title":{"rendered":"Los Haitises Milli Park\u0131 Kayak v\u0259 G\u0259zinti ekskursiyas\u0131"},"content":{"rendered":"<div class=\"vc_row wpb_row vc_row-fluid\" ><div class=\"wpb_column vc_column_container vc_col-sm-12\"><div class=\"vc_column-inner\"><div class=\"wpb_wrapper\">\n\t<div class=\"wpb_text_column wpb_content_element\" >\n\t\t<div class=\"wpb_wrapper\">\n\t\t\t<h3>T\u0259svir<\/h3>\n<p>Bu y\u00fcr\u00fcy\u00fc\u015f + kayak mar\u015frutu Ca\u00f1o Hondo \/ Sabana de La Mar liman\u0131ndan ba\u015flay\u0131r. Biz Los Haitises Milli Park\u0131ndak\u0131 Ya\u015f Me\u015f\u0259 il\u0259 t\u0259xmin\u0259n 3 saat g\u0259z\u0259c\u0259yik. Siz bu \u0259razinin d\u0259rman bitkil\u0259ri haqq\u0131nda m\u0259lumat \u0259ld\u0259 ed\u0259c\u0259ksiniz, Los Haitises Milli Park\u0131n\u0131n da\u011flar\u0131nda \u0259sas v\u0259 ikinci d\u0259r\u0259c\u0259li enliyarpaql\u0131 me\u015f\u0259l\u0259r\u0259 baxacaqs\u0131n\u0131z v\u0259 eyni zamanda Eko-t\u0259bii hovuzlar\u0131n sular\u0131n\u0131n axd\u0131\u011f\u0131 yerd\u0259n Jivales \u00e7ay\u0131n\u0131n m\u0259nb\u0259yin\u0259 \u00e7atacaqs\u0131n\u0131z. loja \u00e7\u0131x\u0131r Hondo Ca\u00f1o. Sonra t\u0259hl\u00fck\u0259sizliyiniz \u00fc\u00e7\u00fcn laz\u0131m olan l\u0259vazimatlar\u0131 (xilasedici jiletl\u0259r v\u0259 s.), kayaklar\u0131 g\u00f6t\u00fcr\u00fcb manqralardan ke\u00e7irik. Siz qu\u015flarla dolu b\u0259zi manqrovlar\u0131, sulu ya\u015f\u0131ll\u0131qlar\u0131n yuvarlanan t\u0259p\u0259l\u0259rini g\u00f6r\u0259c\u0259ksiniz. Manqrovlar v\u0259 San Lorenzonun a\u00e7\u0131q k\u00f6rf\u0259zind\u0259ki torpaq vasit\u0259sil\u0259, buradan g\u00f6z\u0259l me\u015f\u0259 m\u0259nz\u0259r\u0259sini \u00e7\u0259k\u0259 bil\u0259rsiniz.<\/p>\n<p>Bu t\u0259cr\u00fcb\u0259d\u0259n sonra siz Cano Hondo v\u0259 ya Sabana de la mar-a qay\u0131dacaqs\u0131n\u0131z.<\/p>\n<ul>\n<li>Vergil\u0259r daxildir<\/li>\n<li>Los Haitises Milli Park\u0131na ekskursiya<\/li>\n<li>B\u0259l\u0259d\u00e7i t\u0259limat v\u0259 n\u0259zar\u0259ti t\u0259min edir.<\/li>\n<\/ul>\n<h3>Daxiletm\u0259l\u0259r v\u0259 istisnalar<\/h3>\n<h4>Daxiletm\u0259l\u0259r<\/h4>\n<ol>\n<li>Los Haitises Milli Park\u0131<\/li>\n<li>G\u0259zinti + Kayak<\/li>\n<li>B\u00fct\u00fcn vergil\u0259r, r\u00fcsumlar v\u0259 \u0259m\u0259liyyat x\u0259rcl\u0259ri.<\/li>\n<li>Yerli vergil\u0259r<\/li>\n<li>\u0130\u00e7kil\u0259r<\/li>\n<li>B\u00fct\u00fcn f\u0259aliyy\u0259tl\u0259r<\/li>\n<li>Yerli b\u0259l\u0259d\u00e7i<\/li>\n<\/ol>\n<h4>\u0130stisnalar<\/h4>\n<ol>\n<li>M\u0259sl\u0259h\u0259tl\u0259r<\/li>\n<li>N\u0259qliyyat<\/li>\n<li>Nahar<\/li>\n<li>Spirtli i\u00e7kil\u0259r<\/li>\n<\/ol>\n<h3><em>Gedi\u015f v\u0259 d\u00f6n\u00fc\u015f<\/em><\/h3>\n<p>S\u0259yyah rezervasiya prosesind\u0259n sonra g\u00f6r\u00fc\u015f n\u00f6qt\u0259si \u0259ld\u0259 ed\u0259c\u0259k. Turlar g\u00f6r\u00fc\u015f n\u00f6qt\u0259l\u0259rimizd\u0259 ba\u015flay\u0131r v\u0259 bitir.<\/p>\n<h2>G\u0259zinti + Kayak Los Haitises Milli Park\u0131<\/h2>\n<h3><em>N\u0259 g\u00f6zl\u0259m\u0259k olar?<\/em><\/h3>\n<p>El nombre del parque nacional proviene de sus habitantes originales, los indios ta\u00ednos. En su idioma, \u00abHaitises\u00bb se traduce en tierras altas o colinas, una referencia a las empinadas formaciones geol\u00f3gicas de la costa con calizas. La actividad en Kayak es de 2 horas.<\/p>\n<p>Aprender sobre la historia y la naturaleza con gu\u00edas tur\u00edsticos locales que crecen como protectores y voluntarios ambientales dentro de esta \u00e1rea del proyecto. El recorrido, organizado por \u00abBooking Adventures\u00bb comienza en el punto de encuentro establecido con el gu\u00eda tur\u00edstico.<\/p>\n<p>Tarlalar v\u0259 \u0259kin sah\u0259l\u0259ri il\u0259 ilkin g\u0259zintid\u0259n sonra kokos v\u0259 Kakao me\u015f\u0259si il\u0259 g\u0259zm\u0259y\u0259 ba\u015flayacaqs\u0131n\u0131z. Los Haitises Milli Park\u0131 daxilind\u0259 \u0259sas v\u0259 unikal me\u015f\u0259 sah\u0259si daxilind\u0259 h\u0259r d\u0259qiq\u0259 olun. Booking Adventures il\u0259 g\u0259lin v\u0259 qu\u015flar\u0131n, m\u0259m\u0259lil\u0259rin v\u0259 bitkil\u0259rin b\u0259zi endemik n\u00f6vl\u0259rini, sulu bitki \u00f6rt\u00fcy\u00fcn\u00fcn yuvarlanan t\u0259p\u0259l\u0259rini v\u0259 Los Haitises Milli Park\u0131n\u0131n ma\u011faralar\u0131n\u0131 g\u00f6rm\u0259y\u0259 ba\u015flay\u0131n.<\/p>\n<p>El nombre del parque nacional proviene de sus habitantes originales, los indios ta\u00ednos. En su idioma, \u00abHaitises\u00bb se traduce en tierras altas o colinas, una referencia a las empinadas formaciones geol\u00f3gicas de la costa con calizas. Avent\u00farate en el parque para explorar cuevas como la Cueva de la Arena y la Cueva de la L\u00ednea. Puede combinar el recorrido en barco con el viaje de senderismo. Solo cont\u00e1ctenos.<\/p>\n<p>Qoruqdak\u0131 ma\u011faralar Taino hindular\u0131, daha sonra is\u0259 gizli d\u0259niz quldurlar\u0131 t\u0259r\u0259find\u0259n s\u0131\u011f\u0131nacaq kimi istifad\u0259 edilmi\u015fdir. B\u0259zi divarlar\u0131 b\u0259z\u0259y\u0259n hindlil\u0259rin r\u0259sml\u0259rin\u0259 bax\u0131n. Ya\u011f\u0131\u015f me\u015f\u0259sind\u0259 700-d\u0259n \u00e7ox bitki n\u00f6v\u00fc var, biz bu g\u0259zinti mar\u015frutu \u00fczr\u0259 bildiyimiz b\u00fct\u00fcn d\u0259rman bitkil\u0259ri haqq\u0131nda ziyar\u0259t\u00e7il\u0259r\u0259 \u00f6yr\u0259tm\u0259y\u0259 \u00e7al\u0131\u015f\u0131r\u0131q.<\/p>\n<p>G\u0259lin \u00f6yr\u0259nin, g\u0259zintiy\u0259 \u00e7\u0131x\u0131n v\u0259 Los Haitises Milli Park\u0131n\u0131n \u0259sl t\u0259bi\u0259tind\u0259n h\u0259zz al\u0131n.<\/p>\n<h3><em>N\u0259 g\u0259tirm\u0259lis\u0259n?<\/em><\/h3>\n<ul>\n<li>Kamera<\/li>\n<li>Repelentl\u0259r<\/li>\n<li>G\u00fcn\u0259\u015f kremi<\/li>\n<li>\u015eapka<\/li>\n<li>Rahat \u015falvar<\/li>\n<li>Me\u015f\u0259 g\u0259zinti ayaqqab\u0131lar\u0131<\/li>\n<li>Yaz sah\u0259l\u0259ri \u00fc\u00e7\u00fcn sandaletl\u0259r.<\/li>\n<li>\u00c7im\u0259rlik geyimi<\/li>\n<\/ul>\n<h3><em>Oteld\u0259n g\u00f6t\u00fcr\u00fclm\u0259<\/em><\/h3>\n<p>Bu tur \u00fc\u00e7\u00fcn oteld\u0259n g\u00f6t\u00fcrm\u0259 t\u0259klif edilmir. Yaln\u0131z Cano Hondo otelind\u0259 v\u0259 ya Sabana de la Mar \u0259razisind\u0259ki otell\u0259rd\u0259 olsan\u0131z.<\/p>\n<p><strong>Qeyd<\/strong>: \u018fg\u0259r tur\/ekskursiya yola d\u00fc\u015fm\u0259 vaxt\u0131ndan sonra 24 saat \u0259rzind\u0259 rezervasiya ets\u0259niz, biz Dominikan Respublikas\u0131n\u0131n ist\u0259nil\u0259n yerind\u0259n \u0259lav\u0259 \u00f6d\u0259ni\u015fl\u0259 oteld\u0259n g\u00f6t\u00fcr\u00fclm\u0259 t\u0259\u015fkil ed\u0259 bil\u0259rik. Al\u0131\u015f-veri\u015finiz ba\u015fa \u00e7atd\u0131qdan sonra, g\u00f6t\u00fcrm\u0259 t\u0259nziml\u0259m\u0259l\u0259rini t\u0259\u015fkil etm\u0259k \u00fc\u00e7\u00fcn siz\u0259 yerli tur b\u0259l\u0259d\u00e7imiz \u00fc\u00e7\u00fcn tam \u0259laq\u0259 m\u0259lumat\u0131 (telefon n\u00f6mr\u0259si, e-po\u00e7t \u00fcnvan\u0131 v\u0259 s.) g\u00f6nd\u0259r\u0259c\u0259yik.<\/p>\n<h3><em>\u018flav\u0259 m\u0259lumatlar\u0131n t\u0259sdiqi<\/em><\/h3>\n<ol>\n<li>Biletl\u0259r bu Tur \u00fc\u00e7\u00fcn \u00f6d\u0259ni\u015f edildikd\u0259n sonra q\u0259bzdir. \u00d6d\u0259ni\u015fi telefonunuzda g\u00f6st\u0259r\u0259 bil\u0259rsiniz.<\/li>\n<li>G\u00f6r\u00fc\u015f n\u00f6qt\u0259si rezervasiya prosesind\u0259n sonra al\u0131nacaq.<\/li>\n<li>U\u015faqlar b\u00f6y\u00fckl\u0259r t\u0259r\u0259find\u0259n m\u00fc\u015fayi\u0259t olunmal\u0131d\u0131r.<\/li>\n<li>\u018flil arabas\u0131 \u00fc\u00e7\u00fcn \u0259l\u00e7atan deyil<\/li>\n<li>K\u00f6rp\u0259l\u0259r u\u015faq oturacaqlar\u0131nda v\u0259 ya valideynl\u0259ri il\u0259 oturmal\u0131d\u0131rlar<\/li>\n<li>Arxa probleml\u0259ri olan s\u0259yah\u0259t\u00e7il\u0259r \u00fc\u00e7\u00fcn t\u00f6vsiy\u0259 edilmir.<\/li>\n<li>Hamil\u0259 qad\u0131nlar \u00fc\u00e7\u00fcn t\u00f6vsiy\u0259 edilmir.<\/li>\n<li>\u00dcr\u0259k problemi v\u0259 ya dig\u0259r ciddi tibbi \u015f\u0259rtl\u0259r yoxdur.<\/li>\n<li>\u018fks\u0259r s\u0259yah\u0259t\u00e7il\u0259r i\u015ftirak ed\u0259 bil\u0259r.<\/li>\n<\/ol>\n<h3><em>L\u0259\u011fv etm\u0259 siyas\u0259ti<\/em><\/h3>\n<p>Tam geri qaytarmaq \u00fc\u00e7\u00fcn t\u0259cr\u00fcb\u0259nin ba\u015flama tarixind\u0259n \u0259n az\u0131 24 saat \u0259vv\u0259l l\u0259\u011fv edin. Rezervasiya s\u0259yah\u0259tin eyni g\u00fcn\u00fcnd\u0259 l\u0259\u011fv edil\u0259rs\u0259, v\u0259sait itiril\u0259c\u0259k.<\/p>\n<h2>Ya\u011f\u0131\u015f me\u015f\u0259l\u0259rind\u0259 g\u0259zinti v\u0259 kayak<br \/>\nG\u0259zinti + Kayak Los Haitises Milli Park\u0131<\/h2>\n<p>Bu t\u0259cr\u00fcb\u0259 minimum 2 i\u015ftirak\u00e7\u0131 t\u0259l\u0259b edir. \u018fg\u0259r 2 ya\u015f\u0131n\u0131z yoxdursa, z\u0259hm\u0259t olmasa biziml\u0259 \u0259laq\u0259 saxlay\u0131n!<\/p>\n<h3>Biziml\u0259 \u0259laq\u0259 saxlay\u0131n?<\/h3>\n<p><em>Rezervasiya mac\u0259ralar\u0131<\/em><br \/>\nYerli v\u0259 milli tur b\u0259l\u0259d\u00e7il\u0259ri v\u0259 qonaq xidm\u0259tl\u0259ri<\/p>\n<p>Rezervasyonlar: Dom.Reps-d\u0259 Turlar v\u0259 Ekskursiyalar.<\/p>\n<p>\ud83d\udcde Tel\/Whatsapp +1-809-720-6035.<\/p>\n<p>\ud83d\udce9 info@bookingadventures.com.do<\/p>\n<p>Biz Whatsapp il\u0259 \u00e7evik konfiqurasiyaya malik \u015f\u0259xsi turlar\u0131q: +18097206035.<\/p>\n\n\t\t<\/div>\n\t<\/div>\n<\/div><\/div><\/div><\/div>","protected":false},"excerpt":{"rendered":"<p>Sabana de la mardan yerli b\u0259l\u0259d\u00e7i il\u0259 Los Haitises Milli Park\u0131ndak\u0131 manqrovlarda 3 saatl\u0131q g\u0259zinti v\u0259 kayak. Ya\u011f\u0131\u015f me\u015f\u0259l\u0259ri, kokos, q\u0259hv\u0259 v\u0259 kakao sah\u0259l\u0259rini ziyar\u0259t etm\u0259k. Los Haitises Milli Park\u0131n\u0131n orijinal tarixi haqq\u0131nda m\u0259lumat \u0259ld\u0259 edin.<\/p>\n<p><strong>G\u0259zinti \u00fc\u00e7\u00fcn tarixi se\u00e7in:<\/strong><\/p>","protected":false},"featured_media":515,"template":"","meta":[],"product_brand":[],"product_cat":[356,96,443,123,124],"product_tag":[341,206,129,130,412,413,221,414,415,152,153,198,133,416,215,217,417,223,114,418,148,143,419],"class_list":{"0":"post-548","1":"product","2":"type-product","3":"status-publish","4":"has-post-thumbnail","6":"product_cat-day-trips","7":"product_cat-hiking","8":"product_cat-tours-y-excursiones-es","9":"product_cat-tours-excursions-los-haitises-national-park","10":"product_cat-tours-excursions-samana-bay-dominican-republic","11":"product_tag-cano-hondo-sabana-de-la-mar","12":"product_tag-caves-los-haitises","13":"product_tag-eco-tours","14":"product_tag-excursion","15":"product_tag-hike-kayak","16":"product_tag-hike-kayak-los-haitises-national-park","17":"product_tag-hiking-los-haitises","18":"product_tag-hiking-sabana-de-la-mar","19":"product_tag-hiking-samana","20":"product_tag-kayak-tour","21":"product_tag-kayaking","22":"product_tag-kayaking-los-haitises","23":"product_tag-los-haitises-national-park","24":"product_tag-los-haitises-national-park-entrance-fee","25":"product_tag-los-haitises-national-park-tour-from-las-terrenas","26":"product_tag-los-haitises-national-park-tour-from-santo-domingo","27":"product_tag-los-haitises-national-park-weather","28":"product_tag-los-haitises-sabana-de-la-mar","29":"product_tag-sabana-de-la-mar","30":"product_tag-sabana-de-la-mar-tour","31":"product_tag-samana-excursions","32":"product_tag-samana-tours","33":"product_tag-secrets-of-los-haitises","35":"first","36":"instock","37":"sale","38":"sold-individually","39":"shipping-taxable","40":"product-type-external"},"_links":{"self":[{"href":"https:\/\/visitaloshaitises.com\/az\/wp-json\/wp\/v2\/product\/548","targetHints":{"allow":["GET"]}}],"collection":[{"href":"https:\/\/visitaloshaitises.com\/az\/wp-json\/wp\/v2\/product"}],"about":[{"href":"https:\/\/visitaloshaitises.com\/az\/wp-json\/wp\/v2\/types\/product"}],"wp:featuredmedia":[{"embeddable":true,"href":"https:\/\/visitaloshaitises.com\/az\/wp-json\/wp\/v2\/media\/515"}],"wp:attachment":[{"href":"https:\/\/visitaloshaitises.com\/az\/wp-json\/wp\/v2\/media?parent=548"}],"wp:term":[{"taxonomy":"product_brand","embeddable":true,"href":"https:\/\/visitaloshaitises.com\/az\/wp-json\/wp\/v2\/product_brand?post=548"},{"taxonomy":"product_cat","embeddable":true,"href":"https:\/\/visitaloshaitises.com\/az\/wp-json\/wp\/v2\/product_cat?post=548"},{"taxonomy":"product_tag","embeddable":true,"href":"https:\/\/visitaloshaitises.com\/az\/wp-json\/wp\/v2\/product_tag?post=548"}],"curies":[{"name":"wp","href":"https:\/\/api.w.org\/{rel}","templated":true}]}}