{"id":52,"date":"2020-06-14T11:56:47","date_gmt":"2020-06-14T11:56:47","guid":{"rendered":"https:\/\/haitises.com\/product\/import-placeholder-for-8982\/"},"modified":"2024-04-23T17:29:24","modified_gmt":"2024-04-23T17:29:24","slug":"saona-island-tour-from-punta-cana-natural-pool-excursion","status":"publish","type":"product","link":"https:\/\/visitaloshaitises.com\/az\/private\/saona-island-tour-from-punta-cana-natural-pool-excursion\/","title":{"rendered":"Saona Island Tour from Punta Cana &#8211; Natural Pool Excursion"},"content":{"rendered":"<div class=\"vc_row wpb_row vc_row-fluid\" ><div class=\"wpb_column vc_column_container vc_col-sm-12\"><div class=\"vc_column-inner\"><div class=\"wpb_wrapper\"><div class=\"mkdf-section-title-holder\" style=\"text-align: left\">\n\t<div class=\"mkdf-st-inner\">\n\t\t\t\t\t<h5 class=\"mkdf-st-subtitle\" >\n\t\t\t\tFrom Punta Cana Hotels\t\t\t<\/h5>\n\t\t\t\t\t\t\t<h3 class=\"mkdf-st-title\" >\n\t\t\t\tSaona Island Tour from Punta Cana - Natural Pool Excursion\t\t\t<\/h3>\n\t\t\t\t\t\t\t<p class=\"mkdf-st-text\" >\n\t\t\t\tNote: This tour starts at 7: 00 am Depending where is the Pickup Hotels Time may Change. Extras cost for Pick up in Areas not listed in Our Description.\t\t\t<\/p>\n\t\t\t<\/div>\n<\/div><\/div><\/div><\/div><\/div><div class=\"vc_row wpb_row vc_row-fluid\" ><div class=\"wpb_column vc_column_container vc_col-sm-12\"><div class=\"vc_column-inner\"><div class=\"wpb_wrapper\"><div class=\"vc_empty_space\"   style=\"height: 32px\"><span class=\"vc_empty_space_inner\"><\/span><\/div><\/div><\/div><\/div><\/div><div class=\"vc_row wpb_row vc_row-fluid\" ><div class=\"wpb_column vc_column_container vc_col-sm-12\"><div class=\"vc_column-inner\"><div class=\"wpb_wrapper\">\n\t<div class=\"wpb_text_column wpb_content_element\" >\n\t\t<div class=\"wpb_wrapper\">\n\t\t\t<h4><b><i>\u00dcmumi bax\u0131\u015f <\/i><\/b><\/h4>\n<div>\n<div>\n<div>This excursion takes you to the beaches of Isla Saona from Punta Cana in a Bus to Bayahibe Community, lunch on the island and stops at the natural pools of Saona. Enjoying the beautiful coast of the southeast of the Dominican Republic, where after taking the boat \u00abCatamaran\u00bb you will sail on the coast observing the different beaches, landscapes, mangroves and limestone formations.<\/div>\n<div><\/div>\n<\/div>\n<\/div>\n<div>\n<div>\n<div>To get to the island it takes around 45 minutes and during the tour you have the possibility to see Mano Juan, the only community established on the island, in this same place you have the possibility of lunch, in case you do not get to Mano Juan, you will visit unique beaches in the area and lunch will happen by the beach you will also have the chance to snorkel in at the island.<\/div>\n<\/div>\n<\/div>\n<div>\n<div>\n<div>On your way back there is one last stop at natural pools another of the majestic places of Isla Saona you will enjoy one hour before returning to the community of Bayahibe.<\/div>\n<\/div>\n<\/div>\n<ul>\n<li style=\"font-weight: 400;\"><span style=\"font-weight: 400;\">Includes buffet lunch on the beach<\/span><\/li>\n<li>Bus Tour From Punta Cana<\/li>\n<li>Natural pool<\/li>\n<li>Boat or Catamaran Transfer<\/li>\n<li style=\"font-weight: 400;\"><span style=\"font-weight: 400;\">The Captain provides instruction and Supervision<\/span><\/li>\n<\/ul>\n<p>&nbsp;<\/p>\n<h4><b>Daxil v\u0259 \u0130stisnalar<\/b><\/h4>\n<p>&nbsp;<\/p>\n<p><b>Daxiletm\u0259l\u0259r<\/b><\/p>\n<ol>\n<li>Boat or Catamaran trip<\/li>\n<li style=\"font-weight: 400;\"><span style=\"font-weight: 400;\">\u00c7im\u0259rlikd\u0259 nahar bufeti<\/span><\/li>\n<li>Natural pool<\/li>\n<li style=\"font-weight: 400;\"><span style=\"font-weight: 400;\">B\u00fct\u00fcn vergil\u0259r, r\u00fcsumlar v\u0259 \u0259m\u0259liyyat x\u0259rcl\u0259ri<\/span><\/li>\n<li style=\"font-weight: 400;\"><span style=\"font-weight: 400;\">Yerli vergil\u0259r<\/span><\/li>\n<li style=\"font-weight: 400;\"><span style=\"font-weight: 400;\">\u0130\u00e7kil\u0259r<\/span><\/li>\n<\/ol>\n<p><b> \u0130stisnalar<\/b><\/p>\n<ol>\n<li style=\"font-weight: 400;\"><span style=\"font-weight: 400;\">H\u0259diyy\u0259l\u0259r<\/span><\/li>\n<li style=\"font-weight: 400;\"><span style=\"font-weight: 400;\">Transfer Ma\u015f\u0131n\u0131<\/span><\/li>\n<li>Local Guide<\/li>\n<\/ol>\n<p>&nbsp;<\/p>\n<h4><em><strong>Gedi\u015f v\u0259 Qay\u0131d\u0131\u015f<\/strong><\/em><\/h4>\n<p><span style=\"font-weight: 400;\">Rezervasiya prosesind\u0259n sonra s\u0259yah\u0259t\u00e7i g\u00f6r\u00fc\u015f n\u00f6qt\u0259si \u0259ld\u0259 ed\u0259c\u0259k. Turlar g\u00f6r\u00fc\u015f n\u00f6qt\u0259l\u0259rimizd\u0259 ba\u015flay\u0131r v\u0259 bitir.<\/span><\/p>\n<p>&nbsp;<\/p>\n<h4><b><i>N\u0259 g\u00f6zl\u0259m\u0259k olar?<\/i><\/b><\/h4>\n<p>&nbsp;<\/p>\n<p><em><strong>Biletl\u0259rinizi al\u0131n<\/strong><\/em> fora day pass in Saona island (Isla Saona) in Bayahibe starting from Punta Cana plus a wonderful lunch and beach time.<\/p>\n<p><span style=\"font-weight: 400;\">The Daypass, organized by \u00abBooking Adventures\u00bb starts at the meeting point set with the Tour Guide. Transportation and <\/span>Lunch at the beach and you can stay as long as you want swimming around.<\/p>\n<p>If you are Vegan we also can set some food for you!<\/p>\n<p><strong>C\u0259dv\u0259l:<\/strong><\/p>\n<p>7:00 AM &#8211; 7:00 PM&#8230; Time change depending on were in Punta Cana you are located.<\/p>\n<p>&nbsp;<\/p>\n<h4><em><strong>N\u0259 g\u0259tirm\u0259lis\u0259n?<\/strong><\/em><\/h4>\n<ul>\n<li style=\"font-weight: 400;\"><span style=\"font-weight: 400;\">kamera<\/span><\/li>\n<li style=\"font-weight: 400;\"><span style=\"font-weight: 400;\">Qoruyucu q\u00f6n\u00e7\u0259l\u0259r<\/span><\/li>\n<li style=\"font-weight: 400;\"><span style=\"font-weight: 400;\">g\u00fcn\u0259\u015f kremi<\/span><\/li>\n<li style=\"font-weight: 400;\"><span style=\"font-weight: 400;\">\u015eapka<\/span><\/li>\n<li style=\"font-weight: 400;\"><span style=\"font-weight: 400;\">Rahat \u015falvar<\/span><\/li>\n<li style=\"font-weight: 400;\"><span style=\"font-weight: 400;\">Me\u015f\u0259 \u00fc\u00e7\u00fcn g\u0259zinti ayaqqab\u0131lar\u0131<\/span><\/li>\n<li style=\"font-weight: 400;\"><span style=\"font-weight: 400;\">\u00c7im\u0259rliy\u0259 sandal<\/span><\/li>\n<li style=\"font-weight: 400;\"><span style=\"font-weight: 400;\">\u00dczg\u00fc\u00e7\u00fcl\u00fck geyimi<\/span><\/li>\n<li>Suvenirl\u0259r \u00fc\u00e7\u00fcn na\u011fd pul<\/li>\n<\/ul>\n<p>&nbsp;<\/p>\n<h4><b><i>Oteld\u0259n g\u00f6t\u00fcr\u00fclm\u0259 <\/i><\/b><\/h4>\n<p><span style=\"font-weight: 400;\">Traveler pickup is offered!<\/span><\/p>\n<p><span style=\"font-weight: 400;\">We do pick up from all the Hotels in Punta Cana. Pick up Location is Hotel Lobby<br \/>\nIf you are staying at a condo in the area, we will be picking you up at the condo or at the entrance of the closest resort.. We set Pick up contacting us by Whatsapp.<\/span><\/p>\n<p><b>Qeyd:<\/b><span style=\"font-weight: 400;\"> \u018fg\u0259r siz tur\/ekskursiyan\u0131n gedi\u015f vaxt\u0131ndan sonra 24 saat \u0259rzind\u0259 bron ets\u0259niz, biz oteld\u0259n g\u00f6t\u00fcr\u00fclm\u0259 t\u0259\u015fkil ed\u0259 bil\u0259rik. Al\u0131\u015f-veri\u015finiz tamamland\u0131qdan sonra g\u00f6t\u00fcrm\u0259 t\u0259dbirl\u0259rini t\u0259\u015fkil etm\u0259k \u00fc\u00e7\u00fcn yerli Tur b\u0259l\u0259d\u00e7imiz \u00fc\u00e7\u00fcn siz\u0259 tam \u0259laq\u0259 m\u0259lumat\u0131 (telefon n\u00f6mr\u0259si, e-po\u00e7t \u00fcnvan\u0131 v\u0259 s.) g\u00f6nd\u0259r\u0259c\u0259yik.<\/span><\/p>\n<h4><b><i>\u018flav\u0259 m\u0259lumat\u0131n t\u0259sdiqi <\/i><\/b><\/h4>\n<ol>\n<li>Biletl\u0259r bu Turu \u00f6d\u0259dikd\u0259n sonra q\u0259bzdir. \u00d6d\u0259ni\u015fi telefonunuzda g\u00f6st\u0259r\u0259 bil\u0259rsiniz.<\/li>\n<li style=\"font-weight: 400;\"><span style=\"font-weight: 400;\">G\u00f6r\u00fc\u015f N\u00f6qt\u0259si Rezervasiya Prosesind\u0259n sonra al\u0131nacaq.<\/span><\/li>\n<li style=\"font-weight: 400;\"><span style=\"font-weight: 400;\">U\u015faqlar b\u00f6y\u00fckl\u0259r t\u0259r\u0259find\u0259n m\u00fc\u015fayi\u0259t olunmal\u0131d\u0131r.<\/span><\/li>\n<li style=\"font-weight: 400;\"><span style=\"font-weight: 400;\">\u0259lil arabas\u0131 \u0259l\u00e7atand\u0131r <\/span><\/li>\n<li style=\"font-weight: 400;\"><span style=\"font-weight: 400;\">K\u00f6rp\u0259l\u0259r quca\u011f\u0131nda oturmal\u0131d\u0131rlar <\/span><\/li>\n<li style=\"font-weight: 400;\"><span style=\"font-weight: 400;\">\u018fks\u0259r s\u0259yah\u0259t\u00e7il\u0259r i\u015ftirak ed\u0259 bil\u0259r<\/span><\/li>\n<\/ol>\n<h4><b><i>L\u0259\u011fv Siyas\u0259ti<\/i><\/b><\/h4>\n<p><span style=\"font-weight: 400;\">Tam geri qaytarmaq \u00fc\u00e7\u00fcn t\u0259cr\u00fcb\u0259nin ba\u015flama tarixind\u0259n \u0259n az\u0131 24 saat \u0259vv\u0259l l\u0259\u011fv edin.<\/span><\/p>\n\n\t\t<\/div>\n\t<\/div>\n<\/div><\/div><\/div><\/div><div class=\"vc_row wpb_row vc_row-fluid\" ><div class=\"wpb_column vc_column_container vc_col-sm-12\"><div class=\"vc_column-inner\"><div class=\"wpb_wrapper\">\n\t<div class=\"wpb_text_column wpb_content_element\" >\n\t\t<div class=\"wpb_wrapper\">\n\t\t\t<h4>Biziml\u0259 \u0259laq\u0259 saxlay\u0131n?<\/h4>\n<h5><em><strong>Rezervasiya mac\u0259ralar\u0131<\/strong><\/em><\/h5>\n<p><em><strong>Yerlil\u0259r<\/strong> v\u0259 <strong>Millil\u0259r<\/strong> Tur B\u0259l\u0259d\u00e7il\u0259ri v\u0259 Qonaq Xidm\u0259tl\u0259ri<\/em><\/p>\n<p><span class=\"text-turquoise\">Rezervasyonlar:<\/span> Dom Rep-d\u0259 Turlar v\u0259 Ekskursiyalar<\/p>\n\n\t\t<\/div>\n\t<\/div>\n<\/div><\/div><\/div><\/div><div class=\"vc_row wpb_row vc_row-fluid\" ><div class=\"wpb_column vc_column_container vc_col-sm-12\"><div class=\"vc_column-inner\"><div class=\"wpb_wrapper\"><div class=\"vc_empty_space\"   style=\"height: 32px\"><span class=\"vc_empty_space_inner\"><\/span><\/div>\n\t<div class=\"wpb_video_widget wpb_content_element vc_clearfix   vc_video-aspect-ratio-169 vc_video-el-width-100 vc_video-align-left\" >\n\t\t<div class=\"wpb_wrapper\">\n\t\t\t<h2 class=\"wpb_heading wpb_video_heading\">Saona Island Tours &amp; Excursions Video:<\/h2>\n\t\t\t<div class=\"wpb_video_wrapper\"><iframe loading=\"lazy\" title=\"Saola Island Full day by Booking Adventures, Travel Dominican Republic\" width=\"1100\" height=\"619\" src=\"https:\/\/www.youtube.com\/embed\/sas91N4zMHo?feature=oembed\" frameborder=\"0\" allow=\"accelerometer; autoplay; encrypted-media; gyroscope; picture-in-picture\" allowfullscreen><\/iframe><\/div>\n\t\t<\/div>\n\t<\/div>\n<div class=\"vc_empty_space\"   style=\"height: 32px\"><span class=\"vc_empty_space_inner\"><\/span><\/div><\/div><\/div><\/div><\/div><div class=\"vc_row wpb_row vc_row-fluid\" ><div class=\"wpb_column vc_column_container vc_col-sm-12\"><div class=\"vc_column-inner\"><div class=\"wpb_wrapper\"><div class=\"vc_empty_space\"   style=\"height: 32px\"><span class=\"vc_empty_space_inner\"><\/span><\/div>\n\t<div class=\"wpb_text_column wpb_content_element\" >\n\t\t<div class=\"wpb_wrapper\">\n\t\t\t<h4>Biziml\u0259 \u0259laq\u0259 saxlay\u0131n?<\/h4>\n<h5>Rezervasiya mac\u0259ralar\u0131<\/h5>\n<p><em><strong>Yerlil\u0259r<\/strong>\u00a0v\u0259\u00a0<strong>Millil\u0259r<\/strong>\u00a0Tur B\u0259l\u0259d\u00e7il\u0259ri v\u0259 Qonaq Xidm\u0259tl\u0259ri<\/em><\/p>\n<p><span class=\"text-turquoise\">Rezervasyonlar:<\/span>\u00a0Dom Rep-d\u0259 Turlar v\u0259 Ekskursiyalar<\/p>\n<p><img decoding=\"async\" class=\"emoji\" draggable=\"false\" src=\"https:\/\/s.w.org\/images\/core\/emoji\/11.2.0\/svg\/1f4de.svg\" alt=\"\ud83d\udcde\" \/>\u00a0Tel\/Whatsapp\u00a0\u00a0<a href=\"tel:+1-809-720-6035\">+1-809-720-6035<\/a>.<\/p>\n<p><img decoding=\"async\" class=\"emoji\" draggable=\"false\" src=\"https:\/\/s.w.org\/images\/core\/emoji\/11.2.0\/svg\/1f4e9.svg\" alt=\"\ud83d\udce9\" \/>\u00a0<a href=\"mailto:info@bookingadventures.com.do\">info@bookingadventures.com.do<\/a><\/p>\n<p><strong>Biz Whatsapp il\u0259 \u00c7evik Qura\u015fd\u0131rma \u015e\u0259xsi Turlar\u0131q:\u00a0<a href=\"tel:+18097206035\">+18097206035.<\/a><\/strong><\/p>\n\n\t\t<\/div>\n\t<\/div>\n<div class=\"vc_empty_space\"   style=\"height: 32px\"><span class=\"vc_empty_space_inner\"><\/span><\/div><\/div><\/div><\/div><\/div>","protected":false},"excerpt":{"rendered":"<p>A day pass to Saona island from Bayahibe port. Lunch and Natural swimming pools included. In case of need transfer from any part of the Dominican Republic. Just Contact us and let&#8217;s have the best experience at Saona Island.<\/p>\n<p>&nbsp;<\/p>\n<p><em><strong>Z\u0259hm\u0259t olmasa Tur \u00fc\u00e7\u00fcn tarixi se\u00e7in\u00a0<\/strong><\/em><\/p>","protected":false},"featured_media":159,"template":"","meta":[],"product_brand":[],"product_cat":[227,164,122],"product_tag":[165,166,167,168,169,141,228,170,229,171,172,173,230,231,174,175],"class_list":{"0":"post-52","1":"product","2":"type-product","3":"status-publish","4":"has-post-thumbnail","6":"product_cat-saona-island","7":"product_cat-saona-island-tour-excursion","8":"product_cat-tours-and-excursions","9":"product_tag-all-inclusive-trip-to-saona-island-by-speedboat-catamaran","10":"product_tag-bayahibe","11":"product_tag-catamaran","12":"product_tag-how-to-get-to-saona-island","13":"product_tag-isla-saona","14":"product_tag-punta-cana","15":"product_tag-punta-cana-tours","16":"product_tag-saona","17":"product_tag-saona-from-punta-cana","18":"product_tag-saona-island","19":"product_tag-saona-island-excursion","20":"product_tag-saona-island-hotels","21":"product_tag-saona-island-natural-pool","22":"product_tag-saona-island-private-tour","23":"product_tag-saona-island-snorkeling","24":"product_tag-saona-island-tour","26":"first","27":"instock","28":"sale","29":"featured","30":"sold-individually","31":"shipping-taxable","32":"product-type-external"},"_links":{"self":[{"href":"https:\/\/visitaloshaitises.com\/az\/wp-json\/wp\/v2\/product\/52","targetHints":{"allow":["GET"]}}],"collection":[{"href":"https:\/\/visitaloshaitises.com\/az\/wp-json\/wp\/v2\/product"}],"about":[{"href":"https:\/\/visitaloshaitises.com\/az\/wp-json\/wp\/v2\/types\/product"}],"wp:featuredmedia":[{"embeddable":true,"href":"https:\/\/visitaloshaitises.com\/az\/wp-json\/wp\/v2\/media\/159"}],"wp:attachment":[{"href":"https:\/\/visitaloshaitises.com\/az\/wp-json\/wp\/v2\/media?parent=52"}],"wp:term":[{"taxonomy":"product_brand","embeddable":true,"href":"https:\/\/visitaloshaitises.com\/az\/wp-json\/wp\/v2\/product_brand?post=52"},{"taxonomy":"product_cat","embeddable":true,"href":"https:\/\/visitaloshaitises.com\/az\/wp-json\/wp\/v2\/product_cat?post=52"},{"taxonomy":"product_tag","embeddable":true,"href":"https:\/\/visitaloshaitises.com\/az\/wp-json\/wp\/v2\/product_tag?post=52"}],"curies":[{"name":"wp","href":"https:\/\/api.w.org\/{rel}","templated":true}]}}