{"id":551,"date":"2020-06-19T20:10:32","date_gmt":"2020-06-19T20:10:32","guid":{"rendered":"https:\/\/haitises.com\/?post_type=product&#038;p=551"},"modified":"2023-10-14T21:50:12","modified_gmt":"2023-10-14T21:50:12","slug":"excursion-al-los-haitises-y-cano-hondo-desde-samana","status":"publish","type":"product","link":"https:\/\/visitaloshaitises.com\/as\/private\/excursion-al-los-haitises-y-cano-hondo-desde-samana\/","title":{"rendered":"\u09b8\u09be\u09ae\u09be\u09a8\u09be\u09f0 \u09aa\u09f0\u09be \u09b2\u099b \u09b9\u09be\u0987\u099f\u09bf\u099b \u0986\u09f0\u09c1 \u0995\u09be\u09a8\u09cb \u09b9\u09a3\u09cd\u09a1\u09cb\u09b2\u09c8 \u09ad\u09cd\u09f0\u09ae\u09a3"},"content":{"rendered":"<div class=\"vc_row wpb_row vc_row-fluid\" ><div class=\"wpb_column vc_column_container vc_col-sm-12\"><div class=\"vc_column-inner\"><div class=\"wpb_wrapper\"><div class=\"mkdf-section-title-holder\" style=\"text-align: left\">\n\t<div class=\"mkdf-st-inner\">\n\t\t\t\t\t<h5 class=\"mkdf-st-subtitle\" >\n\t\t\t\t\u09aa\u09cd\u09f0\u09be\u0995\u09c3\u09a4\u09bf\u0995 \u09aa\u09c1\u09b2\u09a4 \u09a6\u09c1\u09aa\u09f0\u09c0\u09af\u09bc\u09be\u09f0 \u0986\u09b9\u09be\u09f0 \u0986\u09f0\u09c1 \u09b8\u09be\u0981\u09a4\u09cb\u09f0\t\t\t<\/h5>\n\t\t\t\t\t\t\t<\/div>\n<\/div><\/div><\/div><\/div><\/div><div class=\"vc_row wpb_row vc_row-fluid\" ><div class=\"wpb_column vc_column_container vc_col-sm-12\"><div class=\"vc_column-inner\"><div class=\"wpb_wrapper\">\n\t<div class=\"wpb_text_column wpb_content_element\" >\n\t\t<div class=\"wpb_wrapper\">\n\t\t\t<h2>\u09b2\u09b8 Haitises \u09f0\u09be\u09b7\u09cd\u099f\u09cd\u09f0\u09c0\u09af\u09bc \u0989\u09a6\u09cd\u09af\u09be\u09a8 + Saman\u00e1 \u09ac\u09a8\u09cd\u09a6\u09f0\u09f0 \u09aa\u09f0\u09be Cano Hondo \u09ae\u09a7\u09cd\u09af\u09c7 \u09a6\u09c1\u09aa\u09f0\u09c0\u09af\u09bc\u09be\u09f0 \u0986\u09b9\u09be\u09f0.<\/h2>\n<h3><em>\u09ac\u09bf\u09f1\u09f0\u09a3<\/em><\/h3>\n<p>\u09b2\u099b \u09b9\u09be\u0987\u099f\u09bf\u099b \u09f0\u09be\u09b7\u09cd\u099f\u09cd\u09f0\u09c0\u09af\u09bc \u0989\u09a6\u09cd\u09af\u09be\u09a8 \u09b8\u09be\u09ae\u09be\u09a8\u09be \u09ac\u09a8\u09cd\u09a6\u09f0\u09f0 \u09aa\u09f0\u09be \u0986\u09f0\u09ae\u09cd\u09ad \u0995\u09f0\u09bf \u09aa\u09cd\u09b2\u09be\u099b \u098f\u099f\u09be \u09ac\u09bf\u09b8\u09cd\u09ae\u09af\u09bc\u0995\u09f0 \u09a6\u09c1\u09aa\u09f0\u09c0\u09af\u09bc\u09be\u09f0 \u0986\u09b9\u09be\u09f0 \u0986\u09f0\u09c1 \u0995\u09be\u09a8\u09cb \u09b9\u09a3\u09cd\u09a1\u09cb \u0987\u0995&#039;\u09b2\u099c\u09a4 \u09aa\u09cd\u09f0\u09be\u0995\u09c3\u09a4\u09bf\u0995 \u09ac\u09b8\u09a8\u09cd\u09a4\u09a4 \u09b8\u09be\u0981\u09a4\u09cb\u09f0\u0964 \u0986\u09ae\u09be\u09f0 \u09b2\u0997\u09a4 \u0986\u09b9\u09bf \u09a1\u09ae\u09bf\u09a8\u09bf\u0995\u09be\u09a8 \u09f0\u09bf\u09aa\u09be\u09ac\u09cd\u09b2\u09bf\u0995\u09f0 \u0986\u099f\u09be\u0987\u09a4\u0995\u09c8 \u09a7\u09c1\u09a8\u09c0\u09af\u09bc\u09be \u09f0\u09be\u09b7\u09cd\u099f\u09cd\u09f0\u09c0\u09af\u09bc \u0989\u09a6\u09cd\u09af\u09be\u09a8\u0996\u09a8 \u099a\u09be\u09ac, \u09ae\u09c7\u0982\u0997\u09cd\u09f0\u09cb\u09ad, \u0997\u09c1\u09b9\u09be \u0986\u09f0\u09c1 \u099b\u09be\u09a8 \u09b2\u09f0\u09c7\u099e\u09cd\u099c\u09cb \u0989\u09aa\u09b8\u09be\u0997\u09f0 \u099a\u09be\u09ac, \u09b2\u0997\u09a4\u09c7 \u09a7\u09c1\u09a8\u09c0\u09af\u09bc\u09be \u09b8\u09be\u09ae\u09be\u09a8\u09be \u0989\u09aa\u09b8\u09be\u0997\u09f0 \u09aa\u09be\u09f0 \u09b9\u2019\u09ac\u0964 \u0995\u09be\u09a8\u09cb \u09b9\u09a3\u09cd\u09a1\u09cb\u09a4 \u09a6\u09c1\u09aa\u09f0\u09c0\u09af\u09bc\u09be\u09f0 \u0986\u09b9\u09be\u09f0 \u0997\u09cd\u09f0\u09b9\u09a3 \u0995\u09f0\u09be\u09f0 \u09aa\u09bf\u099b\u09a4 \u0995\u09c7\u0987\u0998\u09a3\u09cd\u099f\u09be\u09ae\u09be\u09a8 \u09aa\u09cd\u09f0\u09be\u0995\u09c3\u09a4\u09bf\u0995 \u09aa\u09c1\u09b2\u09a4 \u09b8\u09be\u0981\u09a4\u09c1\u09f0\u09bf \u09a4\u09be\u09f0 \u09aa\u09bf\u099b\u09a4 \u09b8\u09be\u09ae\u09be\u09a8\u09be \u09ac\u09a8\u09cd\u09a6\u09f0\u09b2\u09c8 \u0989\u09ad\u09a4\u09bf \u09af\u09cb\u09f1\u09be\u09f0 \u09b8\u09c1\u09af\u09cb\u0997 \u09aa\u09be\u09ac\u0964<\/p>\n<p>\u098f\u0987 \u0985\u09ad\u09bf\u099c\u09cd\u099e\u09a4\u09be\u09f0 \u09aa\u09bf\u099b\u09a4 \u0986\u09aa\u09c1\u09a8\u09bf \u0989\u09ad\u09a4\u09bf \u0986\u09b9\u09bf\u09ac \u09b8\u09be\u09ae\u09be\u09a8\u09be \u09ac\u09a8\u09cd\u09a6\u09f0\u09b2\u09c8\u0964<\/p>\n<ul>\n<li>\u0995\u09f0 \u0985\u09a8\u09cd\u09a4\u09f0\u09cd\u09ad\u09c1\u0995\u09cd\u09a4<\/li>\n<li>\u0997\u09be\u0987\u09a1\u0996\u09a8\u09c7 \u09a8\u09bf\u09f0\u09cd\u09a6\u09c7\u09b6\u09a8\u09be \u0986\u09f0\u09c1 \u09a4\u09a4\u09cd\u09ac\u09be\u09f1\u09a7\u09be\u09a8 \u09aa\u09cd\u09f0\u09a6\u09be\u09a8 \u0995\u09f0\u09c7\u0964<\/li>\n<\/ul>\n<h3>\u0985\u09a8\u09cd\u09a4\u09f0\u09cd\u09ad\u09c1\u0995\u09cd\u09a4\u09bf \u0986\u09f0\u09c1 \u09ac\u09f0\u09cd\u099c\u09a8<\/h3>\n<h4>\u0985\u09a8\u09cd\u09a4\u09f0\u09cd\u09ad\u09c1\u0995\u09cd\u09a4\u09bf<\/h4>\n<ol>\n<li>\u09b2\u09b8 Haitises \u09ad\u09cd\u09f0\u09ae\u09a3 + \u0997\u09c1\u09b9\u09be \u0986\u09f0\u09c1 Pictographs<\/li>\n<li>Ca\u00f1o Hondo \u09a4 \u09a6\u09c1\u09aa\u09f0\u09c0\u09af\u09bc\u09be\u09f0 \u0986\u09b9\u09be\u09f0<\/li>\n<li>\u09aa\u09cd\u09f0\u09be\u0995\u09c3\u09a4\u09bf\u0995 \u09aa\u09c1\u09b2\u09a4 \u09b8\u09be\u0981\u09a4\u09c1\u09f0\u09bf\u09ac<\/li>\n<li>\u09b8\u0995\u09b2\u09cb \u0995\u09f0, \u09ae\u09be\u099a\u09c1\u09b2 \u0986\u09f0\u09c1 \u09b9\u09c7\u09a3\u09cd\u09a1\u09b2\u09bf\u0982 \u099a\u09be\u09f0\u09cd\u099c\u0964<\/li>\n<li>\u09b8\u09cd\u09a5\u09be\u09a8\u09c0\u09af\u09bc \u0995\u09f0<\/li>\n<li>\u09aa\u09be\u09a8\u09c0\u09af\u09bc<\/li>\n<li>\u09b8\u0995\u09b2\u09cb \u0995\u09be\u09ae-\u0995\u09be\u099c<\/li>\n<li>\u09b8\u09cd\u09a5\u09be\u09a8\u09c0\u09af\u09bc \u0997\u09be\u0987\u09a1<\/li>\n<\/ol>\n<h4>\u09ac\u09be\u09a6 \u09a6\u09bf\u09af\u09bc\u09be<\/h4>\n<ol>\n<li>\u0995\u09bf\u099f\u09bf\u09aa\u09b8\u09ae\u09c2\u09b9<\/li>\n<li>\u09b8\u09cd\u09a5\u09be\u09a8\u09be\u09a8\u09cd\u09a4\u09f0<\/li>\n<li>\u09ae\u09a6\u09cd\u09af\u09aa\u09be\u09a8 \u0995\u09f0\u09be<\/li>\n<\/ol>\n<h3><em>\u09aa\u09cd\u09f0\u09b8\u09cd\u09a5\u09be\u09a8 \u0986\u09f0\u09c1 \u0989\u09ad\u09a4\u09bf \u0985\u09b9\u09be<\/em><\/h3>\n<p>\u09ac\u09c1\u0995\u09bf\u0982 \u09aa\u09cd\u09f0\u0995\u09cd\u09f0\u09bf\u09af\u09bc\u09be\u09f0 \u09aa\u09bf\u099b\u09a4 \u09ad\u09cd\u09f0\u09ae\u09a3\u0995\u09be\u09f0\u09c0\u09af\u09bc\u09c7 \u09ae\u09bf\u099f\u09bf\u0982 \u09aa\u0987\u09a3\u09cd\u099f \u09aa\u09be\u09ac\u0964 \u0986\u09ae\u09be\u09f0 \u09ae\u09bf\u099f\u09bf\u0982 \u09aa\u0987\u09a3\u09cd\u099f\u09a4 \u09ad\u09cd\u09f0\u09ae\u09a3 \u0986\u09f0\u09ae\u09cd\u09ad \u09b9\u09af\u09bc \u0986\u09f0\u09c1 \u09b6\u09c7\u09b7 \u09b9\u09af\u09bc\u0964<\/p>\n<h3><em>\u0995\u09bf \u0986\u09b6\u09be \u0995\u09f0\u09bf\u09ac \u09aa\u09be\u09f0\u09bf?<\/em><\/h3>\n<p>\u09b2\u099b \u09b9\u09be\u0987\u099f\u09bf\u099a\u09c7\u099b \u09f0\u09be\u09b7\u09cd\u099f\u09cd\u09f0\u09c0\u09af\u09bc \u0989\u09a6\u09cd\u09af\u09be\u09a8 \u09ad\u09cd\u09f0\u09ae\u09a3\u09f0 \u09ac\u09be\u09ac\u09c7 \u0986\u09aa\u09cb\u09a8\u09be\u09f0 \u099f\u09bf\u0995\u099f \u09b2\u09be\u09ad \u0995\u09f0\u0995 Ca\u00f1o Hondo \u09a4 \u098f\u099f\u09be \u09ac\u09bf\u09b8\u09cd\u09ae\u09af\u09bc\u0995\u09f0 \u09a6\u09c1\u09aa\u09f0\u09c0\u09af\u09bc\u09be\u09f0 \u0986\u09b9\u09be\u09f0 \u0986\u09f0\u09c1 \u09aa\u09cd\u09f0\u09be\u0995\u09c3\u09a4\u09bf\u0995 \u09aa\u09c1\u09b2\u09a4 \u09b8\u09be\u0981\u09a4\u09c1\u09f0\u09bf\u0964<\/p>\n<p>\u09b8\u09cd\u09a5\u09be\u09a8\u09c0\u09af\u09bc \u099f\u09cd\u09af\u09c1\u09f0 \u0997\u09be\u0987\u09a1\u09f0 \u09b8\u09c8\u09a4\u09c7 \u09a8\u09be\u0993 \u09ac\u09be \u0995\u09c7\u099f\u09be\u09ae\u09be\u09f0\u09be\u09a8\u09a4 \u0989\u09a0\u09bf \u09b8\u09be\u09ae\u09be\u09a8\u09be \u09ac\u09a8\u09cd\u09a6\u09f0\u09f0 \u09aa\u09f0\u09be \u0986\u09f0\u09ae\u09cd\u09ad \u0995\u09f0\u09bf \u0986\u09ae\u09bf \u09a1\u09ae\u09bf\u09a8\u09bf\u0995\u09be\u09a8 \u09f0\u09bf\u09aa\u09be\u09ac\u09cd\u09b2\u09bf\u0995\u09f0 \u0986\u099f\u09be\u0987\u09a4\u0995\u09c8 \u09a7\u09c1\u09a8\u09c0\u09af\u09bc\u09be \u09f0\u09be\u09b7\u09cd\u099f\u09cd\u09f0\u09c0\u09af\u09bc \u0989\u09a6\u09cd\u09af\u09be\u09a8\u09b8\u09ae\u09c2\u09b9\u09f0 \u09ad\u09bf\u09a4\u09f0\u09a4 \u098f\u0996\u09a8 \u099a\u09be\u09ac\u09b2\u09c8 \u099b\u09be\u09ac\u09be\u09a8\u09be \u09a6\u09c7 \u09b2\u09be \u09ae\u09be\u09f0 \u0995\u09be\u09b7\u09f0 \u09b8\u09be\u09ae\u09be\u09a8\u09be \u0989\u09aa\u09b8\u09be\u0997\u09f0\u0996\u09a8 \u09aa\u09be\u09f0 \u09b9\u09c8 \u09af\u09be\u0993\u0981\u0964<\/p>\n<h5>\u09b2\u099b \u09b9\u09be\u0987\u099f\u09bf\u099b \u09f0\u09be\u09b7\u09cd\u099f\u09cd\u09f0\u09c0\u09af\u09bc \u0989\u09a6\u09cd\u09af\u09be\u09a8\u0964<\/h5>\n<p>\u099a\u09be\u09f0\u09bf\u0993\u09ab\u09be\u09b2\u09c7 \u099a\u09f0\u09be\u0987 \u09b2\u09c8 \u09a6\u09cd\u09ac\u09c0\u09aa\u099f\u09cb \u09ad\u09cd\u09f0\u09ae\u09a3 \u0995\u09f0\u09be\u0964 \u09ac\u09be\u09b9 \u09b8\u099c\u09be\u09f0 \u09ac\u09a4\u09f0\u09a4 \u0986\u09ae\u09bf \u0986\u09a8\u0995\u09bf \u09ac\u09be\u09b9\u09a4 \u09aa\u09c7\u09b2\u09bf\u0995\u09be\u09a8\u09f0 \u09aa\u09cb\u09f1\u09be\u09b2\u09bf\u0993 \u09a6\u09c7\u0996\u09be \u09aa\u09be\u0993\u0981\u0964 \u09b6\u09bf\u09b2\u09f0 \u09a6\u09cd\u09ac\u09c0\u09aa\u09ac\u09cb\u09f0\u09f0 \u0997\u09ad\u09c0\u09f0\u09a4\u09be\u09b2\u09c8 \u0997\u09c8 \u0996\u09bf\u09b2\u099e\u09cd\u099c\u09c0\u09af\u09bc\u09be \u09b2\u09cb\u0995\u09b8\u0995\u09b2\u09f0 \u099a\u09bf\u09a4\u09cd\u09f0 \u0986\u09f0\u09c1 \u09aa\u09c7\u099f\u09cd\u09f0\u2019\u0997\u09cd\u09b2\u09bf\u09ab\u09f0 \u09b8\u09c8\u09a4\u09c7 \u0997\u09c1\u09b9\u09be\u09ac\u09cb\u09f0 \u099a\u09be\u0993\u0995\u0964<\/p>\n<p>El recorrido, organizado por \u00abBooking Adventures\u00bb, comienza en el punto de encuentro establecido con el gu\u00eda tur\u00edstico. Ven con Booking Adventures y comienza a observar algunos manglares llenos de aves, colinas onduladas de exuberante vegetaci\u00f3n y cuevas del Parque Nacional Los Haitises.<\/p>\n<p>El nombre del parque nacional proviene de sus habitantes originales, los indios ta\u00ednos. En su idioma, \u00abHaitises\u00bb se traduce a tierras altas o colinas, una referencia a las empinadas formaciones geol\u00f3gicas de la costa con calizas. Avent\u00farate en el parque para explorar cuevas como la Cueva de la Arena y la Cueva de la L\u00ednea.<\/p>\n<p>\u09b8\u0982\u09f0\u0995\u09cd\u09b7\u09bf\u09a4 \u09ac\u09a8\u09be\u099e\u09cd\u099a\u09b2\u09f0 \u0997\u09c1\u09b9\u09be\u09ac\u09cb\u09f0 \u099f\u09be\u0987\u09a8\u09cb \u09ad\u09be\u09f0\u09a4\u09c0\u09af\u09bc\u09b8\u0995\u09b2\u09c7 \u0986\u09b6\u09cd\u09f0\u09af\u09bc \u09b9\u09bf\u099a\u09be\u09aa\u09c7 \u09ac\u09cd\u09af\u09f1\u09b9\u09be\u09f0 \u0995\u09f0\u09bf\u099b\u09bf\u09b2 \u0986\u09f0\u09c1 \u09aa\u09bf\u099b\u09b2\u09c8 \u09b2\u09c1\u0995\u09be\u0987 \u09a5\u0995\u09be \u099c\u09b2\u09a6\u09b8\u09cd\u09af\u09c1\u09b8\u0995\u09b2\u09c7\u0993 \u0986\u09b6\u09cd\u09f0\u09af\u09bc \u09b9\u09bf\u099a\u09be\u09aa\u09c7 \u09ac\u09cd\u09af\u09f1\u09b9\u09be\u09f0 \u0995\u09f0\u09bf\u099b\u09bf\u09b2\u0964 \u0995\u09bf\u099b\u09c1\u09ae\u09be\u09a8 \u09a6\u09c7\u09f1\u09be\u09b2 \u09b8\u099c\u09be\u0987 \u09ad\u09be\u09f0\u09a4\u09c0\u09af\u09bc\u09f0 \u0985\u0982\u0995\u09a8 \u09ac\u09bf\u099a\u09be\u09f0\u09bf\u09ac\u0964<\/p>\n<p>\u09b2\u099b \u09b9\u09be\u0987\u099f\u09bf\u099b \u09f0\u09be\u09b7\u09cd\u099f\u09cd\u09f0\u09c0\u09af\u09bc \u0989\u09a6\u09cd\u09af\u09be\u09a8 \u09ad\u09cd\u09f0\u09ae\u09a3 \u0995\u09f0\u09be\u09f0 \u09aa\u09bf\u099b\u09a4 \u0986\u09ae\u09bf \u0995\u09c7\u09a8\u09cb \u09b9\u09a3\u09cd\u09a1\u09cb\u09b2\u09c8 \u09af\u09be\u09ae\u0964 Cano Hondo \u09a4 \u0986\u09aa\u09c1\u09a8\u09bf \u098f\u0987 \u09aa\u09f0\u09bf\u09f1\u09c7\u09b6 \u0987\u09a4\u09bf\u09b9\u09be\u09b8\u09f0 \u09ac\u09bf\u09b7\u09af\u09bc\u09c7 \u099c\u09be\u09a8\u09bf\u09ac \u0986\u09f0\u09c1 Sabana de la mar \u09b8\u09ae\u09cd\u09aa\u09cd\u09f0\u09a6\u09be\u09af\u09bc\u09f0 \u09b8\u09be\u09a7\u09be\u09f0\u09a3 \u0996\u09be\u09a6\u09cd\u09af\u09f0 \u09b8\u09c8\u09a4\u09c7 \u09a6\u09c1\u09aa\u09f0\u09c0\u09af\u09bc\u09be\u09f0 \u0986\u09b9\u09be\u09f0 \u0997\u09cd\u09f0\u09b9\u09a3\u09f0 \u09b8\u09ae\u09af\u09bc \u09aa\u09be\u09ac\u0964<\/p>\n<p>\u09a6\u09c1\u09aa\u09f0\u09c0\u09af\u09bc\u09be\u09f0 \u0986\u09b9\u09be\u09f0 \u09b8\u09c1\u09b8\u09cd\u09ac\u09be\u09a6\u09c1 \u09b9\u2019\u09ac \u0995\u09bf\u09a8\u09cd\u09a4\u09c1 \u0986\u09ae\u09bf \u098f\u09a4\u09bf\u09af\u09bc\u09be\u0993 \u09b6\u09c7\u09b7 \u09b9\u09cb\u09f1\u09be \u09a8\u09be\u0987\u0964 \u09a6\u09c1\u09aa\u09f0\u09c0\u09af\u09bc\u09be\u09f0 \u0986\u09b9\u09be\u09f0 \u0997\u09cd\u09f0\u09b9\u09a3\u09f0 \u09aa\u09bf\u099b\u09a4 \u0986\u09ae\u09bf \u099c\u09bf\u09ac\u09be\u09b2\u09c7\u099b \u09a8\u09a6\u09c0\u09f0 \u09aa\u09f0\u09be \u09aa\u09cd\u09f0\u09be\u0995\u09c3\u09a4\u09bf\u0995 \u09aa\u09c1\u09b2\u09ac\u09cb\u09f0\u09a4 \u09b8\u09be\u0981\u09a4\u09c1\u09f0\u09bf\u09ae, \u09af\u09bf\u099f\u09cb \u09a8\u09a6\u09c0 \u0995\u09be\u09a8\u09cb \u09b9\u09a3\u09cd\u09a1\u09cb \u09a8\u09a6\u09c0\u09b2\u09c8\u0995\u09c7\u0964 \u09ac\u09bf\u09af\u09bc\u09b2\u09bf \u09ea:\u09e6\u09e6 \u09ac\u099c\u09be\u09b2\u09c8\u0995\u09c7 \u0995\u09be\u09a8\u09cb \u09b9\u09a3\u09cd\u09a1\u09cb\u09a4 \u09a5\u09be\u0995\u09bf \u09b8\u09be\u09ae\u09be\u09a8\u09be \u09ac\u09a8\u09cd\u09a6\u09f0\u09b2\u09c8 \u0989\u09ad\u09a4\u09bf \u0986\u09b9\u09bf \u0986\u09ae\u09bf \u0986\u0995\u09cc \u09ae\u09c7\u0982\u0997\u09cd\u09f0\u09cb\u09ad\u09f0 \u09ae\u09be\u099c\u09c7\u09f0\u09c7 \u09aa\u09be\u09f0 \u09b9\u09c8 \u099b\u09be\u09a8 \u09b2\u09f0\u09c7\u099e\u09cd\u099c\u09cb\u09f0 \u09ae\u09c1\u0995\u09b2\u09bf \u0989\u09aa\u09b8\u09be\u0997\u09f0\u09a4 \u0989\u09aa\u09b8\u09cd\u09a5\u09bf\u09a4 \u09b9\u2019\u09ae, \u09af\u2019\u09f0 \u09aa\u09f0\u09be \u0986\u09aa\u09c1\u09a8\u09bf \u09a0\u09c7\u0995 \u0985\u09f0\u09a3\u09cd\u09af\u09f0 \u09a6\u09c3\u09b6\u09cd\u09af\u09aa\u099f\u09f0 \u09ab\u099f\u09cb \u09a4\u09c1\u09b2\u09bf\u09ac \u09aa\u09be\u09f0\u09bf\u09ac\u0964 \u09aa\u09be\u09a8\u09c0\u09f0 \u09ab\u09be\u09b2\u09c7 \u09ac\u09be\u09b9\u09bf\u09f0\u09b2\u09c8 \u099a\u09be\u0987 \u09ae\u09c7\u09a8\u09be\u099f\u09bf, \u0995\u09cd\u09f0\u09c1\u09b7\u09cd\u099f\u09c7\u099a\u09bf\u09af\u09bc\u09be\u09a8 \u0986\u09f0\u09c1 \u09a1\u09b2\u09ab\u09bf\u09a8 \u09a6\u09c7\u0996\u09be \u09aa\u09be\u09ac\u0964<\/p>\n<p>\u098f\u0987 \u09ae\u09c1\u09b9\u09c2\u09f0\u09cd\u09a4\u09b2\u09c8\u0995\u09c7 \u0986\u09aa\u09c1\u09a8\u09bf \u099f\u09cd\u09af\u09c1\u09f0 \u0997\u09be\u0987\u09a1\u09f0 \u09b8\u09c8\u09a4\u09c7 \u09ac\u09b8\u09a4\u09bf \u09b8\u09cd\u09a5\u09be\u09aa\u09a8 \u0995\u09f0\u09bf\u09ac \u0986\u09f0\u09c1 \u0987\u09af\u09bc\u09be\u09f0 \u09aa\u09bf\u099b\u09a4 Cano Hondo \u09ac\u09a8\u09cd\u09a6\u09f0\u09b2\u09c8 \u09af\u09be\u0993\u0995 \u0986\u09f0\u09c1 Saman\u00e1 \u0989\u09aa\u09b8\u09be\u0997\u09f0 \u09aa\u09be\u09f0 \u09b9\u09c8 Saman\u00e1 \u09ac\u09a8\u09cd\u09a6\u09f0\u09b2\u09c8 \u0989\u09ad\u09a4\u09bf \u09a8\u09be\u0993 \u09b2\u09c8 30 \u09ae\u09bf\u09a8\u09bf\u099f\u0964<\/p>\n<p>\u09af\u09a6\u09bf \u0986\u09aa\u09c1\u09a8\u09bf \u098f\u0987 \u09ad\u09cd\u09f0\u09ae\u09a3\u099f\u09cb \u0985\u09a7\u09bf\u0995 \u09ad\u09be\u09b2 \u09aa\u09be\u09af\u09bc, \u09a4\u09c7\u09a8\u09cd\u09a4\u09c7 \u0986\u09ae\u09be\u09f0 \u09b9\u09be\u09a4\u09a4 \u098f\u0987 \u09ac\u09bf\u0995\u09b2\u09cd\u09aa\u09b8\u09ae\u09c2\u09b9 \u0986\u099b\u09c7:<\/p>\n<p>\u09b2\u09b8 Haitises + Saman\u00e1 \u09ac\u09a8\u09cd\u09a6\u09f0\u09f0 \u09aa\u09f0\u09be Cayo Levantado.<\/p>\n<h3><em>\u0995\u09bf \u0986\u09a8\u09bf\u09ac \u09b2\u09be\u0997\u09c7?<\/em><\/h3>\n<ul>\n<li>\u0995\u09c7\u09ae\u09c7\u09f0\u09be<\/li>\n<li>\u09ac\u09bf\u0995\u09c3\u09a4\u0995\u09be\u09f0\u09c0<\/li>\n<li>\u099b\u09be\u09a8\u09b8\u09cd\u0995\u09cd\u09f0\u09c0\u09a3<\/li>\n<li>\u099f\u09c1\u09aa\u09bf<\/li>\n<li>\u0986\u09f0\u09be\u09ae\u09a6\u09be\u09af\u09bc\u0995 \u09aa\u09c7\u09a3\u09cd\u099f<\/li>\n<li>\u09ac\u09a8 \u09b9\u09be\u0987\u0995\u09bf\u0982 \u099c\u09cb\u09a4\u09be<\/li>\n<li>\u09ac\u09b8\u09a8\u09cd\u09a4 \u0985\u099e\u09cd\u099a\u09b2\u09b2\u09c8 \u099a\u09c7\u09a3\u09cd\u09a1\u09c7\u09b2\u0964<\/li>\n<li>\u09b8\u09be\u0981\u09a4\u09cb\u09f0\u09f0 \u09aa\u09cb\u099b\u09be\u0995<\/li>\n<\/ul>\n<h3><em>\u09b9\u09cb\u099f\u09c7\u09b2\u09f0 \u09aa\u09bf\u0995\u0986\u09aa<\/em><\/h3>\n<p>\u098f\u0987 \u09ad\u09cd\u09f0\u09ae\u09a3\u09f0 \u09ac\u09be\u09ac\u09c7 \u09b9\u09cb\u099f\u09c7\u09b2 \u09aa\u09bf\u0995\u0986\u09aa\u09f0 \u09ac\u09cd\u09af\u09f1\u09b8\u09cd\u09a5\u09be \u0995\u09f0\u09be \u09b9\u09cb\u09f1\u09be \u09a8\u09be\u0987\u0964<\/p>\n<p><strong>\u099f\u09cb\u0995\u09be:<\/strong> \u09af\u09a6\u09bf \u0986\u09aa\u09c1\u09a8\u09bf \u09ad\u09cd\u09f0\u09ae\u09a3\/\u09ad\u09cd\u09f0\u09ae\u09a3\u09f0 \u09aa\u09cd\u09f0\u09b8\u09cd\u09a5\u09be\u09a8\u09f0 \u09b8\u09ae\u09af\u09bc\u09f0 \u09e8\u09ea \u0998\u09a3\u09cd\u099f\u09be\u09f0 \u09ad\u09bf\u09a4\u09f0\u09a4 \u09ac\u09c1\u0995\u09bf\u0982 \u0995\u09f0\u09c7, \u09a4\u09c7\u09a8\u09cd\u09a4\u09c7 \u0986\u09ae\u09bf \u0985\u09a4\u09bf\u09f0\u09bf\u0995\u09cd\u09a4 \u099a\u09be\u09f0\u09cd\u099c\u09f0 \u09b8\u09c8\u09a4\u09c7 \u09b9\u09cb\u099f\u09c7\u09b2\u09a4 \u09aa\u09bf\u0995\u0986\u09aa\u09f0 \u09ac\u09cd\u09af\u09f1\u09b8\u09cd\u09a5\u09be \u0995\u09f0\u09bf\u09ac \u09aa\u09be\u09f0\u09cb\u0964 \u0986\u09aa\u09cb\u09a8\u09be\u09f0 \u0995\u09cd\u09f0\u09af\u09bc \u09b8\u09ae\u09cd\u09aa\u09c2\u09f0\u09cd\u09a3 \u09b9&#039;\u09b2\u09c7 \u0986\u09ae\u09bf \u0986\u09aa\u09cb\u09a8\u09be\u0995 \u0986\u09ae\u09be\u09f0 \u09b8\u09cd\u09a5\u09be\u09a8\u09c0\u09af\u09bc \u099f\u09cd\u09af\u09c1\u09f0 \u0997\u09be\u0987\u09a1\u09f0 \u09ac\u09be\u09ac\u09c7 \u09aa\u09bf\u0995\u0986\u09aa\u09f0 \u09ac\u09cd\u09af\u09f1\u09b8\u09cd\u09a5\u09be \u0995\u09f0\u09bf\u09ac\u09b2\u09c8 \u09b8\u09ae\u09cd\u09aa\u09c2\u09f0\u09cd\u09a3 \u09af\u09cb\u0997\u09be\u09af\u09cb\u0997\u09f0 \u09a4\u09a5\u09cd\u09af (\u09ab\u09cb\u09a8 \u09a8\u09ae\u09cd\u09ac\u09f0, \u0987\u09ae\u09c7\u0987\u09b2 \u09a0\u09bf\u0995\u09a8\u09be \u0986\u09a6\u09bf) \u09aa\u09cd\u09f0\u09c7\u09f0\u09a3 \u0995\u09f0\u09bf\u09ae\u0964<\/p>\n<h3>\u0985\u09a4\u09bf\u09f0\u09bf\u0995\u09cd\u09a4 \u09a4\u09a5\u09cd\u09af\u09f0 \u09a8\u09bf\u09b6\u09cd\u099a\u09af\u09bc\u09a4\u09be<\/h3>\n<ol>\n<li>\u099f\u09bf\u0995\u099f\u09ac\u09cb\u09f0 \u098f\u0987 \u09ad\u09cd\u09f0\u09ae\u09a3\u09f0 \u09ac\u09be\u09ac\u09c7 \u09a7\u09a8 \u09a6\u09bf\u09af\u09bc\u09be\u09f0 \u09aa\u09bf\u099b\u09a4 \u09aa\u09cb\u09f1\u09be \u09f0\u099a\u09bf\u09a6\u0964 \u0986\u09aa\u09c1\u09a8\u09bf \u0986\u09aa\u09cb\u09a8\u09be\u09f0 \u09ab\u09cb\u09a8\u09a4 \u09aa\u09c7\u09ae\u09c7\u09a3\u09cd\u099f \u09a6\u09c7\u0996\u09c1\u09f1\u09be\u09ac \u09aa\u09be\u09f0\u09c7\u0964<\/li>\n<li>\u09f0\u09bf\u099c\u09be\u09f0\u09cd\u09ad\u099a\u09a8 \u09aa\u09cd\u09f0\u0995\u09cd\u09f0\u09bf\u09af\u09bc\u09be\u09f0 \u09aa\u09bf\u099b\u09a4 \u098f\u0987 \u09ae\u09bf\u099f\u09bf\u0982 \u09aa\u0987\u09a3\u09cd\u099f \u09b2\u09be\u09ad \u0995\u09f0\u09be \u09b9\u2019\u09ac\u0964<\/li>\n<li>\u09b6\u09bf\u09b6\u09c1\u09f0 \u09b2\u0997\u09a4 \u098f\u099c\u09a8 \u09aa\u09cd\u09f0\u09be\u09aa\u09cd\u09a4\u09ac\u09af\u09bc\u09b8\u09cd\u0995 \u09b2\u09cb\u0995 \u09a5\u09be\u0995\u09bf\u09ac \u09b2\u09be\u0997\u09bf\u09ac\u0964<\/li>\n<li>\u09b9\u09c1\u0987\u09b2 \u099a\u09c7\u09af\u09bc\u09be\u09f0\u09a4 \u09ac\u09cd\u09af\u09f1\u09b9\u09be\u09f0\u09af\u09cb\u0997\u09cd\u09af \u09a8\u09b9\u09af\u09bc<\/li>\n<li>\u0995\u09c7\u0981\u099a\u09c1\u09f1\u09be\u0995 \u09b6\u09bf\u09b6\u09c1\u09f0 \u0986\u09b8\u09a8\u09a4 \u09ac\u09be \u09aa\u09cd\u09f0\u09be\u09aa\u09cd\u09a4\u09ac\u09af\u09bc\u09b8\u09cd\u0995\u09f0 \u09b2\u0997\u09a4 \u09ac\u09b9\u09bf\u09ac \u09b2\u09be\u0997\u09c7<\/li>\n<li>\u09aa\u09bf\u09a0\u09bf\u09f0 \u09b8\u09ae\u09b8\u09cd\u09af\u09be \u09a5\u0995\u09be \u09ad\u09cd\u09f0\u09ae\u09a3\u0995\u09be\u09f0\u09c0\u09f0 \u09ac\u09be\u09ac\u09c7 \u09ac\u09be\u099e\u09cd\u099b\u09a8\u09c0\u09af\u09bc \u09a8\u09b9\u09af\u09bc\u0964<\/li>\n<li>\u0997\u09f0\u09cd\u09ad\u09f1\u09a4\u09c0 \u09ae\u09b9\u09bf\u09b2\u09be\u09f0 \u09ac\u09be\u09ac\u09c7 \u09ac\u09be\u099e\u09cd\u099b\u09a8\u09c0\u09af\u09bc \u09a8\u09b9\u09af\u09bc\u0964<\/li>\n<li>\u0995\u09cb\u09a8\u09cb \u09b9\u09c3\u09a6\u09af\u09a8\u09cd\u09a4\u09cd\u09f0\u09f0 \u09b8\u09ae\u09b8\u09cd\u09af\u09be \u09ac\u09be \u0985\u09a8\u09cd\u09af\u09be\u09a8\u09cd\u09af \u0997\u09c1\u09f0\u09c1\u09a4\u09f0 \u099a\u09bf\u0995\u09bf\u09ce\u09b8\u09be\u099c\u09a8\u09bf\u09a4 \u0985\u09f1\u09b8\u09cd\u09a5\u09be \u09a8\u09be\u0987\u0964<\/li>\n<li>\u09ac\u09c7\u099b\u09bf\u09ad\u09be\u0997 \u09ad\u09cd\u09f0\u09ae\u09a3\u0995\u09be\u09f0\u09c0\u09af\u09bc\u09c7 \u0985\u0982\u09b6\u0997\u09cd\u09f0\u09b9\u09a3 \u0995\u09f0\u09bf\u09ac \u09aa\u09be\u09f0\u09c7\u0964<\/li>\n<\/ol>\n<h3><em>\u09ac\u09be\u09a4\u09bf\u09b2\u09f0 \u09a8\u09c0\u09a4\u09bf<\/em><\/h3>\n<p>\u09b8\u09ae\u09cd\u09aa\u09c2\u09f0\u09cd\u09a3 \u09a7\u09a8 \u0998\u09c2\u09f0\u09be\u0987 \u09aa\u09cb\u09f1\u09be\u09f0 \u09ac\u09be\u09ac\u09c7 \u0985\u09ad\u09bf\u099c\u09cd\u099e\u09a4\u09be \u0986\u09f0\u09ae\u09cd\u09ad \u09b9\u09cb\u09f1\u09be\u09f0 \u09a4\u09be\u09f0\u09bf\u0996\u09f0 \u0995\u09ae\u09c7\u0993 \u09e8\u09ea \u0998\u09a3\u09cd\u099f\u09be \u0986\u0997\u09a4\u09c7 \u09ac\u09be\u09a4\u09bf\u09b2 \u0995\u09f0\u0995\u0964<\/p>\n\n\t\t<\/div>\n\t<\/div>\n<\/div><\/div><\/div><\/div><div class=\"vc_row wpb_row vc_row-fluid\" ><div class=\"wpb_column vc_column_container vc_col-sm-12\"><div class=\"vc_column-inner\"><div class=\"wpb_wrapper\"><div class=\"vc_empty_space\"   style=\"height: 32px\"><span class=\"vc_empty_space_inner\"><\/span><\/div>\n\t<div class=\"wpb_video_widget wpb_content_element vc_clearfix   vc_video-aspect-ratio-169 vc_video-el-width-100 vc_video-align-left\" >\n\t\t<div class=\"wpb_wrapper\">\n\t\t\t\n\t\t\t<div class=\"wpb_video_wrapper\"><iframe loading=\"lazy\" title=\"\u09b2\u09b8 Haitises \u099c\u09be\u09a4\u09c0\u09af\u09bc \u0989\u09a6\u09cd\u09af\u09be\u09a8, \u09ad\u09cd\u09b0\u09ae\u09a3 \u0993 \u09ad\u09cd\u09b0\u09ae\u09a3 Samana \u09ac\u09be Sabana \u09a6\u09c7 \u09b2\u09be \u09ae\u09be\u09b0\u09cd\u099a \u09a5\u09c7\u0995\u09c7.\" src=\"https:\/\/player.vimeo.com\/video\/346508015?dnt=1&amp;app_id=122963\" width=\"1100\" height=\"619\" frameborder=\"0\" allow=\"autoplay; fullscreen\" allowfullscreen><\/iframe><\/div>\n\t\t<\/div>\n\t<\/div>\n<\/div><\/div><\/div><\/div><div class=\"vc_row wpb_row vc_row-fluid\" ><div class=\"wpb_column vc_column_container vc_col-sm-12\"><div class=\"vc_column-inner\"><div class=\"wpb_wrapper\"><div class=\"vc_empty_space\"   style=\"height: 32px\"><span class=\"vc_empty_space_inner\"><\/span><\/div>\n\t<div class=\"wpb_text_column wpb_content_element\" >\n\t\t<div class=\"wpb_wrapper\">\n\t\t\t<h4>\u0986\u09ae\u09be\u09f0 \u09b8\u09c8\u09a4\u09c7 \u09af\u09cb\u0997\u09be\u09af\u09cb\u0997 \u0995\u09f0\u0995?<\/h4>\n<h5>\u09a6\u09c1\u0983\u09b8\u09be\u09b9\u09b8\u09bf\u0995 \u09b8\u0982\u09f0\u0995\u09cd\u09b7\u09a3<\/h5>\n<p><em>\u099f\u09cd\u09af\u09c1\u09f0 \u0997\u09be\u0987\u09a1<\/em> <em><strong>\u09b8\u09cd\u09a5\u09be\u09a8\u09c0\u09df<\/strong><\/em> \u0986\u09f0\u09c1 <strong><em>\u09f0\u09be\u09b7\u09cd\u099f\u09cd\u09f0\u09c0\u09df<\/em><\/strong> &amp;<em>\u00a0\u0985\u09a4\u09bf\u09a5\u09bf \u09b8\u09c7\u09f1\u09be<\/em><\/p>\n<p>\u09f0\u09bf\u099c\u09be\u09f0\u09cd\u09ad\u099a\u09a8: \u09a1\u09ae \u09f0\u09c7\u09aa\u09a4 \u09ad\u09cd\u09f0\u09ae\u09a3 \u0986\u09f0\u09c1 \u09ad\u09cd\u09f0\u09ae\u09a3\u0964<\/p>\n<p>\u09a6\u09c2\u09f0\u09ad\u09be\u09b7\/\u09f1\u09be\u099f\u099b\u098f\u09aa +\u09e7-\u09ee\u09e6\u09ef-\u09ed\u09e8\u09e6-\u09ec\u09e6\u09e9\u09eb\u0964<\/p>\n<p>info@bookingadventures.com.do<\/p>\n<p>\u0986\u09ae\u09bf Whatsapp \u09a6\u09cd\u09ac\u09be\u09f0\u09be \u09a8\u09ae\u09a8\u09c0\u09af\u09bc \u0995\u09a8\u09ab\u09bf\u0997\u09be\u09f0\u09c7\u099a\u09a8\u09f0 \u09b8\u09c8\u09a4\u09c7 \u09ac\u09cd\u09af\u0995\u09cd\u09a4\u09bf\u0997\u09a4 \u09ad\u09cd\u09f0\u09ae\u09a3: +18097206035.<\/p>\n\n\t\t<\/div>\n\t<\/div>\n<div class=\"vc_empty_space\"   style=\"height: 32px\"><span class=\"vc_empty_space_inner\"><\/span><\/div><\/div><\/div><\/div><\/div>","protected":false},"excerpt":{"rendered":"<p><strong>\u0985\u09a8\u09c1\u0997\u09cd\u09f0\u09b9 \u0995\u09f0\u09bf The Tour \u09f0 \u09ac\u09be\u09ac\u09c7 \u09a4\u09be\u09f0\u09bf\u0996 \u09a8\u09bf\u09f0\u09cd\u09ac\u09be\u099a\u09a8 \u0995\u09f0\u0995\u00a0<\/strong><\/p>","protected":false},"featured_media":104,"template":"","meta":[],"product_brand":[],"product_cat":[119,96,144,98,135,121,99,122,443,123,124],"product_tag":[126,127,128,145,132,133,146,147,148,143],"class_list":{"0":"post-551","1":"product","2":"type-product","3":"status-publish","4":"has-post-thumbnail","6":"product_cat-caves","7":"product_cat-hiking","8":"product_cat-kayaking","9":"product_cat-local-tour-guides","10":"product_cat-lunch","11":"product_cat-mangroves","12":"product_cat-swimming-natural-springs","13":"product_cat-tours-and-excursions","14":"product_cat-tours-y-excursiones-es","15":"product_cat-tours-excursions-los-haitises-national-park","16":"product_cat-tours-excursions-samana-bay-dominican-republic","17":"product_tag-cano-hondo","18":"product_tag-cano-hondo-hotel","19":"product_tag-cano-hondo-tours","20":"product_tag-day-tour-cano-hondo","21":"product_tag-los-haitises","22":"product_tag-los-haitises-national-park","23":"product_tag-mangroves-los-haitises","24":"product_tag-samana-bay","25":"product_tag-samana-excursions","26":"product_tag-samana-tours","28":"first","29":"instock","30":"sale","31":"sold-individually","32":"shipping-taxable","33":"product-type-external"},"_links":{"self":[{"href":"https:\/\/visitaloshaitises.com\/as\/wp-json\/wp\/v2\/product\/551","targetHints":{"allow":["GET"]}}],"collection":[{"href":"https:\/\/visitaloshaitises.com\/as\/wp-json\/wp\/v2\/product"}],"about":[{"href":"https:\/\/visitaloshaitises.com\/as\/wp-json\/wp\/v2\/types\/product"}],"wp:featuredmedia":[{"embeddable":true,"href":"https:\/\/visitaloshaitises.com\/as\/wp-json\/wp\/v2\/media\/104"}],"wp:attachment":[{"href":"https:\/\/visitaloshaitises.com\/as\/wp-json\/wp\/v2\/media?parent=551"}],"wp:term":[{"taxonomy":"product_brand","embeddable":true,"href":"https:\/\/visitaloshaitises.com\/as\/wp-json\/wp\/v2\/product_brand?post=551"},{"taxonomy":"product_cat","embeddable":true,"href":"https:\/\/visitaloshaitises.com\/as\/wp-json\/wp\/v2\/product_cat?post=551"},{"taxonomy":"product_tag","embeddable":true,"href":"https:\/\/visitaloshaitises.com\/as\/wp-json\/wp\/v2\/product_tag?post=551"}],"curies":[{"name":"wp","href":"https:\/\/api.w.org\/{rel}","templated":true}]}}