{"id":554,"date":"2020-06-22T17:36:48","date_gmt":"2020-06-22T17:36:48","guid":{"rendered":"https:\/\/haitises.com\/?post_type=product&#038;p=554"},"modified":"2024-04-17T20:44:54","modified_gmt":"2024-04-17T20:44:54","slug":"excursion-a-los-haitises-desde-sabana-de-la-mar-o-cano-hondo","status":"publish","type":"product","link":"https:\/\/visitaloshaitises.com\/ar\/\u062e\u0627\u0635\/excursion-a-los-haitises-desde-sabana-de-la-mar-o-cano-hondo\/","title":{"rendered":"\u0631\u062d\u0644\u0629 \u0625\u0644\u0649 \u0644\u0648\u0633 \u0647\u0627\u064a\u062a\u064a\u0633\u064a\u0633 \u0645\u0646 \u0633\u0627\u0628\u0627\u0646\u0627 \u062f\u064a \u0644\u0627 \u0645\u0627\u0631 \u0623\u0648 \u0643\u0627\u0646\u064a\u0648 \u0647\u0648\u0646\u062f\u0648"},"content":{"rendered":"<div class=\"vc_row wpb_row vc_row-fluid\" ><div class=\"wpb_column vc_column_container vc_col-sm-12\"><div class=\"vc_column-inner\"><div class=\"wpb_wrapper\">[mkdf_section_title subtitle_tag=\u00bb\u00bb subtitle=\u00bbTour normal a los Haitises\u00bb]<\/div><\/div><\/div><\/div><div class=\"vc_row wpb_row vc_row-fluid\" ><div class=\"wpb_column vc_column_container vc_col-sm-12\"><div class=\"vc_column-inner\"><div class=\"wpb_wrapper\">\n\t<div class=\"wpb_text_column wpb_content_element\" >\n\t\t<div class=\"wpb_wrapper\">\n\t\t\t<h2>\u062d\u062f\u064a\u0642\u0629 \u0644\u0648\u0633 \u0647\u0627\u064a\u062a\u064a\u0633\u064a\u0633 \u0627\u0644\u0648\u0637\u0646\u064a\u0629 \u0645\u0646 \u0633\u0627\u0628\u0627\u0646\u0627 \u062f\u064a \u0644\u0627 \u0645\u0627\u0631 \u0623\u0648 \u0641\u0646\u062f\u0642 \u0643\u0627\u0646\u0648 \u0647\u0648\u0646\u062f\u0648.<\/h2>\n<h3>\u0648\u0635\u0641<\/h3>\n<p>\u0631\u062d\u0644\u0629 \u062e\u0627\u0635\u0629 \u0639\u0627\u062f\u064a\u0629 \u0625\u0644\u0649 \u0645\u0646\u062a\u0632\u0647 \u0644\u0648\u0633 \u0647\u0627\u064a\u062a\u064a\u0633\u064a\u0633 \u0627\u0644\u0648\u0637\u0646\u064a. \u062a\u0639\u0627\u0644\u0648\u0627 \u0645\u0639\u0646\u0627 \u0644\u0632\u064a\u0627\u0631\u0629 \u0623\u062c\u0645\u0644 \u062d\u062f\u064a\u0642\u0629 \u0648\u0637\u0646\u064a\u0629 \u0641\u064a \u062c\u0645\u0647\u0648\u0631\u064a\u0629 \u0627\u0644\u062f\u0648\u0645\u064a\u0646\u064a\u0643\u0627\u0646 \u0648\u0632\u064a\u0627\u0631\u0629 \u0623\u0634\u062c\u0627\u0631 \u0627\u0644\u0645\u0627\u0646\u063a\u0631\u0648\u0641 \u0648\u0627\u0644\u0643\u0647\u0648\u0641 \u0648\u062e\u0644\u064a\u062c \u0633\u0627\u0646 \u0644\u0648\u0631\u064a\u0646\u0632\u0648. \u064a\u0645\u0643\u0646 \u0623\u0646 \u062a\u0628\u062f\u0623 \u0647\u0630\u0647 \u0627\u0644\u062a\u062c\u0631\u0628\u0629 \u0645\u0646 \u0645\u062c\u062a\u0645\u0639 \u0633\u0627\u0628\u0627\u0646\u0627 \u062f\u064a \u0644\u0627 \u0645\u0627\u0631 \u0644\u0644\u062a\u0639\u0631\u0641 \u0639\u0644\u0649 \u062a\u0627\u0631\u064a\u062e \u0633\u0627\u0628\u0627\u0646\u0627 \u062f\u064a \u0644\u0627 \u0645\u0627\u0631. \u0628\u0627\u0644\u0625\u0636\u0627\u0641\u0629 \u0625\u0644\u0649 \u0630\u0644\u0643\u060c \u0646\u0628\u062f\u0623 \u0647\u0630\u0647 \u0627\u0644\u0631\u062d\u0644\u0629 \u0645\u0646 \u0645\u064a\u0646\u0627\u0621 \u0643\u0627\u0646\u064a\u0648 \u0647\u0648\u0646\u062f\u0648.<\/p>\n<ul>\n<li>\u0627\u0644\u0636\u0631\u0627\u0626\u0628 \u0627\u0644\u0645\u062f\u0631\u062c\u0629<\/li>\n<li>\u064a\u0648\u0641\u0631 \u0627\u0644\u062f\u0644\u064a\u0644 \u0627\u0644\u062a\u0639\u0644\u064a\u0645\u0627\u062a \u0648\u0627\u0644\u0625\u0634\u0631\u0627\u0641.<\/li>\n<li>\u0644\u0627 \u064a\u062a\u0645 \u062a\u0636\u0645\u064a\u0646 \u0627\u0644\u063a\u062f\u0627\u0621 \u0641\u064a \u0627\u0644\u063a\u062f\u0627\u0621 \u0641\u064a \u0643\u0627\u0646\u064a\u0648 \u0647\u0648\u0646\u062f\u0648 \u0627\u062e\u062a\u0631 \u0647\u0630\u0647 \u0627\u0644\u062c\u0648\u0644\u0629: \u0644\u0648\u0633 \u0647\u0627\u064a\u062a\u064a\u0633\u064a\u0633 \u0628\u0644\u0633 \u0643\u0627\u0646\u064a\u0648 \u0647\u0648\u0646\u062f\u0648.<\/li>\n<\/ul>\n<h3>\u0627\u0644\u0627\u062f\u0631\u0627\u062c \u0648\u0627\u0644\u0627\u0633\u062a\u062b\u0646\u0627\u0621\u0627\u062a<\/h3>\n<h4>\u0627\u0644\u0627\u062f\u0631\u0627\u062c<\/h4>\n<ol>\n<li>\u062c\u0648\u0644\u0629 \u0644\u0648\u0633 \u0647\u0627\u064a\u062a\u064a\u0633\u064a\u0633 + \u0627\u0644\u0643\u0647\u0648\u0641 \u0648\u0627\u0644\u0635\u0648\u0631 \u0627\u0644\u062a\u0648\u0636\u064a\u062d\u064a\u0629<\/li>\n<li>\u062c\u0645\u064a\u0639 \u0627\u0644\u0636\u0631\u0627\u0626\u0628 \u0648\u0627\u0644\u0631\u0633\u0648\u0645 \u0648\u0631\u0633\u0648\u0645 \u0627\u0644\u0645\u0646\u0627\u0648\u0644\u0629.<\/li>\n<li>\u0627\u0644\u0636\u0631\u0627\u0626\u0628 \u0627\u0644\u0645\u062d\u0644\u064a\u0629<\/li>\n<li>\u062c\u0645\u064a\u0639 \u0627\u0644\u0623\u0646\u0634\u0637\u0629<\/li>\n<li>\u062f\u0644\u064a\u0644 \u0645\u062d\u0644\u064a<\/li>\n<\/ol>\n<h4>\u0627\u0644\u0627\u0633\u062a\u062b\u0646\u0627\u0621\u0627\u062a<\/h4>\n<ol>\n<li>\u0646\u0635\u0627\u0626\u062d<\/li>\n<li>\u0644\u0627 \u064a\u062a\u0645 \u062a\u0636\u0645\u064a\u0646 \u0627\u0644\u063a\u062f\u0627\u0621 \u0641\u064a \u0627\u0644\u063a\u062f\u0627\u0621 \u0641\u064a \u0643\u0627\u0646\u064a\u0648 \u0647\u0648\u0646\u062f\u0648 \u0627\u062e\u062a\u0631 \u0647\u0630\u0647 \u0627\u0644\u062c\u0648\u0644\u0629: \u0644\u0648\u0633 \u0647\u0627\u064a\u062a\u064a\u0633\u064a\u0633 \u0628\u0644\u0633 \u0643\u0627\u0646\u064a\u0648 \u0647\u0648\u0646\u062f\u0648.<\/li>\n<li>\u064a\u0646\u0642\u0644<\/li>\n<li>\u0627\u0644\u0645\u0634\u0631\u0648\u0628\u0627\u062a \u0627\u0644\u0643\u062d\u0648\u0644\u064a\u0629<\/li>\n<\/ol>\n<h3><em>\u0627\u0644\u0645\u063a\u0627\u062f\u0631\u0629 \u0648\u0627\u0644\u0639\u0648\u062f\u0629<\/em><\/h3>\n<p>\u0633\u064a\u062d\u0635\u0644 \u0627\u0644\u0645\u0633\u0627\u0641\u0631 \u0639\u0644\u0649 \u0646\u0642\u0637\u0629 \u0627\u0644\u062a\u0642\u0627\u0621 \u0628\u0639\u062f \u0639\u0645\u0644\u064a\u0629 \u0627\u0644\u062d\u062c\u0632. \u062a\u0628\u062f\u0623 \u0627\u0644\u062c\u0648\u0644\u0627\u062a \u0648\u062a\u0646\u062a\u0647\u064a \u0641\u064a \u0646\u0642\u0627\u0637 \u0627\u0644\u0627\u0644\u062a\u0642\u0627\u0621 \u0644\u062f\u064a\u0646\u0627.<\/p>\n<h4><em>\u0645\u0627\u0630\u0627 \u062a\u062a\u0648\u0642\u0639\u061f<\/em><\/h4>\n<p>\u0627\u062d\u0635\u0644 \u0639\u0644\u0649 \u0627\u0644\u062a\u0630\u0627\u0643\u0631 \u0627\u0644\u062e\u0627\u0635\u0629 \u0628\u0643 \u0644\u0632\u064a\u0627\u0631\u0629 \u0645\u0646\u062a\u0632\u0647 \u0644\u0648\u0633 \u0647\u0627\u064a\u062a\u064a\u0633\u064a\u0633 \u0627\u0644\u0648\u0637\u0646\u064a \u0627\u0644\u0630\u064a \u064a\u0636\u0645 \u0627\u0644\u0643\u0647\u0648\u0641 \u0648\u0623\u0634\u062c\u0627\u0631 \u0627\u0644\u0645\u0627\u0646\u063a\u0631\u0648\u0641 \u0648\u062e\u0644\u064a\u062c \u0633\u0627\u0646 \u0644\u0648\u0631\u064a\u0646\u0632\u0648.<\/p>\n<p>\u0623\u0642\u0644 \u0633\u0639\u0631 \u0644\u0632\u064a\u0627\u0631\u0629 \u0645\u0646\u062a\u0632\u0647 \u0644\u0648\u0633 \u0647\u0627\u064a\u062a\u064a\u0633\u064a\u0633 \u0627\u0644\u0648\u0637\u0646\u064a \u0645\u0646 \u0641\u0646\u0627\u062f\u0642 \u0633\u0627\u0628\u0627\u0646\u0627 \u062f\u064a \u0644\u0627 \u0645\u0627\u0631 \u0623\u0648 \u0643\u0627\u0646\u064a\u0648 \u0647\u0648\u0646\u062f\u0648 \u0645\u0639 \u0645\u0631\u0634\u062f\u064a\u0646 \u0645\u062d\u0644\u064a\u064a\u0646. \u062a\u0628\u062f\u0623 \u0627\u0644\u0631\u062d\u0644\u0629 \u0641\u064a \u0627\u0644\u0645\u064a\u0646\u0627\u0621 \u0627\u0644\u0631\u0626\u064a\u0633\u064a \u0644\u0645\u0646\u062a\u0632\u0647 \u0644\u0648\u0633 \u0647\u0627\u064a\u062a\u064a\u0633\u064a\u0633 \u0627\u0644\u0648\u0637\u0646\u064a. \u062a\u0628\u062f\u0623 \u0647\u0630\u0647 \u0627\u0644\u0631\u062d\u0644\u0629 \u0641\u064a \u0627\u0644\u0633\u0627\u0639\u0629 10:00 \u0635\u0628\u0627\u062d\u064b\u0627 \u0645\u0639 \u0645\u0631\u0634\u062f \u0633\u064a\u0627\u062d\u064a \u0645\u062d\u0644\u064a \u064a\u0639\u0631\u0641 \u0627\u0644\u0642\u0635\u0629 \u0627\u0644\u0623\u0635\u0644\u064a\u0629 \u0639\u0646 \u0627\u0644\u062d\u062f\u064a\u0642\u0629 \u0627\u0644\u0648\u0637\u0646\u064a\u0629 \u0627\u0644\u0631\u0627\u0626\u0639\u0629.<\/p>\n<p>\u062b\u0645 \u0646\u0628\u062f\u0623 \u0645\u0646 \u0627\u0644\u0645\u064a\u0646\u0627\u0621 \u0627\u0644\u0631\u0626\u064a\u0633\u064a \u0644\u0645\u0646\u062a\u0632\u0647 \u0644\u0648\u0633 \u0647\u0627\u064a\u062a\u064a\u0633\u064a\u0633 \u0627\u0644\u0648\u0637\u0646\u064a\u060c \u0627\u0644\u0645\u0633\u0645\u0649 \u0643\u0627\u0646\u064a\u0648 \u0647\u0648\u0646\u062f\u0648 (\u062f\u064a\u0628 \u0643\u0631\u064a\u0643) \u0641\u064a \u0642\u0627\u0631\u0628 \u0645\u0639 \u0633\u062a\u0631\u0627\u062a \u0627\u0644\u0646\u062c\u0627\u0629. \u0633\u0646\u0633\u062a\u0645\u062a\u0639 \u0628\u063a\u0627\u0628\u0629 \u0627\u0644\u0645\u0646\u063a\u0631\u0648\u0641 \u0627\u0644\u062d\u0645\u0631\u0627\u0621 \u062d\u062a\u0649 \u0646\u0635\u0644 \u0625\u0644\u0649 \u062e\u0644\u064a\u062c \u0633\u0627\u0646 \u0644\u0648\u0631\u064a\u0646\u0632\u0648. \u062e\u0644\u064a\u062c \u0635\u063a\u064a\u0631 \u0641\u064a \u062e\u0644\u064a\u062c \u0633\u0627\u0645\u0627\u0646\u0627. \u0648\u0647\u0627 \u0642\u062f \u0628\u062f\u0623\u0646\u0627! \u0623\u0648\u0644 \u0634\u064a\u0621 \u064a\u0645\u0643\u0646\u0643 \u0631\u0624\u064a\u062a\u0647 \u0647\u0648 \u0645\u062c\u0645\u0648\u0639\u0629 \u062c\u0632\u064a\u0631\u0629 \u062c\u0628\u0644\u064a\u0629 \u0636\u062e\u0645\u0629 \u0645\u0646 \u0627\u0644\u062d\u062c\u0631 \u0627\u0644\u062c\u064a\u0631\u064a \u062a\u0633\u0645\u0649 \u0645\u0648\u063a\u0648\u062a\u064a\u0633. \u0648\u0641\u0648\u0642\u0647\u0627 \u0623\u0643\u062b\u0631 \u0645\u0646 700 \u0646\u0648\u0639 \u0645\u0646 \u0627\u0644\u0646\u0628\u0627\u062a\u0627\u062a \u0648\u0627\u0644\u0639\u062f\u064a\u062f \u0645\u0646 \u0637\u064a\u0648\u0631 \u0627\u0644\u0623\u0631\u0627\u0636\u064a \u0627\u0644\u0631\u0637\u0628\u0629 \u062a\u062d\u0644\u0642 \u062d\u0648\u0644\u0647\u0627. \u0641\u064a \u0648\u0642\u062a \u0644\u0627\u062d\u0642\u060c \u0642\u0645\u0646\u0627 \u0628\u0632\u064a\u0627\u0631\u0629 \u0627\u0644\u0643\u0647\u0648\u0641 \u0627\u0644\u062a\u064a \u062a\u062d\u062a\u0648\u064a \u0639\u0644\u0649 \u0635\u0648\u0631 \u0644\u0645\u062c\u062a\u0645\u0639\u0627\u062a\u0646\u0627 \u0627\u0644\u0623\u0635\u0644\u064a\u0629 \u0642\u0628\u0644 750 \u0639\u0627\u0645\u064b\u0627.<\/p>\n<p>\u0645\u0646 \u062e\u0644\u0627\u0644 \u0623\u0634\u062c\u0627\u0631 \u0627\u0644\u0645\u0627\u0646\u063a\u0631\u0648\u0641 \u0648\u0627\u0644\u0647\u0628\u0648\u0637 \u0641\u064a \u062e\u0644\u064a\u062c \u0633\u0627\u0646 \u0644\u0648\u0631\u064a\u0646\u0632\u0648 \u0627\u0644\u0645\u0641\u062a\u0648\u062d\u060c \u062d\u064a\u062b \u064a\u0645\u0643\u0646\u0643 \u062a\u0635\u0648\u064a\u0631 \u0627\u0644\u0645\u0646\u0627\u0638\u0631 \u0627\u0644\u0637\u0628\u064a\u0639\u064a\u0629 \u0644\u0644\u063a\u0627\u0628\u0627\u062a \u0627\u0644\u0648\u0639\u0631\u0629. \u0627\u0646\u0638\u0631 \u0625\u0644\u0649 \u0627\u0644\u0645\u0627\u0621 \u0644\u0631\u0624\u064a\u0629 \u062e\u0631\u0627\u0641 \u0627\u0644\u0628\u062d\u0631 \u0648\u0627\u0644\u0642\u0634\u0631\u064a\u0627\u062a \u0648\u0627\u0644\u062f\u0644\u0627\u0641\u064a\u0646.<\/p>\n<p>El nombre del parque nacional proviene de sus habitantes originales, los indios ta\u00ednos. En su idioma, \u00abHaitises\u00bb se traduce en tierras altas o colinas, una referencia a las empinadas formaciones geol\u00f3gicas de la costa con calizas. Avent\u00farate en el parque para explorar cuevas como la Cueva de la Arena y la Cueva de la L\u00ednea. Las cuevas en la reserva fueron utilizadas como refugio por los indios ta\u00ednos y, m\u00e1s tarde, por los piratas escondidos. Busque dibujos de indios que decoran algunas de las paredes. Despu\u00e9s de visitar el Parque Nacional Los Haitises, regresaremos al puerto donde comenz\u00f3 nuestro viaje.<\/p>\n<h3><em>\u0645\u0627\u0630\u0627 \u064a\u062c\u0628 \u0623\u0646 \u062a\u062d\u0636\u0631\u061f<\/em><\/h3>\n<ul>\n<li>\u0622\u0644\u0629 \u062a\u0635\u0648\u064a\u0631<\/li>\n<li>\u0627\u0644\u0645\u0648\u0627\u062f \u0627\u0644\u0637\u0627\u0631\u062f\u0629<\/li>\n<li>\u0643\u0631\u064a\u0645 \u0648\u0627\u0642\u064a \u0645\u0646 \u0627\u0644\u0634\u0645\u0633<\/li>\n<li>\u0642\u0628\u0639\u0629<\/li>\n<li>\u0627\u0644\u0633\u0631\u0627\u0648\u064a\u0644 \u0627\u0644\u0645\u0631\u064a\u062d\u0629<\/li>\n<li>\u0623\u062d\u0630\u064a\u0629 \u0627\u0644\u0645\u0634\u064a \u0644\u0645\u0633\u0627\u0641\u0627\u062a \u0637\u0648\u064a\u0644\u0629 \u0641\u064a \u0627\u0644\u063a\u0627\u0628\u0627\u062a<\/li>\n<li>\u0627\u0644\u0635\u0646\u0627\u062f\u0644 \u0625\u0644\u0649 \u0645\u0646\u0627\u0637\u0642 \u0627\u0644\u0631\u0628\u064a\u0639.<\/li>\n<li>\u0645\u0644\u0627\u0628\u0633 \u0627\u0644\u0633\u0628\u0627\u062d\u0629<\/li>\n<\/ul>\n<h3><em>\u0628\u064a\u0643 \u0627\u0628 \u0627\u0644\u0641\u0646\u062f\u0642<\/em><\/h3>\n<p>\u062a\u062a\u0648\u0641\u0631 \u062e\u062f\u0645\u0629 \u0627\u0644\u0627\u0633\u062a\u0642\u0628\u0627\u0644 \u0641\u064a \u0627\u0644\u0641\u0646\u062f\u0642 \u0625\u0630\u0627 \u0643\u0646\u062a \u0645\u062a\u0648\u0627\u062c\u062f\u064b\u0627 \u0641\u064a \u0641\u0646\u062f\u0642 Paraiso Ca\u00f1o Hondo \u0623\u0648 Altos Ca\u00f1o Hondo. \u062a\u0642\u0639 \u0646\u0642\u0637\u0629 \u0627\u0644\u0627\u0644\u062a\u0642\u0627\u0621 \u0644\u062f\u064a\u0646\u0627 \u0639\u0644\u0649 \u0628\u0639\u062f 5 \u062f\u0642\u0627\u0626\u0642 \u0633\u064a\u0631\u064b\u0627 \u0639\u0644\u0649 \u0627\u0644\u0623\u0642\u062f\u0627\u0645 \u0645\u0646 \u062a\u0644\u0643 \u0627\u0644\u0641\u0646\u0627\u062f\u0642.<\/p>\n<p><strong>\u0645\u0644\u062d\u0648\u0638\u0629<\/strong>- \u0625\u0630\u0627 \u0642\u0645\u062a \u0628\u0627\u0644\u062d\u062c\u0632 \u062e\u0644\u0627\u0644 24 \u0633\u0627\u0639\u0629 \u0645\u0646 \u0648\u0642\u062a \u0645\u063a\u0627\u062f\u0631\u0629 \u0627\u0644\u062c\u0648\u0644\u0629\/\u0627\u0644\u0631\u062d\u0644\u0629\u060c \u0641\u064a\u0645\u0643\u0646\u0646\u0627 \u062a\u0631\u062a\u064a\u0628 \u062e\u062f\u0645\u0629 \u0627\u0644\u0627\u0633\u062a\u0642\u0628\u0627\u0644 \u0641\u064a \u0627\u0644\u0641\u0646\u062f\u0642 \u0645\u0642\u0627\u0628\u0644 \u0631\u0633\u0648\u0645 \u0625\u0636\u0627\u0641\u064a\u0629 \u0625\u0630\u0627 \u0644\u0645 \u062a\u0643\u0646 \u0641\u064a \u0641\u0646\u0627\u062f\u0642 \u0643\u0627\u0646\u064a\u0648 \u0647\u0648\u0646\u062f\u0648. \u0628\u0645\u062c\u0631\u062f \u0627\u0643\u062a\u0645\u0627\u0644 \u0639\u0645\u0644\u064a\u0629 \u0627\u0644\u0634\u0631\u0627\u0621\u060c \u0633\u0646\u0631\u0633\u0644 \u0644\u0643 \u0645\u0639\u0644\u0648\u0645\u0627\u062a \u0627\u0644\u0627\u062a\u0635\u0627\u0644 \u0627\u0644\u0643\u0627\u0645\u0644\u0629 (\u0631\u0642\u0645 \u0627\u0644\u0647\u0627\u062a\u0641 \u0648\u0639\u0646\u0648\u0627\u0646 \u0627\u0644\u0628\u0631\u064a\u062f \u0627\u0644\u0625\u0644\u0643\u062a\u0631\u0648\u0646\u064a \u0648\u0645\u0627 \u0625\u0644\u0649 \u0630\u0644\u0643) \u0644\u0645\u0631\u0634\u062f\u0646\u0627 \u0627\u0644\u0633\u064a\u0627\u062d\u064a \u0627\u0644\u0645\u062d\u0644\u064a \u0644\u062a\u0631\u062a\u064a\u0628 \u062a\u0631\u062a\u064a\u0628\u0627\u062a \u0627\u0644\u0627\u0633\u062a\u0644\u0627\u0645.<\/p>\n<h3><em>\u062a\u0623\u0643\u064a\u062f \u0627\u0644\u0645\u0639\u0644\u0648\u0645\u0627\u062a \u0627\u0644\u0625\u0636\u0627\u0641\u064a\u0629<\/em><\/h3>\n<ul>\n<li>\u0627\u0644\u062a\u0630\u0627\u0643\u0631 \u0647\u064a \u0627\u0644\u0625\u064a\u0635\u0627\u0644 \u0628\u0639\u062f \u062f\u0641\u0639 \u062b\u0645\u0646 \u0647\u0630\u0647 \u0627\u0644\u062c\u0648\u0644\u0629. \u064a\u0645\u0643\u0646\u0643 \u0625\u0638\u0647\u0627\u0631 \u0627\u0644\u062f\u0641\u0639 \u0639\u0644\u0649 \u0647\u0627\u062a\u0641\u0643.<\/li>\n<li>\u0633\u064a\u062a\u0645 \u0627\u0633\u062a\u0644\u0627\u0645 \u0646\u0642\u0637\u0629 \u0627\u0644\u0627\u0644\u062a\u0642\u0627\u0621 \u0628\u0639\u062f \u0639\u0645\u0644\u064a\u0629 \u0627\u0644\u062d\u062c\u0632.<\/li>\n<li>\u064a\u062c\u0628 \u0623\u0646 \u064a\u0635\u0627\u062d\u0628 \u0627\u0644\u0623\u0637\u0641\u0627\u0644 \u0645\u0646 \u0642\u0628\u0644 \u0627\u0644\u0643\u0628\u0627\u0631.<\/li>\n<li>\u0644\u0627 \u064a\u0645\u0643\u0646 \u0627\u0644\u0648\u0635\u0648\u0644 \u0625\u0644\u064a\u0647 \u0628\u0648\u0627\u0633\u0637\u0629 \u0627\u0644\u0643\u0631\u0627\u0633\u064a \u0627\u0644\u0645\u062a\u062d\u0631\u0643\u0629<\/li>\n<li>\u064a\u062c\u0628 \u0623\u0646 \u064a\u062c\u0644\u0633 \u0627\u0644\u0623\u0637\u0641\u0627\u0644 \u0627\u0644\u0631\u0636\u0639 \u0641\u064a \u0645\u0642\u0639\u062f \u0627\u0644\u0637\u0641\u0644 \u0623\u0648 \u0645\u0639 \u0634\u062e\u0635 \u0628\u0627\u0644\u063a<\/li>\n<li>\u0644\u0627 \u064a\u0646\u0635\u062d \u0628\u0647 \u0644\u0644\u0645\u0633\u0627\u0641\u0631\u064a\u0646 \u0627\u0644\u0630\u064a\u0646 \u064a\u0639\u0627\u0646\u0648\u0646 \u0645\u0646 \u0645\u0634\u0627\u0643\u0644 \u0641\u064a \u0627\u0644\u0638\u0647\u0631.<\/li>\n<li>\u0644\u0627 \u064a\u0646\u0635\u062d \u0628\u0647 \u0644\u0644\u0646\u0633\u0627\u0621 \u0627\u0644\u062d\u0648\u0627\u0645\u0644.<\/li>\n<li>\u0644\u0627 \u062a\u0648\u062c\u062f \u0645\u0634\u0627\u0643\u0644 \u0641\u064a \u0627\u0644\u0642\u0644\u0628 \u0623\u0648 \u063a\u064a\u0631\u0647\u0627 \u0645\u0646 \u0627\u0644\u062d\u0627\u0644\u0627\u062a \u0627\u0644\u0637\u0628\u064a\u0629 \u0627\u0644\u062e\u0637\u064a\u0631\u0629.<\/li>\n<li>\u064a\u0645\u0643\u0646 \u0644\u0645\u0639\u0638\u0645 \u0627\u0644\u0645\u0633\u0627\u0641\u0631\u064a\u0646 \u0627\u0644\u0645\u0634\u0627\u0631\u0643\u0629.<\/li>\n<\/ul>\n<h3><em>\u0633\u064a\u0627\u0633\u0629 \u0627\u0644\u0625\u0644\u063a\u0627\u0621<\/em><\/h3>\n<p>\u0644\u0627\u0633\u062a\u0631\u062f\u0627\u062f \u0643\u0627\u0645\u0644 \u0627\u0644\u0645\u0628\u0644\u063a\u060c \u0642\u0645 \u0628\u0627\u0644\u0625\u0644\u063a\u0627\u0621 \u0642\u0628\u0644 24 \u0633\u0627\u0639\u0629 \u0639\u0644\u0649 \u0627\u0644\u0623\u0642\u0644 \u0645\u0646 \u062a\u0627\u0631\u064a\u062e \u0628\u062f\u0621 \u0627\u0644\u062a\u062c\u0631\u0628\u0629.<\/p>\n<h3><em>\u0627\u062a\u0635\u0644 \u0628\u0646\u0627\u061f<\/em><\/h3>\n<p>\u0645\u063a\u0627\u0645\u0631\u0627\u062a \u0627\u0644\u062d\u062c\u0632<br \/>\n\u0627\u0644\u0645\u0631\u0634\u062f\u064a\u0646 \u0627\u0644\u0633\u064a\u0627\u062d\u064a\u064a\u0646 \u0627\u0644\u0645\u062d\u0644\u064a\u064a\u0646 \u0648\u0627\u0644\u0648\u0637\u0646\u064a\u064a\u0646 \u0648\u062e\u062f\u0645\u0627\u062a \u0627\u0644\u0636\u064a\u0648\u0641<\/p>\n<p>\u0627\u0644\u062d\u062c\u0648\u0632\u0627\u062a: \u0627\u0644\u062c\u0648\u0644\u0627\u062a \u0648\u0627\u0644\u0631\u062d\u0644\u0627\u062a \u0641\u064a \u062f\u0648\u0645.<\/p>\n<p>\ud83d\udcde \u0647\u0627\u062a\u0641\/\u0648\u0627\u062a\u0633\u0627\u0628 +1-809-720-6035.<\/p>\n<p>\ud83d\udce9 info@bookingadventures.com.do<\/p>\n<p>\u0646\u0642\u0648\u0645 \u0628\u062a\u0646\u0638\u064a\u0645 \u062c\u0648\u0644\u0627\u062a \u062e\u0627\u0635\u0629 \u0628\u062a\u0643\u0648\u064a\u0646 \u0645\u0631\u0646 \u0639\u0628\u0631 Whatsapp: +18097206035.<\/p>\n\n\t\t<\/div>\n\t<\/div>\n<\/div><\/div><\/div><\/div>","protected":false},"excerpt":{"rendered":"<p>\u0623\u0642\u0644 \u0633\u0639\u0631 \u0644\u0632\u064a\u0627\u0631\u0629 \u0645\u0646\u062a\u0632\u0647 \u0644\u0648\u0633 \u0647\u0627\u064a\u062a\u064a\u0633\u064a\u0633 \u0627\u0644\u0648\u0637\u0646\u064a \u0645\u0646 \u0641\u0646\u0627\u062f\u0642 \u0633\u0627\u0628\u0627\u0646\u0627 \u062f\u064a \u0644\u0627 \u0645\u0627\u0631 \u0623\u0648 \u0643\u0627\u0646\u064a\u0648 \u0647\u0648\u0646\u062f\u0648 \u0645\u0639 \u0645\u0631\u0634\u062f\u064a\u0646 \u0645\u062d\u0644\u064a\u064a\u0646. \u062a\u0628\u062f\u0623 \u0627\u0644\u0631\u062d\u0644\u0629 \u0641\u064a \u0627\u0644\u0645\u064a\u0646\u0627\u0621 \u0627\u0644\u0631\u0626\u064a\u0633\u064a \u0644\u0645\u0646\u062a\u0632\u0647 \u0644\u0648\u0633 \u0647\u0627\u064a\u062a\u064a\u0633\u064a\u0633 \u0627\u0644\u0648\u0637\u0646\u064a. \u062a\u0628\u062f\u0623 \u0647\u0630\u0647 \u0627\u0644\u0631\u062d\u0644\u0629 \u0641\u064a \u0627\u0644\u0633\u0627\u0639\u0629 10:00 \u0635\u0628\u0627\u062d\u064b\u0627 \u0645\u0639 \u0645\u0631\u0634\u062f \u0633\u064a\u0627\u062d\u064a \u0645\u062d\u0644\u064a \u064a\u0639\u0631\u0641 \u0627\u0644\u0642\u0635\u0629 \u0627\u0644\u0623\u0635\u0644\u064a\u0629 \u0639\u0646 \u0627\u0644\u062d\u062f\u064a\u0642\u0629 \u0627\u0644\u0648\u0637\u0646\u064a\u0629 \u0627\u0644\u0631\u0627\u0626\u0639\u0629.<\/p>\n<p>\u062b\u0645 \u0646\u0628\u062f\u0623 \u0645\u0646 \u0627\u0644\u0645\u064a\u0646\u0627\u0621 \u0627\u0644\u0631\u0626\u064a\u0633\u064a \u0644\u0645\u0646\u062a\u0632\u0647 \u0644\u0648\u0633 \u0647\u0627\u064a\u062a\u064a\u0633\u064a\u0633 \u0627\u0644\u0648\u0637\u0646\u064a\u060c \u0627\u0644\u0645\u0633\u0645\u0649 \u0643\u0627\u0646\u064a\u0648 \u0647\u0648\u0646\u062f\u0648 (\u062f\u064a\u0628 \u0643\u0631\u064a\u0643) \u0641\u064a \u0642\u0627\u0631\u0628 \u0645\u0639 \u0633\u062a\u0631\u0627\u062a \u0627\u0644\u0646\u062c\u0627\u0629. \u0633\u0646\u0633\u062a\u0645\u062a\u0639 \u0628\u063a\u0627\u0628\u0629 \u0627\u0644\u0645\u0627\u0646\u063a\u0631\u0648\u0641 \u0627\u0644\u062d\u0645\u0631\u0627\u0621 \u062d\u062a\u0649 \u0646\u0635\u0644 \u0625\u0644\u0649 \u062e\u0644\u064a\u062c \u0633\u0627\u0646 \u0644\u0648\u0631\u064a\u0646\u0632\u0648\u060c \u0648\u0647\u0648 \u062e\u0644\u064a\u062c \u0635\u063a\u064a\u0631 \u0641\u064a \u062e\u0644\u064a\u062c \u0633\u0627\u0645\u0627\u0646\u0627. \u0648\u0647\u0627 \u0642\u062f \u0628\u062f\u0623\u0646\u0627! \u0623\u0648\u0644 \u0634\u064a\u0621 \u064a\u0645\u0643\u0646\u0643 \u0631\u0624\u064a\u062a\u0647 \u0647\u0648 \u0645\u062c\u0645\u0648\u0639\u0629 \u062c\u0632\u064a\u0631\u0629 \u062c\u0628\u0644\u064a\u0629 \u0636\u062e\u0645\u0629 \u0645\u0646 \u0627\u0644\u062d\u062c\u0631 \u0627\u0644\u062c\u064a\u0631\u064a \u062a\u0633\u0645\u0649 \u0645\u0648\u063a\u0648\u062a\u064a\u0633. \u0628\u0627\u0644\u0625\u0636\u0627\u0641\u0629 \u0625\u0644\u0649 \u0630\u0644\u0643\u060c \u064a\u0637\u064a\u0631 \u062d\u0648\u0644\u0647\u0627 \u0623\u0643\u062b\u0631 \u0645\u0646 700 \u0646\u0648\u0639 \u0645\u0646 \u0627\u0644\u0646\u0628\u0627\u062a\u0627\u062a \u0648\u0627\u0644\u0639\u062f\u064a\u062f \u0645\u0646 \u0637\u064a\u0648\u0631 \u0627\u0644\u0623\u0631\u0627\u0636\u064a \u0627\u0644\u0631\u0637\u0628\u0629. \u0641\u064a \u0648\u0642\u062a \u0644\u0627\u062d\u0642\u060c \u0642\u0645\u0646\u0627 \u0628\u0632\u064a\u0627\u0631\u0629 \u0627\u0644\u0643\u0647\u0648\u0641 \u0627\u0644\u062a\u064a \u062a\u062d\u062a\u0648\u064a \u0639\u0644\u0649 \u0635\u0648\u0631 \u0644\u0645\u062c\u062a\u0645\u0639\u0627\u062a\u0646\u0627 \u0627\u0644\u0623\u0635\u0644\u064a\u0629 \u0642\u0628\u0644 750 \u0639\u0627\u0645\u064b\u0627.<\/p>\n<p><strong>\u0627\u0644\u0631\u062c\u0627\u0621 \u062a\u062d\u062f\u064a\u062f \u062a\u0627\u0631\u064a\u062e \u0627\u0644\u062c\u0648\u0644\u0629\u00a0<\/strong><\/p>","protected":false},"featured_media":81,"template":"","meta":[],"product_brand":[],"product_cat":[119,120,98,121,99,122,443,123,124],"product_tag":[125,126,127,128,129,130,131,132,133,134,114],"class_list":{"0":"post-554","1":"product","2":"type-product","3":"status-publish","4":"has-post-thumbnail","6":"product_cat-caves","7":"product_cat-fees-entrace","8":"product_cat-local-tour-guides","9":"product_cat-mangroves","10":"product_cat-swimming-natural-springs","11":"product_cat-tours-and-excursions","12":"product_cat-tours-y-excursiones-es","13":"product_cat-tours-excursions-los-haitises-national-park","14":"product_cat-tours-excursions-samana-bay-dominican-republic","15":"product_tag-boat-tour","16":"product_tag-cano-hondo","17":"product_tag-cano-hondo-hotel","18":"product_tag-cano-hondo-tours","19":"product_tag-eco-tours","20":"product_tag-excursion","21":"product_tag-locals-guides","22":"product_tag-los-haitises","23":"product_tag-los-haitises-national-park","24":"product_tag-los-haitises-national-park-tour","25":"product_tag-sabana-de-la-mar","27":"first","28":"instock","29":"sale","30":"sold-individually","31":"shipping-taxable","32":"product-type-external"},"_links":{"self":[{"href":"https:\/\/visitaloshaitises.com\/ar\/wp-json\/wp\/v2\/product\/554","targetHints":{"allow":["GET"]}}],"collection":[{"href":"https:\/\/visitaloshaitises.com\/ar\/wp-json\/wp\/v2\/product"}],"about":[{"href":"https:\/\/visitaloshaitises.com\/ar\/wp-json\/wp\/v2\/types\/product"}],"wp:featuredmedia":[{"embeddable":true,"href":"https:\/\/visitaloshaitises.com\/ar\/wp-json\/wp\/v2\/media\/81"}],"wp:attachment":[{"href":"https:\/\/visitaloshaitises.com\/ar\/wp-json\/wp\/v2\/media?parent=554"}],"wp:term":[{"taxonomy":"product_brand","embeddable":true,"href":"https:\/\/visitaloshaitises.com\/ar\/wp-json\/wp\/v2\/product_brand?post=554"},{"taxonomy":"product_cat","embeddable":true,"href":"https:\/\/visitaloshaitises.com\/ar\/wp-json\/wp\/v2\/product_cat?post=554"},{"taxonomy":"product_tag","embeddable":true,"href":"https:\/\/visitaloshaitises.com\/ar\/wp-json\/wp\/v2\/product_tag?post=554"}],"curies":[{"name":"wp","href":"https:\/\/api.w.org\/{rel}","templated":true}]}}