{"id":551,"date":"2020-06-19T20:10:32","date_gmt":"2020-06-19T20:10:32","guid":{"rendered":"https:\/\/haitises.com\/?post_type=product&#038;p=551"},"modified":"2023-10-14T21:50:12","modified_gmt":"2023-10-14T21:50:12","slug":"excursion-al-los-haitises-y-cano-hondo-desde-samana","status":"publish","type":"product","link":"https:\/\/visitaloshaitises.com\/am\/private\/excursion-al-los-haitises-y-cano-hondo-desde-samana\/","title":{"rendered":"\u12a8\u1233\u121b\u1293 \u12c8\u12f0 \u120e\u1235 \u1204\u12ed\u1272\u1235 \u12a5\u1293 \u12ab\u1296 \u1206\u1295\u12f6 \u12e8\u121a\u12f0\u1228\u130d \u1309\u12de"},"content":{"rendered":"<div class=\"vc_row wpb_row vc_row-fluid\" ><div class=\"wpb_column vc_column_container vc_col-sm-12\"><div class=\"vc_column-inner\"><div class=\"wpb_wrapper\"><div class=\"mkdf-section-title-holder\" style=\"text-align: left\">\n\t<div class=\"mkdf-st-inner\">\n\t\t\t\t\t<h5 class=\"mkdf-st-subtitle\" >\n\t\t\t\t\u1260\u1270\u1348\u1325\u122e \u1308\u1295\u12f3\u12ce\u127d \u12cd\u1235\u1325 \u121d\u1233 \u12a5\u1293 \u1218\u12cb\u1298\u1275\t\t\t<\/h5>\n\t\t\t\t\t\t\t<\/div>\n<\/div><\/div><\/div><\/div><\/div><div class=\"vc_row wpb_row vc_row-fluid\" ><div class=\"wpb_column vc_column_container vc_col-sm-12\"><div class=\"vc_column-inner\"><div class=\"wpb_wrapper\">\n\t<div class=\"wpb_text_column wpb_content_element\" >\n\t\t<div class=\"wpb_wrapper\">\n\t\t\t<h2>\u12e8\u120e\u1235 \u1204\u12ed\u1272\u1235 \u1265\u1214\u122b\u12ca \u1353\u122d\u12ad + \u121d\u1233 \u1260\u12ab\u1296 \u1206\u1295\u12f6 \u12a8\u1233\u121b\u1293 \u12c8\u12f0\u1265\u1362<\/h2>\n<h3><em>\u1218\u130d\u1208\u132b<\/em><\/h3>\n<p>\u12e8\u120e\u1235 \u1204\u12ed\u1272\u1235 \u1265\u1214\u122b\u12ca \u1353\u122d\u12ad \u12a8\u1233\u121b\u1293 \u12c8\u12f0\u1265 \u12e8\u121a\u1300\u121d\u122d \u12f5\u1295\u1245 \u121d\u1233 \u12a5\u1293 \u12e8\u1270\u1348\u1325\u122e \u121d\u1295\u132e\u127d \u1260\u12ab\u1296 \u1206\u1295\u12f6 \u12a2\u12ae\u120e\u1305 \u12cd\u1235\u1325 \u12ed\u12cb\u1299\u1362 \u12a8\u12a5\u129b \u130b\u122d \u12ed\u121d\u1321 \u12a5\u1293 \u1260\u12f6\u121a\u1292\u12ab\u1295 \u122a\u1351\u1265\u120a\u12ad \u12cd\u1235\u1325 \u12e8\u121a\u1308\u1298\u12cd\u1295 \u12a5\u1305\u130d \u12cd\u1265 \u12e8\u1206\u1290\u12cd\u1295 \u1265\u1214\u122b\u12ca \u1353\u122d\u12ad \u12ed\u130e\u1265\u1299\u1363 \u121b\u1295\u130d\u1229\u126d\u1235\u1363 \u12cb\u123b\u12ce\u127d \u12a5\u1293 \u1233\u1295 \u120e\u122c\u1295\u12de \u1264\u12ed \u12ed\u130e\u1265\u1299\u1363 \u12a5\u1295\u12f2\u1201\u121d \u12cd\u1265 \u12e8\u1206\u1290\u12cd\u1295 \u12e8\u1233\u121b\u1293 \u1264\u12ed \u12a0\u124b\u122d\u1320\u12cd \u12ed\u1202\u12f1\u1362 \u1260\u12ab\u1296 \u1206\u1295\u12f6 \u121d\u1233 \u12a8\u1260\u1209 \u1260\u128b\u120b \u1208\u1325\u1242\u1275 \u1230\u12d3\u1273\u1275 \u1260\u1270\u1348\u1325\u122e \u1308\u1295\u12f3\u12ce\u127d \u12cd\u1235\u1325 \u1208\u1218\u12cb\u1298\u1275 \u12a5\u1293 \u12a8\u12da\u12eb \u12c8\u12f0 \u1233\u121b\u1293 \u12c8\u12f0\u1265 \u12e8\u1218\u1218\u1208\u1235 \u12a5\u12f5\u120d \u12ed\u1296\u122d\u12ce\u1273\u120d\u1362<\/p>\n<p>\u12a8\u12da\u1205 \u120d\u121d\u12f5 \u1260\u128b\u120b \u12c8\u12f0 \u1233\u121b\u1293 \u12c8\u12f0\u1265 \u12ed\u1218\u1208\u1233\u1209.<\/p>\n<ul>\n<li>\u130d\u1265\u122e\u127d \u1270\u12ab\u1275\u1270\u12cb\u120d\u1362<\/li>\n<li>\u1218\u1218\u122a\u12eb\u12cd \u1218\u1218\u122a\u12eb \u12a5\u1293 \u12ad\u1275\u1275\u120d \u12eb\u1240\u122d\u1263\u120d.<\/li>\n<\/ul>\n<h3>\u121b\u12ab\u1270\u1275 \u12a5\u1293 \u121b\u130d\u1208\u120d<\/h3>\n<h4>\u121b\u12ab\u1270\u1275<\/h4>\n<ol>\n<li>\u12e8\u120e\u1235 \u1204\u12ed\u1272\u1235 \u1309\u1265\u129d\u1275 + \u12cb\u123b\u12ce\u127d \u12a5\u1293 \u1225\u12d5\u120e\u127d<\/li>\n<li>\u121d\u1233 \u1260 Ca\u00f1o Hondo<\/li>\n<li>\u1260\u1270\u1348\u1325\u122e \u1308\u1295\u12f3\u12ce\u127d \u12cd\u1235\u1325 \u12ed\u12cb\u1299<\/li>\n<li>\u1201\u1209\u121d \u130d\u1265\u122e\u127d\u1363 \u12ad\u134d\u12eb\u12ce\u127d \u12a5\u1293 \u12e8\u12a0\u12eb\u12eb\u12dd \u12ad\u134d\u12eb\u12ce\u127d\u1362<\/li>\n<li>\u12e8\u12a0\u12ab\u1263\u1262 \u130d\u1265\u122e\u127d<\/li>\n<li>\u1218\u1320\u1326\u127d<\/li>\n<li>\u1201\u1209\u121d \u12a5\u1295\u1245\u1235\u1243\u1234\u12ce\u127d<\/li>\n<li>\u12e8\u12a0\u12ab\u1263\u1262 \u1218\u1218\u122a\u12eb<\/li>\n<\/ol>\n<h4>\u12e8\u121b\u12ed\u12ab\u1270\u1271<\/h4>\n<ol>\n<li>\u1320\u1243\u121a \u121d\u12ad\u122e\u127d<\/li>\n<li>\u121b\u1235\u1270\u120b\u1208\u134d<\/li>\n<li>\u12e8\u12a0\u120d\u12ae\u120d \u1218\u1320\u1326\u127d<\/li>\n<\/ol>\n<h3><em>\u1218\u1290\u1233\u1275 \u12a5\u1293 \u1218\u1218\u1208\u1235<\/em><\/h3>\n<p>\u1270\u1313\u12e1 \u12a8\u1266\u1273 \u121b\u1235\u12eb\u12dd \u1202\u12f0\u1275 \u1260\u128b\u120b \u12e8\u1218\u1230\u1265\u1230\u1262\u12eb \u1290\u1325\u1265 \u12eb\u1308\u129b\u120d\u1362 \u1309\u1265\u129d\u1276\u127d \u1260\u1218\u1230\u1265\u1230\u1262\u12eb \u1290\u1325\u1266\u127b\u127d\u1295 \u12ed\u1300\u121d\u122b\u1209 \u12a5\u1293 \u12ed\u1320\u1293\u1240\u1243\u1209\u1362<\/p>\n<h3><em>\u121d\u1295 \u12ed\u1320\u1260\u1243\u120d?<\/em><\/h3>\n<p>\u12e8\u120e\u1235 \u1204\u12ed\u1272\u1235 \u1265\u1214\u122b\u12ca \u1353\u122d\u12ad\u1295 \u1208\u1218\u130e\u1265\u1298\u1275 \u1272\u12ac\u1276\u127d\u1295 \u1260\u12ab\u1296 \u1206\u1295\u12f6 \u1260\u121a\u12eb\u1235\u12f0\u1295\u1245 \u121d\u1233 \u12a5\u1293 \u1260\u1270\u1348\u1325\u122e \u1308\u1295\u12f3\u12ce\u127d \u12cd\u1235\u1325 \u12ed\u12cb\u1299\u1362<\/p>\n<p>\u12a8\u1233\u121b\u1293 \u12c8\u12f0\u1265 \u1260\u1300\u120d\u1263 \u12c8\u12ed\u121d \u12ab\u1273\u121b\u122b\u1295 \u1270\u1233\u134d\u1228\u1295 \u12a8\u12a0\u1308\u122d \u12cd\u1235\u1325 \u12a0\u1235\u130e\u1265\u129a \u130b\u122d\u1363 \u1260\u12f6\u121a\u1292\u12ab\u1295 \u122a\u1351\u1265\u120a\u12ad \u12cd\u1235\u1325 \u12ab\u1209\u1275 \u1260\u1323\u121d \u12cd\u1265 \u1265\u1214\u122b\u12ca \u1353\u122d\u12ae\u127d \u12a0\u1295\u12f1\u1295 \u1208\u1218\u130e\u1265\u1298\u1275 \u12e8\u1233\u121b\u1293 \u12e8\u1263\u1215\u122d \u12c8\u123d\u1218\u1325\u1295 \u12a8\u1233\u1263\u1293 \u12f4 \u120b \u121b\u122d \u12a0\u1320\u1308\u1265 \u12a5\u1293\u120d\u134b\u1208\u1295\u1362<\/p>\n<h5>\u12e8\u120e\u1235 \u1204\u12ed\u1272\u1235 \u1265\u1214\u122b\u12ca \u1353\u122d\u12ad.<\/h5>\n<p>\u1260\u12d9\u122a\u12eb\u12cd \u12c8\u134e\u127d \u130b\u122d \u12f0\u1234\u1275 \u1218\u130e\u1265\u1298\u1275. \u1260\u1218\u12ad\u1270\u127b\u12cd \u12c8\u1245\u1275 \u12e8\u1354\u120a\u12ab\u1295 \u132b\u1329\u1276\u127d\u1295 \u1260\u130e\u1306\u12cd \u12cd\u1235\u1325 \u12a5\u1295\u12b3\u1295 \u121b\u12e8\u1275 \u12a5\u1295\u127d\u120b\u1208\u1295\u1362 \u12c8\u12f0 \u124b\u1325\u129d \u12f0\u1234\u1276\u127d \u1308\u1265\u1270\u1205 \u12cb\u123b\u12ce\u1279\u1295 \u130e\u1265\u129d \u1260\u134e\u1276\u130d\u122b\u134e\u127d \u12a5\u1293 \u12e8\u12a0\u1308\u122c\u12cd \u1270\u12c8\u120b\u1306\u127d \u1354\u1275\u122e\u130d\u120a\u134d\u1362<\/p>\n<p>El recorrido, organizado por \u00abBooking Adventures\u00bb, comienza en el punto de encuentro establecido con el gu\u00eda tur\u00edstico. Ven con Booking Adventures y comienza a observar algunos manglares llenos de aves, colinas onduladas de exuberante vegetaci\u00f3n y cuevas del Parque Nacional Los Haitises.<\/p>\n<p>El nombre del parque nacional proviene de sus habitantes originales, los indios ta\u00ednos. En su idioma, \u00abHaitises\u00bb se traduce a tierras altas o colinas, una referencia a las empinadas formaciones geol\u00f3gicas de la costa con calizas. Avent\u00farate en el parque para explorar cuevas como la Cueva de la Arena y la Cueva de la L\u00ednea.<\/p>\n<p>\u1260\u1218\u1320\u1263\u1260\u1242\u12eb\u12cd \u12cd\u1235\u1325 \u12eb\u1209\u1275 \u12cb\u123b\u12ce\u127d \u1260\u1273\u12a2\u1296 \u1215\u1295\u12f6\u127d \u12a5\u1293 \u1260\u128b\u120b\u121d \u1260\u1270\u12f0\u1260\u1241 \u12e8\u1263\u1205\u122d \u12c8\u1295\u1260\u12f4\u12ce\u127d \u12a5\u1295\u12f0 \u1218\u1320\u1208\u12eb \u12ed\u1320\u1240\u1219 \u1290\u1260\u122d\u1362 \u12a0\u1295\u12f3\u1295\u12f5 \u130d\u12f5\u130d\u12f3\u12ce\u127d\u1295 \u12e8\u121a\u12eb\u1235\u130c\u1321 \u12e8\u1215\u1295\u12f3\u12cd\u12eb\u1295\u1295 \u1225\u12d5\u120e\u127d \u12ed\u1348\u120d\u1309\u1362<\/p>\n<p>\u12e8\u120e\u1235 \u1204\u12ed\u1272\u1235 \u1265\u1214\u122b\u12ca \u1353\u122d\u12ad\u1295 \u12a8\u130e\u1260\u1298\u1295 \u1260\u128b\u120b \u12c8\u12f0 \u12ab\u1296 \u1206\u1295\u12f6 \u12a5\u1295\u1204\u12f3\u1208\u1295\u1362 \u1260 Cano Hondo \u12cd\u1235\u1325 \u1235\u1208\u12da\u1205 \u12e8\u1235\u1290-\u121d\u1205\u12f3\u122d \u1273\u122a\u12ad \u12ed\u121b\u122b\u1209 \u12a5\u1293 \u12a8\u1233\u1263\u1293 \u12f4 \u120b \u121b\u122d \u121b\u1205\u1260\u1228\u1230\u1265 \u12e8\u1270\u1208\u1218\u12f0 \u121d\u130d\u1265 \u130b\u122d \u12e8\u121d\u1233 \u130a\u12dc \u12eb\u1308\u129b\u1209\u1362<\/p>\n<p>\u121d\u1233 \u1323\u134b\u132d \u12ed\u1206\u1293\u120d \u130d\u1295 \u1308\u1293 \u12a0\u120d\u1328\u1228\u1235\u1295\u121d\u1362 \u12a8\u121d\u1233 \u1260\u128b\u120b \u12a8\u1305\u1263\u120c\u1235 \u12c8\u1295\u12dd \u12a5\u1235\u12a8 \u12ab\u1295\u1296 \u1206\u1295\u12f6 \u12c8\u1295\u12dd \u12f5\u1228\u1235 \u1263\u1208\u12cd \u12e8\u1270\u1348\u1325\u122e \u1308\u1295\u12f3\u12ce\u127d \u12a5\u1295\u12cb\u129b\u1208\u1295\u1362 \u12a5\u1235\u12a8 \u121d\u123d\u1271 4\u136100 \u12f5\u1228\u1235 \u1260\u12ab\u1296 \u1206\u1295\u12f6 \u1260\u1218\u1246\u12e8\u1275 \u12c8\u12f0 \u1233\u121b\u1293 \u12c8\u12f0\u1265 \u1235\u1295\u1218\u1208\u1235 \u1260\u121b\u1295\u130d\u1229\u126d\u1235 \u1260\u12a9\u120d \u12a0\u120d\u1348\u1295 \u12c8\u12f0 \u1233\u1295 \u120e\u122c\u1295\u12de \u12ad\u134d\u1275 \u12e8\u1263\u1205\u122d \u12c8\u123d\u1218\u1325 \u12a5\u1295\u12f0\u122d\u1233\u1208\u1295\u1364 \u12a5\u12da\u12eb\u121d \u12c8\u1323 \u1308\u1263 \u12eb\u1208\u12cd\u1295 \u12e8\u12f0\u1295 \u1308\u133d\u1273 \u134e\u1276\u130d\u122b\u134d \u121b\u1295\u1233\u1275 \u12ed\u127d\u120b\u1209\u1362 \u121b\u1293\u1272\u12ce\u127d\u1363 \u12ad\u122b\u1295\u1234\u1235 \u12a5\u1293 \u12f6\u120d\u134a\u1296\u127d \u1208\u121b\u12e8\u1275 \u12c8\u12f0 \u12cd\u1203\u12cd \u12cd\u1235\u1325 \u12ed\u1218\u120d\u12a8\u1271\u1362<\/p>\n<p>\u12a5\u1235\u12a8\u12da\u12eb\u12cd \u130a\u12dc \u12f5\u1228\u1235 \u12a8\u12a0\u1235\u130e\u1265\u129a\u12cd \u130b\u122d \u12ed\u1235\u121b\u121b\u1209 \u12a5\u1293 \u12a8\u12da\u1205 \u1260\u128b\u120b \u12c8\u12f0 \u12ab\u1296 \u1206\u1295\u12f6 \u12c8\u12f0\u1265 \u12ed\u1202\u12f1 \u12a5\u1293 \u1260\u1300\u120d\u1263 \u12c8\u12f0 \u1233\u121b\u1293 \u12c8\u12f0\u1265 \u12e8\u1233\u121b\u1293 \u12e8\u1263\u1205\u122d \u12c8\u123d\u1218\u1325\u1295 \u1208 30 \u12f0\u1242\u1243\u12ce\u127d \u12ed\u1218\u1208\u1231 \u1362<\/p>\n<p>\u12ed\u1205\u1295 \u1309\u12de \u12e8\u1260\u1208\u1320 \u12a8\u12c8\u12f0\u12f1\u1363 \u12a0\u121b\u122b\u132e\u127d \u12a0\u1209\u1295\u1361-<\/p>\n<p>\u120e\u1235 \u1204\u12ed\u1272\u1235 + \u12ab\u12ee \u120c\u126b\u1295\u1273\u12f6 \u12a8\u1233\u121b\u1293 \u12c8\u12f0\u1265\u1362<\/p>\n<h3><em>\u121d\u1295 \u12ed\u12d8\u12cd \u12ed\u121d\u1321?<\/em><\/h3>\n<ul>\n<li>\u12ab\u121c\u122b<\/li>\n<li>\u12a0\u1235\u1338\u12eb\u134a\u12ce\u127d<\/li>\n<li>\u12e8\u1340\u1210\u12ed \u1218\u12a8\u120b\u12a8\u12eb<\/li>\n<li>\u12ae\u134d\u12eb<\/li>\n<li>\u121d\u1279 \u1231\u122a\u12ce\u127d<\/li>\n<li>\u12e8\u132b\u12ab \u12e8\u12a5\u130d\u122d \u1309\u12de \u132b\u121b\u12ce\u127d<\/li>\n<li>\u132b\u121b \u12c8\u12f0 \u1338\u12f0\u12ed \u12a0\u12ab\u1263\u1262\u12ce\u127d.<\/li>\n<li>\u12e8\u1218\u12cb\u129b \u120d\u1265\u1235<\/li>\n<\/ul>\n<h3><em>\u1206\u1274\u120d \u121b\u1295\u1233\u1275<\/em><\/h3>\n<p>\u1206\u1274\u120d \u1208\u1218\u12cd\u1230\u12f5 \u1208\u12da\u1205 \u1309\u1265\u129d\u1275 \u12a0\u12ed\u1230\u1325\u121d\u1362<\/p>\n<p><strong>\u121b\u1235\u1273\u12c8\u123b:<\/strong> \u12a8\u1309\u1265\u129d\u1271\/\u12e8\u123d\u122d\u123d\u122d \u1218\u1290\u123b \u130a\u12dc \u126024 \u1230\u12a0\u1273\u1275 \u12cd\u1235\u1325 \u1266\u1273 \u12ab\u1235\u12eb\u12d9\u1363\u1206\u1274\u120d \u1208\u1218\u12cd\u1230\u12f5 \u1270\u1328\u121b\u122a \u12ad\u134d\u12eb\u12ce\u127d\u1295 \u120d\u1293\u12d8\u130b\u1305 \u12a5\u1295\u127d\u120b\u1208\u1295\u1362 \u130d\u12e2\u12ce \u12a5\u1295\u12f0\u1270\u1320\u1293\u1240\u1240\u1363 \u1208\u12a0\u12ab\u1263\u1262\u12eb\u127d\u1295 \u12a0\u1235\u130e\u1265\u129a\u12ce\u127d \u12e8\u1218\u1230\u1265\u1230\u1262\u12eb \u12dd\u130d\u1305\u1276\u127d\u1295 \u1208\u121b\u12d8\u130b\u1300\u1275 \u12e8\u1270\u121f\u120b \u12e8\u1218\u1308\u129b \u12a0\u12f5\u122b\u123b (\u1235\u120d\u12ad \u1241\u1325\u122d\u1363 \u12a2\u121c\u12ed\u120d \u12a0\u12f5\u122b\u123b\u1363 \u12c8\u12d8\u1270) \u12a5\u1295\u120d\u12ad\u120d\u12ce\u1273\u1208\u1295\u1362<\/p>\n<h3>\u12e8\u1270\u1328\u121b\u122a \u1218\u1228\u1303 \u121b\u1228\u130b\u1308\u132b<\/h3>\n<ol>\n<li>\u1275\u12ac\u1276\u1279 \u1208\u12da\u1205 \u1309\u1265\u129d\u1275 \u12a8\u12a8\u1348\u1209 \u1260\u128b\u120b \u12f0\u1228\u1230\u129d \u1293\u1278\u12cd\u1362 \u12ad\u134d\u12eb\u12cd\u1295 \u1260\u1235\u120d\u12ad\u12ce \u120b\u12ed \u121b\u1233\u12e8\u1275 \u12ed\u127d\u120b\u1209\u1362<\/li>\n<li>\u12e8\u1235\u1265\u1230\u1263 \u1290\u1325\u1261 \u12a8\u1266\u1273 \u121b\u1235\u12eb\u12e3 \u1202\u12f0\u1271 \u1260\u128b\u120b \u12ed\u1240\u1260\u120b\u120d.<\/li>\n<li>\u120d\u1306\u127d \u12a8\u1275\u120d\u1245 \u1230\u12cd \u130b\u122d \u1218\u12eb\u12eb\u12dd \u12a0\u1208\u1263\u1278\u12cd.<\/li>\n<li>\u1260\u1270\u123d\u12a8\u122d\u12ab\u122a \u12c8\u1295\u1260\u122d \u1270\u12f0\u122b\u123d \u12a0\u12ed\u12f0\u1208\u121d\u1362<\/li>\n<li>\u1328\u1245\u120b \u1205\u133b\u1293\u1275 \u1260\u1328\u1245\u120b \u12c8\u1295\u1260\u122e\u127d \u12c8\u12ed\u121d \u12a8\u12a0\u12cb\u1242\u12ce\u127d \u130b\u122d \u1218\u1240\u1218\u1325 \u12a0\u1208\u1263\u1278\u12cd<\/li>\n<li>\u12e8\u1300\u122d\u1263 \u127d\u130d\u122d \u120b\u1208\u1263\u1278\u12cd \u1218\u1295\u1308\u12f0\u129e\u127d \u12a0\u12ed\u1218\u12a8\u122d\u121d\u1362<\/li>\n<li>\u1208\u1290\u134d\u1230 \u1321\u122d \u1234\u1276\u127d \u12a0\u12ed\u1218\u12a8\u122d\u121d.<\/li>\n<li>\u121d\u1295\u121d \u12e8\u120d\u1265 \u127d\u130d\u122e\u127d \u12c8\u12ed\u121d \u120c\u120e\u127d \u12a8\u1263\u12f5 \u12e8\u1324\u1293 \u1201\u1294\u1273\u12ce\u127d.<\/li>\n<li>\u12a0\u1265\u12db\u129e\u1279 \u1270\u1313\u12e6\u127d \u1218\u1233\u1270\u134d \u12ed\u127d\u120b\u1209\u1362<\/li>\n<\/ol>\n<h3><em>\u12e8\u1235\u1228\u12db \u1218\u1218\u122a\u12eb<\/em><\/h3>\n<p>\u1208\u1219\u1209 \u1270\u1218\u120b\u123d \u1308\u1295\u12d8\u1265\u1363 \u120d\u121d\u12f5 \u12a8\u1218\u1300\u1218\u1229 \u1240\u1295 \u1260\u134a\u1275 \u1262\u12eb\u1295\u1235 24 \u1230\u12d3\u1273\u1275 \u12ed\u1230\u122d\u12d9\u1362<\/p>\n\n\t\t<\/div>\n\t<\/div>\n<\/div><\/div><\/div><\/div><div class=\"vc_row wpb_row vc_row-fluid\" ><div class=\"wpb_column vc_column_container vc_col-sm-12\"><div class=\"vc_column-inner\"><div class=\"wpb_wrapper\"><div class=\"vc_empty_space\"   style=\"height: 32px\"><span class=\"vc_empty_space_inner\"><\/span><\/div>\n\t<div class=\"wpb_video_widget wpb_content_element vc_clearfix   vc_video-aspect-ratio-169 vc_video-el-width-100 vc_video-align-left\" >\n\t\t<div class=\"wpb_wrapper\">\n\t\t\t\n\t\t\t<div class=\"wpb_video_wrapper\"><iframe loading=\"lazy\" title=\"\u12e8\u120e\u1235 \u1204\u12ed\u1272\u1235 \u1265\u1214\u122b\u12ca \u1353\u122d\u12ad\u1363 \u1309\u1265\u129d\u1276\u127d \u12a5\u1293 \u123d\u122d\u123d\u122e\u127d \u12a8\u1233\u121b\u1293 \u12c8\u12ed\u121d \u1233\u1263\u1293 \u12f4 \u120b \u121b\u122d. \u1218\u133d\u1210\u134d \u12a5\u12da\u1205 \u12eb\u12d9\u1361-\" src=\"https:\/\/player.vimeo.com\/video\/346508015?dnt=1&amp;app_id=122963\" width=\"1100\" height=\"619\" frameborder=\"0\" allow=\"autoplay; fullscreen\" allowfullscreen><\/iframe><\/div>\n\t\t<\/div>\n\t<\/div>\n<\/div><\/div><\/div><\/div><div class=\"vc_row wpb_row vc_row-fluid\" ><div class=\"wpb_column vc_column_container vc_col-sm-12\"><div class=\"vc_column-inner\"><div class=\"wpb_wrapper\"><div class=\"vc_empty_space\"   style=\"height: 32px\"><span class=\"vc_empty_space_inner\"><\/span><\/div>\n\t<div class=\"wpb_text_column wpb_content_element\" >\n\t\t<div class=\"wpb_wrapper\">\n\t\t\t<h4>\u12a0\u130d\u1299\u1295?<\/h4>\n<h5>\u12e8\u1300\u1265\u12f5 \u1266\u1273 \u121b\u1235\u12eb\u12dd<\/h5>\n<p><em>\u12e8\u1309\u1265\u129d\u1275 \u1218\u1218\u122a\u12eb\u12ce\u127d<\/em> <em><strong>\u12a0\u12ab\u1263\u1262\u12eb\u12ca<\/strong><\/em> \u12a5\u1293 <strong><em>\u1265\u1214\u122b\u12ca<\/em><\/strong> &amp;<em>\u00a0\u12e8\u12a5\u1295\u130d\u12f3 \u12a0\u1308\u120d\u130d\u120e\u1276\u127d<\/em><\/p>\n<p>\u12e8\u1270\u12eb\u12d9 \u1266\u1273\u12ce\u127d\u1361 \u1309\u1265\u129d\u1276\u127d \u12a5\u1293 \u123d\u122d\u123d\u122e\u127d \u1260\u12f6\u121d. \u1270\u12c8\u12ab\u12ed.<\/p>\n<p>\u1235\u120d\u12ad\/\u12cb\u1275\u1235\u12a0\u1355 +1-809-720-6035\u1362<\/p>\n<p>info@bookingadventures.com.do<\/p>\n<p>\u1260\u12cb\u1275\u1233\u1355\u1361 +18097206035 \u1270\u1208\u12cb\u12cb\u132d \u12cd\u1245\u1228\u1275 \u12eb\u1208\u12cd \u12e8\u130d\u120d \u1309\u1265\u129d\u1276\u127d \u1290\u1295\u1362<\/p>\n\n\t\t<\/div>\n\t<\/div>\n<div class=\"vc_empty_space\"   style=\"height: 32px\"><span class=\"vc_empty_space_inner\"><\/span><\/div><\/div><\/div><\/div><\/div>","protected":false},"excerpt":{"rendered":"<p><strong>\u12a5\u1263\u12ad\u12ce \u1208\u1309\u1265\u129d\u1271 \u1240\u1295 \u12ed\u121d\u1228\u1321\u00a0<\/strong><\/p>","protected":false},"featured_media":104,"template":"","meta":[],"product_brand":[],"product_cat":[119,96,144,98,135,121,99,122,443,123,124],"product_tag":[126,127,128,145,132,133,146,147,148,143],"class_list":{"0":"post-551","1":"product","2":"type-product","3":"status-publish","4":"has-post-thumbnail","6":"product_cat-caves","7":"product_cat-hiking","8":"product_cat-kayaking","9":"product_cat-local-tour-guides","10":"product_cat-lunch","11":"product_cat-mangroves","12":"product_cat-swimming-natural-springs","13":"product_cat-tours-and-excursions","14":"product_cat-tours-y-excursiones-es","15":"product_cat-tours-excursions-los-haitises-national-park","16":"product_cat-tours-excursions-samana-bay-dominican-republic","17":"product_tag-cano-hondo","18":"product_tag-cano-hondo-hotel","19":"product_tag-cano-hondo-tours","20":"product_tag-day-tour-cano-hondo","21":"product_tag-los-haitises","22":"product_tag-los-haitises-national-park","23":"product_tag-mangroves-los-haitises","24":"product_tag-samana-bay","25":"product_tag-samana-excursions","26":"product_tag-samana-tours","28":"first","29":"instock","30":"sale","31":"sold-individually","32":"shipping-taxable","33":"product-type-external"},"_links":{"self":[{"href":"https:\/\/visitaloshaitises.com\/am\/wp-json\/wp\/v2\/product\/551","targetHints":{"allow":["GET"]}}],"collection":[{"href":"https:\/\/visitaloshaitises.com\/am\/wp-json\/wp\/v2\/product"}],"about":[{"href":"https:\/\/visitaloshaitises.com\/am\/wp-json\/wp\/v2\/types\/product"}],"wp:featuredmedia":[{"embeddable":true,"href":"https:\/\/visitaloshaitises.com\/am\/wp-json\/wp\/v2\/media\/104"}],"wp:attachment":[{"href":"https:\/\/visitaloshaitises.com\/am\/wp-json\/wp\/v2\/media?parent=551"}],"wp:term":[{"taxonomy":"product_brand","embeddable":true,"href":"https:\/\/visitaloshaitises.com\/am\/wp-json\/wp\/v2\/product_brand?post=551"},{"taxonomy":"product_cat","embeddable":true,"href":"https:\/\/visitaloshaitises.com\/am\/wp-json\/wp\/v2\/product_cat?post=551"},{"taxonomy":"product_tag","embeddable":true,"href":"https:\/\/visitaloshaitises.com\/am\/wp-json\/wp\/v2\/product_tag?post=551"}],"curies":[{"name":"wp","href":"https:\/\/api.w.org\/{rel}","templated":true}]}}