{"id":600,"date":"2020-07-04T19:39:50","date_gmt":"2020-07-04T19:39:50","guid":{"rendered":"https:\/\/haitises.com\/?post_type=product&#038;p=600"},"modified":"2024-04-16T17:14:51","modified_gmt":"2024-04-16T17:14:51","slug":"excursion-paravelismo-desde-punta-cana-30-usd","status":"publish","type":"product","link":"https:\/\/visitaloshaitises.com\/af\/privaat\/parasailing-uitstappie-vanaf-punta-cana-30-usd\/","title":{"rendered":"Parasailing-uitstappie vanaf Punta Cana 30 USD"},"content":{"rendered":"<div class=\"vc_row wpb_row vc_row-fluid\" ><div class=\"wpb_column vc_column_container vc_col-sm-12\"><div class=\"vc_column-inner\"><div class=\"wpb_wrapper\">\n\t<div class=\"wpb_text_column wpb_content_element\" >\n\t\t<div class=\"wpb_wrapper\">\n\t\t\t<p>of<\/p>\n\n\t\t<\/div>\n\t<\/div>\n<\/div><\/div><\/div><\/div><div class=\"vc_row wpb_row vc_row-fluid\" ><div class=\"wpb_column vc_column_container vc_col-sm-12\"><div class=\"vc_column-inner\"><div class=\"wpb_wrapper\">[mkdf_section_title subtitle_tag=\u00bb\u00bb text_font_weight=\u00bb\u00bb subtitle=\u00bbDesde los hoteles de Punta Cana\u00bb text=\u00bbNota: Este recorrido comienza a las 7:00 am. Dependiendo de d\u00f3nde est\u00e9 el horario de recogida de los hoteles, puede cambiar. Costo adicional para recoger en \u00e1reas no incluidas en nuestra descripci\u00f3n\u00bb]<\/div><\/div><\/div><\/div><div class=\"vc_row wpb_row vc_row-fluid\" ><div class=\"wpb_column vc_column_container vc_col-sm-12\"><div class=\"vc_column-inner\"><div class=\"wpb_wrapper\"><div class=\"vc_empty_space\"   style=\"height: 32px\"><span class=\"vc_empty_space_inner\"><\/span><\/div><\/div><\/div><\/div><\/div><div class=\"vc_row wpb_row vc_row-fluid\" ><div class=\"wpb_column vc_column_container vc_col-sm-12\"><div class=\"vc_column-inner\"><div class=\"wpb_wrapper\">\n\t<div class=\"wpb_text_column wpb_content_element\" >\n\t\t<div class=\"wpb_wrapper\">\n\t\t\t<h2>Parasailing toer vanaf Punta Cana<\/h2>\n<h3>Beskrywing<\/h3>\n<p>Seil oor die kus van Punta Cana\/B\u00e1varo tydens hierdie 40-minute aktiwiteit wat vanaf Punta Cana vertrek Benut die kundigheid van een van die mees ervare parasailmaatskappye in die Dominikaanse Republiek, met meer as 60 000 vlugte sedert 2001. Kry pragtige uitsigte oor die strande. , turkoois waters en uitgestrekte oorde wat langs die kus staan terwyl hulle honderde voete in die lug vlieg. Bring sonskerm, &#039;n swembroek en &#039;n gevoel van avontuur saam. Skilderagtige lugtoer Reis per boot en sien die uitsigte vanaf die water Keuse van oggend- of middagvertrek Gratis hotel optel en aflaai ingesluit.<\/p>\n<ul>\n<li>Keuse van verskeie afwykings deur die dag.<\/li>\n<li>Geniet fantastiese luguitsigte<\/li>\n<li>In familie en vriende<\/li>\n<li>Afhaal vanaf &#039;n sentraal gele\u00eb ontmoetingspunt<\/li>\n<li>Romantiese ervaring, perfek vir paartjies.<\/li>\n<\/ul>\n<h3>Insluitings en uitsluitings<\/h3>\n<h4>Insluitings<\/h4>\n<ol>\n<li>Valskermspring toer<\/li>\n<li>Bus afhaal van jou hotel<\/li>\n<li>Alle belastings, fooie en heffings<\/li>\n<li>Drankies<\/li>\n<\/ol>\n<h4>Uitsluitings<\/h4>\n<ol>\n<li>Wenke<\/li>\n<li>Middagete<\/li>\n<\/ol>\n<h3><em>Vertrek en terugkeer<\/em><\/h3>\n<p>Die reisiger sal &#039;n ontmoetingspunt kry na die besprekingsproses. Toere begin en eindig by ons ontmoetingspunte.<\/p>\n<h3><em>Wat om te verwag?<\/em><\/h3>\n<p>Stel jou voor dat jy 150 voet in die lug opstyg, die koel wind wat jou gesig streel terwyl jy ontspan met &#039;n skouspelagtige uitsig oor die kus van B\u00e1varo \u2013 Punta Cana Hou op verbeel jou en sluit saam met ons op die ware opwindingsrit, &#039;n waarlik onvergeetlike ervaring. Jy het net sonskerm en &#039;n swembroek nodig, terwyl jy die opwinding van die reis geniet. Vlieg saam met die belangrikste paraseilmaatskappy in die Dominikaanse Republiek. Met meer as 60 000 vlugte sedert 2001, is ons gekwalifiseerde kapteins en bemanning van die mees ervare in die besigheid.<\/p>\n<p><strong>Kalender:<\/strong><\/p>\n<p>07:00 \u2013 19:00 \u2026 Tyd verander na gelang van waar jy in Punta Cana is.<\/p>\n<h3><em>Wat moet jy saambring?<\/em><\/h3>\n<ul>\n<li>Kamera<\/li>\n<li>Afweermiddels<\/li>\n<li>sonskerm<\/li>\n<li>Hoed<\/li>\n<li>Gemaklike broek<\/li>\n<li>Bos stapskoene<\/li>\n<li>Sandale na die strand<\/li>\n<li>Swembroek<\/li>\n<li>Kontant vir aandenkings<\/li>\n<\/ul>\n<h3><em>Hotel bakkie<\/em><\/h3>\n<p>Reisiger-bakkie aangebied!<\/p>\n<p>Ons haal af by alle hotelle in Punta Cana Afhaalplek is die hotel lobby<br \/>\nAs jy in &#039;n woonstel in die area bly, sal ons jou by die woonstel of die naaste oord-ingang kom haal. Ons stel afhaal in deur ons op Whatsapp te kontak.<\/p>\n<p><strong>Let wel:<\/strong> As jy binne 24 uur van die toer\/uitstappie se vertrektyd bespreek, kan ons hotel optel re\u00ebl. Sodra jou aankoop voltooi is, sal ons vir jou volledige kontakinligting (foonnommer, e-posadres, ens.) stuur vir ons plaaslike toergids om afhaalre\u00eblings te re\u00ebl.<\/p>\n<h3><em>Bevestiging van bykomende inligting<\/em><\/h3>\n<ul>\n<li>Die kaartjies is die kwitansie na betaling vir hierdie toer. Jy kan die betaling op jou foon wys.<\/li>\n<li>Die ontmoetingspunt sal na die besprekingsproses ontvang word.<\/li>\n<li>Kinders moet deur &#039;n volwassene vergesel word.<\/li>\n<li>Rolstoel toeganklik<\/li>\n<li>Babas moet in &#039;n babastoeltjie of saam met &#039;n volwassene sit<\/li>\n<li>Die meeste reisigers kan deelneem.<\/li>\n<\/ul>\n<h3><em>Kansellasie beleid<\/em><\/h3>\n<p>Vir &#039;n volle terugbetaling, kanselleer ten minste 24 uur voor die ervaring se begindatum.<\/p>\n\n\t\t<\/div>\n\t<\/div>\n<\/div><\/div><\/div><\/div><div class=\"vc_row wpb_row vc_row-fluid\" ><div class=\"wpb_column vc_column_container vc_col-sm-12\"><div class=\"vc_column-inner\"><div class=\"wpb_wrapper\"><div class=\"vc_empty_space\"   style=\"height: 32px\"><span class=\"vc_empty_space_inner\"><\/span><\/div>\n\t<div class=\"wpb_text_column wpb_content_element\" >\n\t\t<div class=\"wpb_wrapper\">\n\t\t\t<h4>Kontak ons<\/h4>\n<h5>Avontuurbesprekings<\/h5>\n<p><em>Toergidse <strong>plaaslik<\/strong> en <strong>nasionale<\/strong> en gastedienste<\/em><\/p>\n<p>Besprekings: Toere en uitstappies in Dom. Rep.<\/p>\n<p>Tel\/Whatsapp +1-809-720-6035.<\/p>\n<p>info@bookingadventures.com.do<\/p>\n<p>Ons doen privaat toere met buigsame konfigurasie deur Whatsapp: +18097206035.<\/p>\n\n\t\t<\/div>\n\t<\/div>\n<div class=\"vc_empty_space\"   style=\"height: 32px\"><span class=\"vc_empty_space_inner\"><\/span><\/div><\/div><\/div><\/div><\/div>","protected":false},"excerpt":{"rendered":"<p>Parasailing in Punta Cana is &#039;n ongelooflike avontuur en een van die beste dinge om te doen in Punta Cana. Die kuslyn van 200 voet in die lug, terwyl jy vaar, is absoluut verstommend.<\/p>\n<p>Parasailing is &#039;n eenvoudige en prettige ervaring vir alle lede van die gesin. As die voorste parasailing- en avontuurmaatskappy in die Dominikaanse Republiek, is ons parasailing-span een van die mees ervare in Punta Cana, met meer as 16 jaar se vliegervaring. Jy kan sowat 15 minute se vlug geniet terwyl jy die pragtige panoramiese uitsig geniet.<\/p>\n<p><strong>Kies asseblief die datum vir die toer:<\/strong><\/p>","protected":false},"featured_media":451,"template":"","meta":[],"product_brand":[],"product_cat":[359,305,122,443,259],"product_tag":[167,360,361,141,362,228,171],"class_list":{"0":"post-600","1":"product","2":"type-product","3":"status-publish","4":"has-post-thumbnail","6":"product_cat-parasaling","7":"product_cat-tours-and-excursion-punta-cana","8":"product_cat-tours-and-excursions","9":"product_cat-tours-y-excursiones-es","10":"product_cat-tours-excursions-punta-cana-dominican-republic","11":"product_tag-catamaran","12":"product_tag-parasail-punta-cana","13":"product_tag-parasailing-in-punta-cana","14":"product_tag-punta-cana","15":"product_tag-punta-cana-catamaran-party-with-snorkeling-and-parasailing","16":"product_tag-punta-cana-tours","17":"product_tag-saona-island","19":"first","20":"instock","21":"sale","22":"featured","23":"sold-individually","24":"shipping-taxable","25":"product-type-external"},"_links":{"self":[{"href":"https:\/\/visitaloshaitises.com\/af\/wp-json\/wp\/v2\/product\/600","targetHints":{"allow":["GET"]}}],"collection":[{"href":"https:\/\/visitaloshaitises.com\/af\/wp-json\/wp\/v2\/product"}],"about":[{"href":"https:\/\/visitaloshaitises.com\/af\/wp-json\/wp\/v2\/types\/product"}],"wp:featuredmedia":[{"embeddable":true,"href":"https:\/\/visitaloshaitises.com\/af\/wp-json\/wp\/v2\/media\/451"}],"wp:attachment":[{"href":"https:\/\/visitaloshaitises.com\/af\/wp-json\/wp\/v2\/media?parent=600"}],"wp:term":[{"taxonomy":"product_brand","embeddable":true,"href":"https:\/\/visitaloshaitises.com\/af\/wp-json\/wp\/v2\/product_brand?post=600"},{"taxonomy":"product_cat","embeddable":true,"href":"https:\/\/visitaloshaitises.com\/af\/wp-json\/wp\/v2\/product_cat?post=600"},{"taxonomy":"product_tag","embeddable":true,"href":"https:\/\/visitaloshaitises.com\/af\/wp-json\/wp\/v2\/product_tag?post=600"}],"curies":[{"name":"wp","href":"https:\/\/api.w.org\/{rel}","templated":true}]}}