{"id":595,"date":"2020-07-02T12:43:09","date_gmt":"2020-07-02T12:43:09","guid":{"rendered":"https:\/\/haitises.com\/?post_type=product&#038;p=595"},"modified":"2024-04-16T18:46:40","modified_gmt":"2024-04-16T18:46:40","slug":"excursion-cascada-el-limon-con-caballos","status":"publish","type":"product","link":"https:\/\/visitaloshaitises.com\/af\/private\/excursion-cascada-el-limon-con-caballos\/","title":{"rendered":"El Lim\u00f3n-waterval-uitstappie met perde"},"content":{"rendered":"<div class=\"vc_row wpb_row vc_row-fluid\" ><div class=\"wpb_column vc_column_container vc_col-sm-12\"><div class=\"vc_column-inner\"><div class=\"wpb_wrapper\"><div class=\"mkdf-section-title-holder\" style=\"text-align: left\">\n\t<div class=\"mkdf-st-inner\">\n\t\t\t\t\t<h5 class=\"mkdf-st-subtitle\" >\n\t\t\t\tViaje normal pero privado\t\t\t<\/h5>\n\t\t\t\t\t\t\t<\/div>\n<\/div><\/div><\/div><\/div><\/div><div class=\"vc_row wpb_row vc_row-fluid\" ><div class=\"wpb_column vc_column_container vc_col-sm-12\"><div class=\"vc_column-inner\"><div class=\"wpb_wrapper\">\n\t<div class=\"wpb_text_column wpb_content_element\" >\n\t\t<div class=\"wpb_wrapper\">\n\t\t\t<h2>Tour a las cascadas de El Lim\u00f3n (caballos y nataci\u00f3n) + almuerzo<\/h2>\n<h3>Beskrywing<\/h3>\n<p>Este es un tour privado a las cascadas El Lim\u00f3n con paseos a caballo o senderismo. Visitando el bosque de cacao y caf\u00e9 bajo las plantas de cocos. Cuando llegue a las cascadas, podr\u00e1 nadar y establecer la hora con su gu\u00eda local. Despu\u00e9s disfrutar de un almuerzo t\u00edpico en la comunidad de El Lim\u00f3n.<\/p>\n<p>Aprenda con los locales y obtenga un viaje seguro. Obtenga sus entradas en oferta hoy.<\/p>\n<ul>\n<li>Incluye almuerzo<\/li>\n<li>A caballo o senderismo<\/li>\n<li>Die gids verskaf instruksies en toesig.<\/li>\n<li>Fooie na die Nasionale Park<\/li>\n<\/ul>\n<h3>Insluitings en uitsluitings<\/h3>\n<h4>Insluitings<\/h4>\n<ol>\n<li>Almuerzo Buffet en El Lim\u00f3n.<\/li>\n<li>Uitstappie te voet of te perd<\/li>\n<li>Alle belastings, fooie en hanteringskoste<\/li>\n<li>Plaaslike belasting<\/li>\n<li>Drankies<\/li>\n<li>Al die aktiwiteite<\/li>\n<li>Plaaslike gids<\/li>\n<\/ol>\n<h3>Uitsluitings<\/h3>\n<ol>\n<li>Wenke<\/li>\n<li>Vervoer<\/li>\n<li>Alkoholiese drankies<\/li>\n<li>Comida en la playa<\/li>\n<\/ol>\n<h3><em>Vertrek en terugkeer<\/em><\/h3>\n<p>Die reisiger sal &#039;n ontmoetingspunt kry na die besprekingsproses. Toere begin en eindig by ons ontmoetingspunte.<\/p>\n<h3><em>Wat om te verwag?<\/em><\/h3>\n<p>Obtenga sus boletos para visitar Las Cascacadas El Lim\u00f3n en Saman\u00e1 y un maravilloso almuerzo en el restaurante El Lim\u00f3n.<\/p>\n<p>El recorrido, organizado por \u00abBooking Adventures\u00bb, comienza en el punto de encuentro establecido con el gu\u00eda tur\u00edstico.<\/p>\n<p>Los mejores viajes privados a las cascadas de El Lim\u00f3n con un gu\u00eda tur\u00edstico local. Reserve un viaje a caballo por el bosque, rodeando el r\u00edo Lim\u00f3n, visitando plantaciones de cacao y caf\u00e9 bajo la sombra de coco.<\/p>\n<p>Stop eers by die klein waterval waar daar gewoonlik nie baie mense is nie en jy kan swem. Ons gaan dan verder na die groot waterval waar ons vir &#039;n uur of meer sal bly as jy wil.<\/p>\n<p>Neem die perde terug na die restaurant waar ons &#039;n tipiese middagete op die strand sal geniet. Gebraaide vis met Tostones en Slaai of jy kan ander opsies op die spyskaart kry teen bykomende koste.<\/p>\n<p>Almuerce en el restaurante de la comunidad de El Lim\u00f3n y podr\u00e1 quedarse todo el tiempo que quiera nadando. Si eres vegano, tambi\u00e9n podemos prepararte algo de comida.<\/p>\n<h3><em>Wat moet jy saambring?<\/em><\/h3>\n<ul>\n<li>Kamera<\/li>\n<li>Afweermiddels<\/li>\n<li>sonskerm<\/li>\n<li>Hoed<\/li>\n<li>Gemaklike broek<\/li>\n<li>Bos stapskoene<\/li>\n<li>Swembroek<\/li>\n<\/ul>\n<h3><em>Hotel bakkie<\/em><\/h3>\n<p>Hotelbakkie word nie vir hierdie toer aangebied nie.<\/p>\n<p><strong>Let wel:<\/strong> si realiza la reserva dentro de las 24 horas de la hora de salida del tour \/ excursi\u00f3n, podemos organizar la recogida en el hotel con cargos adicionales. Una vez que se complete su compra, le enviaremos informaci\u00f3n de contacto completa (n\u00famero de tel\u00e9fono, direcci\u00f3n de correo electr\u00f3nico, etc.) para que nuestro gu\u00eda tur\u00edstico local organice los arreglos de recogida.<\/p>\n<h3><em>Bevestiging van bykomende inligting<\/em><\/h3>\n<ul>\n<li>Die kaartjies is die kwitansie na betaling vir hierdie toer. Jy kan die betaling op jou foon wys.<\/li>\n<li>Die ontmoetingspunt sal na die besprekingsproses ontvang word.<\/li>\n<li>Kinders moet deur &#039;n volwassene vergesel word.<\/li>\n<li>Nie rolstoeltoeganklik nie<\/li>\n<li>Los infantes deben sentarse en un asiento para beb\u00e9s ocon un adulto<\/li>\n<li>Nie aanbeveel vir reisigers met rugprobleme nie.<\/li>\n<li>Nie aanbeveel vir swanger vroue nie.<\/li>\n<li>Geen hartprobleme of ander ernstige mediese toestande nie.<\/li>\n<li>Die meeste reisigers kan deelneem.<\/li>\n<\/ul>\n<h3><em>Kansellasie beleid<\/em><\/h3>\n<p>Vir &#039;n volle terugbetaling, kanselleer ten minste 24 uur voor die ervaring se begindatum.<\/p>\n\n\t\t<\/div>\n\t<\/div>\n<\/div><\/div><\/div><\/div><div class=\"vc_row wpb_row vc_row-fluid\" ><div class=\"wpb_column vc_column_container vc_col-sm-12\"><div class=\"vc_column-inner\"><div class=\"wpb_wrapper\"><div class=\"vc_empty_space\"   style=\"height: 32px\"><span class=\"vc_empty_space_inner\"><\/span><\/div>\n\t<div class=\"wpb_text_column wpb_content_element\" >\n\t\t<div class=\"wpb_wrapper\">\n\t\t\t<h4>Kontak ons<\/h4>\n<h5>Avontuurbesprekings<\/h5>\n<p><em><strong>Plaaslike en nasionale toergidse en gastedienste<\/strong><\/em><\/p>\n<p>Besprekings: Toere en uitstappies in Dom. Rep.<\/p>\n<p>Tel\/Whatsapp +1-809-720-6035.<\/p>\n<p>info@bookingadventures.com.do<\/p>\n<p>Ons doen privaat toere met buigsame konfigurasie deur Whatsapp: +18097206035.<\/p>\n\n\t\t<\/div>\n\t<\/div>\n<div class=\"vc_empty_space\"   style=\"height: 32px\"><span class=\"vc_empty_space_inner\"><\/span><\/div><\/div><\/div><\/div><\/div>","protected":false},"excerpt":{"rendered":"<p><strong>Kies asseblief die datum vir die toer:<\/strong><\/p>","protected":false},"featured_media":131,"template":"","meta":[],"product_brand":[],"product_cat":[120,96,97,135,136,122,443,123,124],"product_tag":[138,140,155,156,142,143],"class_list":{"0":"post-595","1":"product","2":"type-product","3":"status-publish","4":"has-post-thumbnail","6":"product_cat-fees-entrace","7":"product_cat-hiking","8":"product_cat-horse-riding-to-waterfalls","9":"product_cat-lunch","10":"product_cat-safari-samana","11":"product_cat-tours-and-excursions","12":"product_cat-tours-y-excursiones-es","13":"product_cat-tours-excursions-los-haitises-national-park","14":"product_cat-tours-excursions-samana-bay-dominican-republic","15":"product_tag-beach-time","16":"product_tag-el-limon-waterfalls","17":"product_tag-hiking-el-limon","18":"product_tag-horses-el-limon","19":"product_tag-samana","20":"product_tag-samana-tours","22":"first","23":"instock","24":"sale","25":"featured","26":"sold-individually","27":"shipping-taxable","28":"product-type-external"},"_links":{"self":[{"href":"https:\/\/visitaloshaitises.com\/af\/wp-json\/wp\/v2\/product\/595","targetHints":{"allow":["GET"]}}],"collection":[{"href":"https:\/\/visitaloshaitises.com\/af\/wp-json\/wp\/v2\/product"}],"about":[{"href":"https:\/\/visitaloshaitises.com\/af\/wp-json\/wp\/v2\/types\/product"}],"wp:featuredmedia":[{"embeddable":true,"href":"https:\/\/visitaloshaitises.com\/af\/wp-json\/wp\/v2\/media\/131"}],"wp:attachment":[{"href":"https:\/\/visitaloshaitises.com\/af\/wp-json\/wp\/v2\/media?parent=595"}],"wp:term":[{"taxonomy":"product_brand","embeddable":true,"href":"https:\/\/visitaloshaitises.com\/af\/wp-json\/wp\/v2\/product_brand?post=595"},{"taxonomy":"product_cat","embeddable":true,"href":"https:\/\/visitaloshaitises.com\/af\/wp-json\/wp\/v2\/product_cat?post=595"},{"taxonomy":"product_tag","embeddable":true,"href":"https:\/\/visitaloshaitises.com\/af\/wp-json\/wp\/v2\/product_tag?post=595"}],"curies":[{"name":"wp","href":"https:\/\/api.w.org\/{rel}","templated":true}]}}