{"id":554,"date":"2020-06-22T17:36:48","date_gmt":"2020-06-22T17:36:48","guid":{"rendered":"https:\/\/haitises.com\/?post_type=product&#038;p=554"},"modified":"2024-04-17T20:44:54","modified_gmt":"2024-04-17T20:44:54","slug":"excursion-a-los-haitises-desde-sabana-de-la-mar-o-cano-hondo","status":"publish","type":"product","link":"https:\/\/visitaloshaitises.com\/af\/private\/uitstappie-na-die-haities-vanaf-sabana-de-la-mar-of-cano-hondo\/","title":{"rendered":"Uitstappie na Los Haitises vanaf Sabana de la Mar of Ca\u00f1o Hondo"},"content":{"rendered":"<div class=\"vc_row wpb_row vc_row-fluid\" ><div class=\"wpb_column vc_column_container vc_col-sm-12\"><div class=\"vc_column-inner\"><div class=\"wpb_wrapper\"><div class=\"mkdf-section-title-holder\" style=\"text-align: left\">\n\t<div class=\"mkdf-st-inner\">\n\t\t\t\t\t<h5 class=\"mkdf-st-subtitle\" >\n\t\t\t\tNormale toer na Ha\u00efti\u00ebrs\t\t\t<\/h5>\n\t\t\t\t\t\t\t<\/div>\n<\/div><\/div><\/div><\/div><\/div><div class=\"vc_row wpb_row vc_row-fluid\" ><div class=\"wpb_column vc_column_container vc_col-sm-12\"><div class=\"vc_column-inner\"><div class=\"wpb_wrapper\">\n\t<div class=\"wpb_text_column wpb_content_element\" >\n\t\t<div class=\"wpb_wrapper\">\n\t\t\t<h2>Los Haitises Nasionale Park Vanaf Sabana de la Mar of Hotel Cano Hondo.<\/h2>\n<h3>Beskrywing<\/h3>\n<p>&#039;n Gewone privaat reis na Los Haitises Nasionale Park. Kom saam met ons en besoek die mooiste nasionale park in die Dominikaanse Republiek, besoek mangroves, grotte en San Lorenzobaai. Hierdie ervaring kan begin by die gemeenskap van Sabana de la Mar wat oor hierdie geskiedenis van Sabana de la Mar leer. Daarbenewens begin ons hierdie reis vanaf die hawe van Ca\u00f1o Hondo.<\/p>\n<ul>\n<li>Belasting ingesluit<\/li>\n<li>Die gids verskaf onderrig en toesig.<\/li>\n<li>Middagete is nie ingesluit vir middagete in Ca\u00f1o Hondo nie Kies hierdie toer: Los Haitises Plus Ca\u00f1o Hondo.<\/li>\n<\/ul>\n<h3>Insluitings en uitsluitings<\/h3>\n<h4>Insluitings<\/h4>\n<ol>\n<li>Los Haitises-toer + grotte en piktogramme<\/li>\n<li>Alle belastings, fooie en hanteringskoste.<\/li>\n<li>Plaaslike belasting<\/li>\n<li>Al die aktiwiteite<\/li>\n<li>Plaaslike gids<\/li>\n<\/ol>\n<h4>Uitsluitings<\/h4>\n<ol>\n<li>Wenke<\/li>\n<li>Middagete is nie ingesluit vir middagete in Ca\u00f1o Hondo nie Kies hierdie toer: Los Haitises Plus Ca\u00f1o Hondo.<\/li>\n<li>Vervoer<\/li>\n<li>Alkoholiese drankies<\/li>\n<\/ol>\n<h3><em>Vertrek en terugkeer<\/em><\/h3>\n<p>Die reisiger sal &#039;n ontmoetingspunt kry na die besprekingsproses. Toere begin en eindig by ons ontmoetingspunte.<\/p>\n<h4><em>Wat om te verwag?<\/em><\/h4>\n<p>Kry jou kaartjies om Los Haitises Nasionale Park met Grotte, Mangroves en San Lorenzo Bay te besoek.<\/p>\n<p>Die laagste prys om Los Haitises Nasionale Park te besoek vanaf Sabana de la Mar- of Ca\u00f1o Hondo-hotelle met plaaslike gidse. Die reis begin by die hoofhawe van Los Haitises Nasionale Park. Hierdie reis begin om 10:00 vm. met &#039;n plaaslike toergids wat die oorspronklike storie oor die manjifieke Nasionale Park ken.<\/p>\n<p>Dan begin ons vanaf die hoofhawe van Los Haitises Nasionale Park, genaamd Ca\u00f1o Hondo (Deep Creek) in &#039;n BOOT met reddingsbaadjies. Ons sal die rooi mangrove-woud geniet totdat ons San Lorenzobaai bereik. Klein baai in Saman\u00e1baai. En hier gaan ons! Die eerste ding wat jy kan sien, is die versameling van &#039;n groot kalksteenbergeiland genaamd Mogotes. Bo hulle meer as 700 spesies plante en baie vleilandvo\u00ebls wat rondvlieg. Later besoek grotte met prente van ons inheemse gemeenskappe 750 jaar gelede.<\/p>\n<p>Deur die mangroves en land in die oop San Lorenzobaai, vanwaar jy die ruwe boslandskap kan fotografeer. Kyk uit in die water om seekoeie, skaaldiere en dolfyne te sien.<\/p>\n<p>El nombre del parque nacional proviene de sus habitantes originales, los indios ta\u00ednos. En su idioma, \u00abHaitises\u00bb se traduce en tierras altas o colinas, una referencia a las empinadas formaciones geol\u00f3gicas de la costa con calizas. Avent\u00farate en el parque para explorar cuevas como la Cueva de la Arena y la Cueva de la L\u00ednea. Las cuevas en la reserva fueron utilizadas como refugio por los indios ta\u00ednos y, m\u00e1s tarde, por los piratas escondidos. Busque dibujos de indios que decoran algunas de las paredes. Despu\u00e9s de visitar el Parque Nacional Los Haitises, regresaremos al puerto donde comenz\u00f3 nuestro viaje.<\/p>\n<h3><em>Wat moet jy saambring?<\/em><\/h3>\n<ul>\n<li>Kamera<\/li>\n<li>Afweermiddels<\/li>\n<li>sonskerm<\/li>\n<li>Hoed<\/li>\n<li>Gemaklike broek<\/li>\n<li>Bos stapskoene<\/li>\n<li>Sandale na lentegebiede.<\/li>\n<li>Swembroek<\/li>\n<\/ul>\n<h3><em>Hotel bakkie<\/em><\/h3>\n<p>Hotelbakkie word aangebied as jy by Paraiso Ca\u00f1o Hondo of Altos Ca\u00f1o Hondo Hotel gele\u00eb is. Ons ontmoetingspunt is 5 minute se stap van daardie hotelle af.<\/p>\n<p><strong>Let wel<\/strong>- As jy binne 24 uur van die toer\/uitstappie se vertrektyd bespreek, kan ons hotelophaal re\u00ebl met bykomende koste as jy nie by die Ca\u00f1o Hondo-hotelle is nie. Sodra jou aankoop voltooi is, sal ons vir jou volledige kontakinligting (foonnommer, e-posadres, ens.) stuur vir ons plaaslike toergids om afhaalre\u00eblings te re\u00ebl.<\/p>\n<h3><em>Bevestiging van bykomende inligting<\/em><\/h3>\n<ul>\n<li>Die kaartjies is die kwitansie na betaling vir hierdie toer. Jy kan die betaling op jou foon wys.<\/li>\n<li>Die ontmoetingspunt sal na die besprekingsproses ontvang word.<\/li>\n<li>Kinders moet deur &#039;n volwassene vergesel word.<\/li>\n<li>Nie rolstoeltoeganklik nie<\/li>\n<li>Babas moet in &#039;n babastoeltjie of saam met &#039;n volwassene sit<\/li>\n<li>Nie aanbeveel vir reisigers met rugprobleme nie.<\/li>\n<li>Nie aanbeveel vir swanger vroue nie.<\/li>\n<li>Geen hartprobleme of ander ernstige mediese toestande nie.<\/li>\n<li>Die meeste reisigers kan deelneem.<\/li>\n<\/ul>\n<h3><em>Kansellasie beleid<\/em><\/h3>\n<p>Vir &#039;n volle terugbetaling, kanselleer ten minste 24 uur voor die ervaring se begindatum.<\/p>\n<h3><em>Kontak Ons?<\/em><\/h3>\n<p>Bespreking Avonture<br \/>\nPlaaslike en nasionale toergidse en gastedienste<\/p>\n<p>Besprekings: Toere en uitstappies in Dom Reps.<\/p>\n<p>\ud83d\udcde Tel\/Whatsapp +1-809-720-6035.<\/p>\n<p>\ud83d\udce9 info@bookingadventures.com.do<\/p>\n<p>Ons organiseer privaat toere met buigsame konfigurasie deur Whatsapp: +18097206035.<\/p>\n\n\t\t<\/div>\n\t<\/div>\n<\/div><\/div><\/div><\/div>","protected":false},"excerpt":{"rendered":"<p>Die laagste prys om Los Haitises Nasionale Park te besoek vanaf Sabana de la Mar- of Ca\u00f1o Hondo-hotelle met plaaslike gidse. Die reis begin by die hoofhawe van Los Haitises Nasionale Park. Hierdie reis begin om 10:00 vm. met &#039;n plaaslike toergids wat die oorspronklike storie oor die manjifieke Nasionale Park ken.<\/p>\n<p>Dan begin ons vanaf die hoofhawe van Los Haitises Nasionale Park, genaamd Ca\u00f1o Hondo (Deep Creek) in &#039;n BOOT met reddingsbaadjies. Ons sal die rooi mangrove-woud geniet totdat ons San Lorenzobaai, &#039;n klein baai in Saman\u00e1baai, bereik. En hier gaan ons! Die eerste ding wat jy kan sien, is die versameling van &#039;n groot kalksteenbergeiland genaamd Mogotes. Benewens hulle vlieg meer as 700 spesies plante en baie vleilandvo\u00ebls rond. Later besoek grotte met prente van ons inheemse gemeenskappe 750 jaar gelede.<\/p>\n<p><strong>Kies asseblief die datum vir die toer\u00a0<\/strong><\/p>","protected":false},"featured_media":81,"template":"","meta":[],"product_brand":[],"product_cat":[119,120,98,121,99,122,443,123,124],"product_tag":[125,126,127,128,129,130,131,132,133,134,114],"class_list":{"0":"post-554","1":"product","2":"type-product","3":"status-publish","4":"has-post-thumbnail","6":"product_cat-caves","7":"product_cat-fees-entrace","8":"product_cat-local-tour-guides","9":"product_cat-mangroves","10":"product_cat-swimming-natural-springs","11":"product_cat-tours-and-excursions","12":"product_cat-tours-y-excursiones-es","13":"product_cat-tours-excursions-los-haitises-national-park","14":"product_cat-tours-excursions-samana-bay-dominican-republic","15":"product_tag-boat-tour","16":"product_tag-cano-hondo","17":"product_tag-cano-hondo-hotel","18":"product_tag-cano-hondo-tours","19":"product_tag-eco-tours","20":"product_tag-excursion","21":"product_tag-locals-guides","22":"product_tag-los-haitises","23":"product_tag-los-haitises-national-park","24":"product_tag-los-haitises-national-park-tour","25":"product_tag-sabana-de-la-mar","27":"first","28":"instock","29":"sale","30":"sold-individually","31":"shipping-taxable","32":"product-type-external"},"_links":{"self":[{"href":"https:\/\/visitaloshaitises.com\/af\/wp-json\/wp\/v2\/product\/554","targetHints":{"allow":["GET"]}}],"collection":[{"href":"https:\/\/visitaloshaitises.com\/af\/wp-json\/wp\/v2\/product"}],"about":[{"href":"https:\/\/visitaloshaitises.com\/af\/wp-json\/wp\/v2\/types\/product"}],"wp:featuredmedia":[{"embeddable":true,"href":"https:\/\/visitaloshaitises.com\/af\/wp-json\/wp\/v2\/media\/81"}],"wp:attachment":[{"href":"https:\/\/visitaloshaitises.com\/af\/wp-json\/wp\/v2\/media?parent=554"}],"wp:term":[{"taxonomy":"product_brand","embeddable":true,"href":"https:\/\/visitaloshaitises.com\/af\/wp-json\/wp\/v2\/product_brand?post=554"},{"taxonomy":"product_cat","embeddable":true,"href":"https:\/\/visitaloshaitises.com\/af\/wp-json\/wp\/v2\/product_cat?post=554"},{"taxonomy":"product_tag","embeddable":true,"href":"https:\/\/visitaloshaitises.com\/af\/wp-json\/wp\/v2\/product_tag?post=554"}],"curies":[{"name":"wp","href":"https:\/\/api.w.org\/{rel}","templated":true}]}}