{"id":543,"date":"2020-06-14T19:18:13","date_gmt":"2020-06-14T19:18:13","guid":{"rendered":"https:\/\/haitises.com\/?post_type=product&#038;p=543"},"modified":"2024-08-22T05:45:22","modified_gmt":"2024-08-22T05:45:22","slug":"parque-nacional-los-haitises-desde-el-puerto-de-samana","status":"publish","type":"product","link":"https:\/\/visitaloshaitises.com\/af\/private\/parque-nacional-los-haitises-desde-el-puerto-de-samana\/","title":{"rendered":"Los Haitises Nasionale Park vanaf die hawe van Saman\u00e1"},"content":{"rendered":"<div class=\"vc_row wpb_row vc_row-fluid\" ><div class=\"wpb_column vc_column_container vc_col-sm-12\"><div class=\"vc_column-inner\"><div class=\"wpb_wrapper\">\n\t<div class=\"wpb_text_column wpb_content_element\" >\n\t\t<div class=\"wpb_wrapper\">\n\t\t\t<h2>Los Haitises Nasionale Park (Saman\u00e1baai) vanaf die hawe van Saman\u00e1<\/h2>\n<ul>\n<li>Bootuitstappie na Los Haitises Nasionale Park<br \/>\n<h3>Beskrywing<\/h3>\n<p>Besoek Los Haitises Nasionale Park vanaf die hawe van Saman\u00e1. Kom saam met ons en besoek die mooiste nasionale park in die Dominikaanse Republiek, besoek mangroves, grotte en San Lorenzobaai, asook steek die pragtige Saman\u00e1baai oor. Keer dan terug na die hawe van Saman\u00e1.<\/li>\n<\/ul>\n<p>Na hierdie ervaring, sal jy terugkeer na die hawe van Saman\u00e1.<\/p>\n<ul>\n<li>Belasting ingesluit<br \/>\nDie gids verskaf onderrig en toesig.<\/li>\n<li>Insluitings en uitsluitings<\/li>\n<\/ul>\n<h3>Insluitings<\/h3>\n<ol>\n<li>Los Haitises-toer + grotte en piktogramme<\/li>\n<li>Alle belastings, fooie en hanteringskoste.<\/li>\n<li>Plaaslike belasting<\/li>\n<li>Drankies<\/li>\n<li>Al die aktiwiteite<\/li>\n<li>Plaaslike gids<\/li>\n<\/ol>\n<h3>Uitsluitings<\/h3>\n<ol>\n<li>Wenke<\/li>\n<li>Oordrag<\/li>\n<li>Alkoholiese drankies<\/li>\n<li>Middagete nie ingesluit nie, vir middagete sluit die keuse van een van hierdie reise in: Los Haitises + Cayo Levantado vanaf die hawe van Saman\u00e1 of Los Haitises + Cano Hondo vanaf die hawe van Saman\u00e1.<\/li>\n<\/ol>\n<h3>Vertrek en terugkeer<\/h3>\n<p>Die reisiger sal &#039;n ontmoetingspunt kry na die besprekingsproses. Toere begin en eindig by ons ontmoetingspunte.<\/p>\n<h3>Wat om te verwag?<\/h3>\n<p>Kry jou kaartjies om Los Haitises Nasionale Park te besoek met &#039;n heerlike middagete by Ca\u00f1o Hondo en swem in die natuurlike fonteine.<\/p>\n<p>Vanaf die hawe van Saman\u00e1 aan boord van &#039;n boot of katamaran met &#039;n plaaslike toergids, gaan ons verby die baai van Saman\u00e1 langs Sabana de la Mar om een van die mooiste nasionale parke in die Dominikaanse Republiek te besoek. Haitises nasionale park.<\/p>\n<p>Besoek die eiland met vo\u00ebls rondom. In die nestyd kan ons selfs die pelikaankuikens in die neste sien. Gaan verder die rotsagtige eiland binne en besoek die grotte met prente en petrografie\u00eb van die inheemse mense.<\/p>\n<p>El recorrido, organizado por \u00abBooking Adventures\u00bb, comienza en el punto de encuentro establecido con el gu\u00eda tur\u00edstico. Ven con Booking Adventures y comienza a observar algunos manglares llenos de p\u00e1jaros, colinas onduladas de exuberante vegetaci\u00f3n y cuevas del Parque Nacional Los Haitises.<\/p>\n<p>Deur die mangroves en land in die oop San Lorenzobaai, vanwaar jy die ruwe boslandskap kan fotografeer. Kyk uit in die water om seekoeie, skaaldiere en dolfyne te sien.<\/p>\n<p>El nombre del parque nacional proviene de sus habitantes originales, los indios ta\u00ednos. En su idioma, \u00abHaitises\u00bb se traduce en tierras altas o colinas, una referencia a las empinadas formaciones geol\u00f3gicas de la costa con calizas. Avent\u00farate en el parque para explorar cuevas como la Cueva de la Arena y la Cueva de la L\u00ednea. Las cuevas en la reserva fueron utilizadas como refugio por los indios ta\u00ednos y, m\u00e1s tarde, por los piratas escondidos. Busque dibujos de indios que decoran algunas de las paredes. Despu\u00e9s de visitar el Parque Nacional Los Haitises, regresaremos al puerto de Saman\u00e1 pasando la bah\u00eda de Saman\u00e1 30 minutos.<\/p>\n<p>As jy meer van hierdie reis hou, het ons hierdie opsies:<\/p>\n<p>Los Haitises + Cayo Levantado vanaf die hawe van Saman\u00e1.<br \/>\nLos Haitises + Cano Hondo vanaf die hawe van Saman\u00e1.<\/p>\n<h3>Wat moet jy saambring?<\/h3>\n<ul>\n<li>Kamera<\/li>\n<li>afstotende knoppe<\/li>\n<li>sonskerm<\/li>\n<li>Hoed<\/li>\n<li>Gemaklike broek<\/li>\n<li>Bos stapskoene<\/li>\n<li>Sandale na lentegebiede.<\/li>\n<li>swem rok<\/li>\n<\/ul>\n<h3>Hotel bakkie<\/h3>\n<p>Hotelbakkie word nie vir hierdie toer aangebied nie.<\/p>\n<p>Let wel: As jy binne 24 uur van die toer\/uitstappie se vertrektyd bespreek, kan ons hotelophaal re\u00ebl teen bykomende koste. Sodra jou aankoop voltooi is, sal ons vir jou volledige kontakinligting (foonnommer, e-posadres, ens.) stuur vir ons plaaslike toergids om afhaalre\u00eblings te re\u00ebl.<\/p>\n<h3>Bevestiging van bykomende inligting<\/h3>\n<ol>\n<li>Die kaartjies is die kwitansie na betaling vir hierdie toer. Jy kan die betaling op jou foon wys.<\/li>\n<li>Die ontmoetingspunt sal na die besprekingsproses ontvang word.<\/li>\n<li>Kinders moet deur &#039;n volwassene vergesel word.<\/li>\n<li>Nie rolstoeltoeganklik nie<\/li>\n<li>Babas moet op die skoot sit<\/li>\n<li>Nie aanbeveel vir reisigers met rugprobleme nie.<\/li>\n<li>Nie aanbeveel vir swanger reisigers nie.<\/li>\n<li>Geen hartprobleme of ander ernstige mediese toestande nie.<\/li>\n<li>Die meeste reisigers kan deelneem.<\/li>\n<\/ol>\n<h3>Kansellasie beleid<\/h3>\n<p>Vir &#039;n volle terugbetaling, kanselleer ten minste 24 uur voor die ervaring se begindatum.<\/p>\n<h3>Kontak Ons?<\/h3>\n<p>Bespreking Avonture<br \/>\nPlaaslike en nasionale toergidse en gastedienste<\/p>\n<p>Besprekings: Toere en uitstappies in Dom. Rep.<\/p>\n<p>\ud83d\udcde Tel\/Whatsapp +1-809-720-6035.<\/p>\n<p>\ud83d\udce9 info@bookingadventures.com.do<\/p>\n<p>Ons doen privaat toere met buigsaamheid deur Whatsapp: +18097206035.<\/p>\n\n\t\t<\/div>\n\t<\/div>\n<\/div><\/div><\/div><\/div><div class=\"vc_row wpb_row vc_row-fluid\" ><div class=\"wpb_column vc_column_container vc_col-sm-12\"><div class=\"vc_column-inner\"><div class=\"wpb_wrapper\"><div class=\"vc_empty_space\"   style=\"height: 32px\"><span class=\"vc_empty_space_inner\"><\/span><\/div>\n\t<div class=\"wpb_video_widget wpb_content_element vc_clearfix   vc_video-aspect-ratio-169 vc_video-el-width-100 vc_video-align-left\" >\n\t\t<div class=\"wpb_wrapper\">\n\t\t\t<h2 class=\"wpb_heading wpb_video_heading\">Los Haitises en meer...<\/h2>\n\t\t\t<div class=\"wpb_video_wrapper\"><iframe loading=\"lazy\" title=\"Dominikaanse Republiek - Los Haitises-grotte (Tainos), Piktogramme en Petrogliewe\" width=\"1100\" height=\"619\" src=\"https:\/\/www.youtube.com\/embed\/o_ExYqtOlH8?feature=oembed\" frameborder=\"0\" allow=\"accelerometer; autoplay; encrypted-media; gyroscope; picture-in-picture\" allowfullscreen><\/iframe><\/div>\n\t\t<\/div>\n\t<\/div>\n<\/div><\/div><\/div><\/div>","protected":false},"excerpt":{"rendered":"<p>Ekologiese reis na Los Haitises Nasionale Park met &#039;n plaaslike gids. Besoek die sleutels in Los Haitises Nasionale Park, mangroves, plantegroei, vo\u00eblkyk, grotte, prente en die historiese gebiede van Sabana de la Mar in Los Haitises Nasionale Park.<\/p>\n<p>&nbsp;<\/p>\n<p><strong>Kies die datum van jou besoek:<\/strong><\/p>","protected":false},"featured_media":225,"template":"","meta":[],"product_brand":[],"product_cat":[121,435,430,443],"product_tag":[132,133,432,142,148,143],"class_list":{"0":"post-543","1":"product","2":"type-product","3":"status-publish","4":"has-post-thumbnail","6":"product_cat-mangroves","7":"product_cat-manglares","8":"product_cat-parque-nacional-los-haitises-samana","9":"product_cat-tours-y-excursiones-es","10":"product_tag-los-haitises","11":"product_tag-los-haitises-national-park","12":"product_tag-parque-nacional-los-haitises-samana","13":"product_tag-samana","14":"product_tag-samana-excursions","15":"product_tag-samana-tours","17":"first","18":"instock","19":"sale","20":"sold-individually","21":"shipping-taxable","22":"product-type-external"},"_links":{"self":[{"href":"https:\/\/visitaloshaitises.com\/af\/wp-json\/wp\/v2\/product\/543","targetHints":{"allow":["GET"]}}],"collection":[{"href":"https:\/\/visitaloshaitises.com\/af\/wp-json\/wp\/v2\/product"}],"about":[{"href":"https:\/\/visitaloshaitises.com\/af\/wp-json\/wp\/v2\/types\/product"}],"wp:featuredmedia":[{"embeddable":true,"href":"https:\/\/visitaloshaitises.com\/af\/wp-json\/wp\/v2\/media\/225"}],"wp:attachment":[{"href":"https:\/\/visitaloshaitises.com\/af\/wp-json\/wp\/v2\/media?parent=543"}],"wp:term":[{"taxonomy":"product_brand","embeddable":true,"href":"https:\/\/visitaloshaitises.com\/af\/wp-json\/wp\/v2\/product_brand?post=543"},{"taxonomy":"product_cat","embeddable":true,"href":"https:\/\/visitaloshaitises.com\/af\/wp-json\/wp\/v2\/product_cat?post=543"},{"taxonomy":"product_tag","embeddable":true,"href":"https:\/\/visitaloshaitises.com\/af\/wp-json\/wp\/v2\/product_tag?post=543"}],"curies":[{"name":"wp","href":"https:\/\/api.w.org\/{rel}","templated":true}]}}