{"id":11639,"date":"2023-10-04T07:39:47","date_gmt":"2023-10-04T07:39:47","guid":{"rendered":"https:\/\/haitises.com\/?post_type=product&#038;p=11639"},"modified":"2024-04-01T14:40:19","modified_gmt":"2024-04-01T14:40:19","slug":"los-haitises-national-park-tour-from-las-terrenas-samana-half-day-trip-3","status":"publish","type":"product","link":"https:\/\/visitaloshaitises.com\/af\/private\/los-haitises-national-park-tour-from-las-terrenas-samana-half-day-trip-3\/","title":{"rendered":"Los Haitises Nasionale Park-toer vanaf Las Terrenas, Saman\u00e1. Halfdaguitstappie."},"content":{"rendered":"<div class=\"vc_row wpb_row vc_row-fluid\" ><div class=\"wpb_column vc_column_container vc_col-sm-12\"><div class=\"vc_column-inner\"><div class=\"wpb_wrapper\"><div class=\"mkdf-section-title-holder\" style=\"text-align: left\">\n\t<div class=\"mkdf-st-inner\">\n\t\t\t\t\t<h5 class=\"mkdf-st-subtitle\" >\n\t\t\t\tVervoer &amp; Middagete Ingesluit\t\t\t<\/h5>\n\t\t\t\t\t\t\t<h3 class=\"mkdf-st-title\" >\n\t\t\t\tLos Haitises Nasionale Park-toer vanaf Las Terrenas de Samana. Halfdaguitstappie.\t\t\t<\/h3>\n\t\t\t\t\t<\/div>\n<\/div><\/div><\/div><\/div><\/div><div class=\"vc_row wpb_row vc_row-fluid\" ><div class=\"wpb_column vc_column_container vc_col-sm-12\"><div class=\"vc_column-inner\"><div class=\"wpb_wrapper\"><div class=\"vc_btn3-container vc_btn3-inline\" ><button class=\"vc_general vc_btn3 vc_btn3-size-md vc_btn3-shape-rounded vc_btn3-style-modern vc_btn3-color-green\">BESPREEK NOU<\/button><\/div>\n\t<div class=\"wpb_text_column wpb_content_element\" >\n\t\t<div class=\"wpb_wrapper\">\n\t\t\t<h3><\/h3>\n<h4><b><i>Oorsig <\/i><\/b><\/h4>\n<p>Los Haitises Nasionale Park-toer vanaf Las Terrenas de Samana. Halfdaguitstappie. Begin vanaf jou hotel by Las Terrenas in Samana. Ons ry na Sanchez-gemeenskap waar die boot oor Samanabaai geneem sal word. Besoek Rio Naranjo, verby Vissersgemeenskap in Los Haitises Nasionale Park, 3 grotte, Boca Tiburon-grot, Birding Key Island plus Mangroves in Saman\u00e1baai.<\/p>\n<p>Na hierdie ervaring, sal jy terugkom na Las Terrenas-gemeenskap van waar ons jou kom haal.<\/p>\n<ul>\n<li style=\"font-weight: 400;\">Fooie ingesluit<\/li>\n<li>Middagete<\/li>\n<li>Peuselhappies<\/li>\n<li style=\"font-weight: 400;\">Plaaslike toergids in Engels of Frans<\/li>\n<li>Vervoer<\/li>\n<li>Bootrit<\/li>\n<\/ul>\n<p>&nbsp;<\/p>\n<h4><b>Insluitings &amp; Uitsluitings<\/b><\/h4>\n<p>&nbsp;<\/p>\n<p><b>Insluitings<\/b><\/p>\n<ol>\n<li style=\"font-weight: 400;\">Los Haitises-toer + grotte en piktogramme<\/li>\n<li>Middagete<\/li>\n<li style=\"font-weight: 400;\"><span style=\"font-weight: 400;\">Alle belastings, fooie en hanteringskoste<\/span><\/li>\n<li style=\"font-weight: 400;\"><span style=\"font-weight: 400;\">Plaaslike belasting<\/span><\/li>\n<li style=\"font-weight: 400;\"><span style=\"font-weight: 400;\">Drank<\/span><\/li>\n<li>Peuselhappies<\/li>\n<li style=\"font-weight: 400;\"><span style=\"font-weight: 400;\">Alle aktiwiteite<\/span><\/li>\n<li style=\"font-weight: 400;\"><span style=\"font-weight: 400;\">Plaaslike gids<\/span><\/li>\n<\/ol>\n<p><b> Uitsluitings<\/b><\/p>\n<ol>\n<li style=\"font-weight: 400;\"><span style=\"font-weight: 400;\">Gratifikasies<\/span><\/li>\n<li style=\"font-weight: 400;\"><span style=\"font-weight: 400;\">Alkoholiese drankies<\/span><\/li>\n<\/ol>\n<p>&nbsp;<\/p>\n<h4><em><strong>Vertrek en Terugkeer<\/strong><\/em><\/h4>\n<p><span style=\"font-weight: 400;\">Die reisiger sal &#039;n ontmoetingspunt kry na die besprekingsproses. Toere begin en eindig by jou ontmoetingspunte.<\/span><\/p>\n<p>&nbsp;<\/p>\n<h4><\/h4>\n<h4><\/h4>\n<h3>Los Haitises Nasionale Park vanaf Las Terrenas<\/h3>\n<h4><b><i>Wat om te verwag?<\/i><\/b><\/h4>\n<p><em><strong>Kry jou kaartjies<\/strong><\/em> vir die besoek van Los Haitises Nasionale Park-toer vanaf Las Terrenas de Samana. Halfdaguitstappie. Vanaf Las Terrenas, Saman\u00e1 met vervoer na die hawe vir aan boord van &#039;n boot met &#039;n plaaslike toergids, gaan ons verby Saman\u00e1 baai na Los Haitises, Sabana de la Mar kant om een van die mooiste nasionale parke van die Dominikaanse Republiek te besoek. <strong>Die<em>\u00a0Haitises Nasionale Park<\/em>.<\/strong><\/p>\n<p>The tour, organized by \u00abBooking Adventures\u00bb starts at the meeting point set with the Tour Guide. Come with Booking Adventures and start checking some bird-filled mangroves, rolling hills of lush vegetation and caves of <em><strong>Los Haitises Nasionale Park<\/strong><\/em>. Besoek eiland met vo\u00ebls rondom. In die nesseisoen kan ons selfs die Pelecanos-kuikens op die neste sien. Om meer binne die Rotsagtige Eilande te kom en die Grotte te besoek met prente en petrografie\u00eb van die inheemse mense.<\/p>\n<p>Deur die mangroves en Land by die oop San Lorenzobaai, Sabana de la Mar vanwaar jy die ruwe boslandskap kan fotografeer. Kyk na die water om te sien <em><strong>Manatees<\/strong><\/em>, skaaldiere, en <em><strong>Dolfyne.<\/strong><\/em><\/p>\n<div class=\"body-description secondary\">\n<p>Die nasionale park se naam kom van sy oorspronklike inwoners, die Taino-Indiane. In hul taal vertaal \u201cHaitises\u201d na hooglande of Heuwels, &#039;n verwysing na die kuslyn se steil geologiese formasies met kalkstene. Waag dieper die park in om grotte te verken soos die Cueva San Gabriel, <em><strong>Sandgrot, <\/strong><\/em>en <strong><em>Lyn Grot.<\/em><\/strong><\/p>\n<p>Hierdie grotte in die reservaat is deur die Taino-Indiane as skuiling gebruik en later deur seerowers weg te steek. Soek tekeninge deur Indi\u00ebrs wat sommige van die mure versier. Nadat ons Los Haitises Nasionale Park besoek het, gaan ons terug na Sanchez, Saman\u00e1.<\/p>\n<p>Verby Saman\u00e1 baai 30 min. Ons sal &#039;n tipiese middagete h\u00ea. As jy vegan is, moenie bekommerd wees nie, ons het ook kos vir jou!<\/p>\n<p>Na middagete kom ons terug na Las Terrenas!!<\/p>\n<\/div>\n<p>As jy langer of korter van hierdie reis hou, het ons hierdie opsies:<\/p>\n<ol>\n<li><a href=\"https:\/\/www.ticketswhales.com\/tour\/the-haitises-national-park-tour-from-samana-port\/\" target=\"_blank\" rel=\"noopener\">Net Los Haitises van Saman\u00e1 Port.<\/a><\/li>\n<li><a href=\"https:\/\/www.ticketswhales.com\/tour\/los-haitises-national-park-lunch-at-cano-hondo-from-samana-port\/\" target=\"_blank\" rel=\"noopener\">Los Haitises + Ca\u00f1o Hondo vanaf Saman\u00e1 Port.<\/a><\/li>\n<\/ol>\n<p>&nbsp;<\/p>\n<h4><em><strong>Wat moet jy saambring?<\/strong><\/em><\/h4>\n<ul>\n<li style=\"font-weight: 400;\"><span style=\"font-weight: 400;\">kamera<\/span><\/li>\n<li style=\"font-weight: 400;\"><span style=\"font-weight: 400;\">Afstotende knoppe<\/span><\/li>\n<li style=\"font-weight: 400;\"><span style=\"font-weight: 400;\">sonroom<\/span><\/li>\n<li style=\"font-weight: 400;\"><span style=\"font-weight: 400;\">Hoed<\/span><\/li>\n<li style=\"font-weight: 400;\"><span style=\"font-weight: 400;\">Gemaklike broek<\/span><\/li>\n<li style=\"font-weight: 400;\"><span style=\"font-weight: 400;\">Stapskoene vir bos<\/span><\/li>\n<li style=\"font-weight: 400;\"><span style=\"font-weight: 400;\">Sandale na die Spring gebiede.<\/span><\/li>\n<li style=\"font-weight: 400;\"><span style=\"font-weight: 400;\">Swemdrag<\/span><\/li>\n<\/ul>\n<p>&nbsp;<\/p>\n<h4><b><i>Hotel Optel <\/i><\/b><\/h4>\n<p><span style=\"font-weight: 400;\">Hoteloptel word nie vir hierdie toer aangebied nie. <\/span><\/p>\n<p>&nbsp;<\/p>\n<p><b>Let wel:<\/b><span style=\"font-weight: 400;\"> Indien jy binne 24 uur na die toer\/uitstappie se vertrektyd bespreek word, kan ons hotel optel re\u00ebl met ekstra kostes. Sodra jou aankoop voltooi is, sal ons vir jou volledige kontakinligting (foonnommer, e-posadres, ens.) stuur vir ons plaaslike toergids om afhaalre\u00eblings te re\u00ebl.<\/span><\/p>\n<h4><b><i>Bevestiging van addisionele inligting <\/i><\/b><\/h4>\n<ol>\n<li>Kaartjies is die kwitansie na betaling van hierdie toer. Jy kan die betaling op jou foon wys.<\/li>\n<li style=\"font-weight: 400;\"><span style=\"font-weight: 400;\">Ontmoetingspunt sal na die besprekingsproses ontvang word.<\/span><\/li>\n<li style=\"font-weight: 400;\"><span style=\"font-weight: 400;\">Kinders moet deur &#039;n volwassene vergesel word.<\/span><\/li>\n<li style=\"font-weight: 400;\"><span style=\"font-weight: 400;\"> Nie rolstoeltoeganklik nie <\/span><\/li>\n<li style=\"font-weight: 400;\"><span style=\"font-weight: 400;\">Babas moet op skoot sit <\/span><\/li>\n<li style=\"font-weight: 400;\"><span style=\"font-weight: 400;\">Nie aanbeveel vir reisigers met rugprobleme nie<\/span><\/li>\n<li style=\"font-weight: 400;\"><span style=\"font-weight: 400;\">Nie aanbeveel vir swanger reisigers nie <\/span><\/li>\n<li style=\"font-weight: 400;\"><span style=\"font-weight: 400;\"> Geen hartprobleme of ander ernstige mediese toestande nie <\/span><\/li>\n<li style=\"font-weight: 400;\"><span style=\"font-weight: 400;\">Die meeste reisigers kan deelneem<\/span><\/li>\n<\/ol>\n<h4><b><i>Kansellasie beleid<\/i><\/b><\/h4>\n<p>Vir &#039;n volle terugbetaling, lees asseblief ons Kansellasiebeleide\u00a0<a href=\"https:\/\/www.ticketswhales.com\/online-booking\/\" target=\"_blank\" rel=\"noopener\" data-saferedirecturl=\"https:\/\/www.google.com\/url?q=https:\/\/www.ticketswhales.com\/online-booking\/&amp;source=gmail&amp;ust=1672529771100000&amp;usg=AOvVaw2NIGJBZ0qjB5RhPUl5Obc7\">Klik hier<\/a>. Fondse sal verlore gaan as die bespreking op dieselfde dag van die reis gekanselleer word.<\/p>\n\n\t\t<\/div>\n\t<\/div>\n<div class=\"vc_btn3-container vc_btn3-inline\" ><button class=\"vc_general vc_btn3 vc_btn3-size-md vc_btn3-shape-rounded vc_btn3-style-modern vc_btn3-color-green\">BESPREEK NOU<\/button><\/div><\/div><\/div><\/div><\/div><div class=\"vc_row wpb_row vc_row-fluid\" ><div class=\"wpb_column vc_column_container vc_col-sm-12\"><div class=\"vc_column-inner\"><div class=\"wpb_wrapper\">\n\t<div class=\"wpb_video_widget wpb_content_element vc_clearfix   vc_video-aspect-ratio-169 vc_video-el-width-100 vc_video-align-left\" >\n\t\t<div class=\"wpb_wrapper\">\n\t\t\t\n\t\t\t<div class=\"wpb_video_wrapper\"><iframe loading=\"lazy\" title=\"Los Haitises National Park, Tours &amp; Excursion From Samana or Sabana de la Mar. Book Here:\" src=\"https:\/\/player.vimeo.com\/video\/346508015?dnt=1&amp;app_id=122963\" width=\"1100\" height=\"619\" frameborder=\"0\" allow=\"autoplay; fullscreen; picture-in-picture\"><\/iframe><\/div>\n\t\t<\/div>\n\t<\/div>\n<\/div><\/div><\/div><\/div><div class=\"vc_row wpb_row vc_row-fluid\" ><\/div><div class=\"wpb_column vc_column_container vc_col-sm-12\"><div class=\"vc_column-inner\"><div class=\"wpb_wrapper\"><\/div><\/div><\/div><div class=\"vc_empty_space\"   style=\"height: 32px\"><span class=\"vc_empty_space_inner\"><\/span><\/div><div class=\"vc_empty_space\"   style=\"height: 32px\"><span class=\"vc_empty_space_inner\"><\/span><\/div><div class=\"vc_row wpb_row vc_row-fluid\" ><div class=\"wpb_column vc_column_container vc_col-sm-12\"><div class=\"vc_column-inner\"><div class=\"wpb_wrapper\"><div class=\"vc_btn3-container vc_btn3-inline\" ><button class=\"vc_general vc_btn3 vc_btn3-size-md vc_btn3-shape-rounded vc_btn3-style-modern vc_btn3-color-green\">BESPREEK NOU<\/button><\/div><\/div><\/div><\/div><\/div>","protected":false},"excerpt":{"rendered":"<p><span style=\"vertical-align: inherit;\"><span style=\"vertical-align: inherit;\">Esta excursi\u00f3n desde Las Terrenas al Parque Nacional Los Haitises incluye Almuerzo y Transporte para una visita a las 3 cuevas principales, una exploraci\u00f3n de 2 manglares diferentes y por supuesto la observaci\u00f3n de aves para pescar.<\/span><\/span><\/p>\n<p><span style=\"vertical-align: inherit;\"><span style=\"vertical-align: inherit;\">Viaje ecol\u00f3gico al Parque Nacional Los Haitises con un gu\u00eda tur\u00edstico local. <\/span><span style=\"vertical-align: inherit;\">Besoek die sleutels in Los Haitises Nasionale Park, Mangroves, Plantegroei, Vo\u00eblkyk, Grotte, Piktogramme en die historiese gebiede van Sabana de la Mar in Los Haitises Nasionale Park.<\/span><\/span><\/p>\n<p>&nbsp;<\/p>\n<p><strong><span style=\"vertical-align: inherit;\"><span style=\"vertical-align: inherit;\">Seleccione la fecha para el Tour:\u00a0<\/span><\/span><\/strong><\/p>","protected":false},"featured_media":11263,"template":"","meta":[],"product_brand":[],"product_cat":[571,566,122,124],"product_tag":[206,225,132,133,146,226],"class_list":{"0":"post-11639","1":"product","2":"type-product","3":"status-publish","4":"has-post-thumbnail","6":"product_cat-1-samana","7":"product_cat-boat-trip-los-haitises","8":"product_cat-tours-and-excursions","9":"product_cat-tours-excursions-samana-bay-dominican-republic","10":"product_tag-caves-los-haitises","11":"product_tag-las-terrenas","12":"product_tag-los-haitises","13":"product_tag-los-haitises-national-park","14":"product_tag-mangroves-los-haitises","15":"product_tag-transportation-los-haitises","17":"first","18":"instock","19":"sale","20":"sold-individually","21":"shipping-taxable","22":"product-type-external"},"_links":{"self":[{"href":"https:\/\/visitaloshaitises.com\/af\/wp-json\/wp\/v2\/product\/11639","targetHints":{"allow":["GET"]}}],"collection":[{"href":"https:\/\/visitaloshaitises.com\/af\/wp-json\/wp\/v2\/product"}],"about":[{"href":"https:\/\/visitaloshaitises.com\/af\/wp-json\/wp\/v2\/types\/product"}],"wp:featuredmedia":[{"embeddable":true,"href":"https:\/\/visitaloshaitises.com\/af\/wp-json\/wp\/v2\/media\/11263"}],"wp:attachment":[{"href":"https:\/\/visitaloshaitises.com\/af\/wp-json\/wp\/v2\/media?parent=11639"}],"wp:term":[{"taxonomy":"product_brand","embeddable":true,"href":"https:\/\/visitaloshaitises.com\/af\/wp-json\/wp\/v2\/product_brand?post=11639"},{"taxonomy":"product_cat","embeddable":true,"href":"https:\/\/visitaloshaitises.com\/af\/wp-json\/wp\/v2\/product_cat?post=11639"},{"taxonomy":"product_tag","embeddable":true,"href":"https:\/\/visitaloshaitises.com\/af\/wp-json\/wp\/v2\/product_tag?post=11639"}],"curies":[{"name":"wp","href":"https:\/\/api.w.org\/{rel}","templated":true}]}}