{"id":10908,"date":"2020-07-18T19:49:40","date_gmt":"2020-07-18T19:49:40","guid":{"rendered":"https:\/\/haitises.com\/?post_type=product&#038;p=10908"},"modified":"2024-04-15T23:28:53","modified_gmt":"2024-04-15T23:28:53","slug":"playa-ermitano-y-playa-onda-tour-en-bote-de-medio-dia-samana-republica-dominicana","status":"publish","type":"product","link":"https:\/\/visitaloshaitises.com\/af\/private\/playa-ermitano-y-playa-onda-tour-en-bote-de-medio-dia-samana-republica-dominicana\/","title":{"rendered":"Ermita\u00f1o-strand en Honda-strand, halfdag-boottoer, Saman\u00e1 \u2013 Dominikaanse Republiek"},"content":{"rendered":"<div class=\"vc_row wpb_row vc_row-fluid\" ><div class=\"wpb_column vc_column_container vc_col-sm-12\"><div class=\"vc_column-inner\"><div class=\"wpb_wrapper\"><div class=\"mkdf-section-title-holder\" style=\"text-align: left\">\n\t<div class=\"mkdf-st-inner\">\n\t\t\t\t\t<h5 class=\"mkdf-st-subtitle\" >\n\t\t\t\tAlmuerzo, Tour en bote y transporte desde los Hoteles.\t\t\t<\/h5>\n\t\t\t\t\t\t\t<h3 class=\"mkdf-st-title\" >\n\t\t\t\tPlaya Rinc\u00f3n, Playa Fronton + Playa Madame, Saman\u00e1 - Rep\u00fablica Dominicana.\t\t\t<\/h3>\n\t\t\t\t\t<\/div>\n<\/div>\n\t<div class=\"wpb_text_column wpb_content_element\" >\n\t\t<div class=\"wpb_wrapper\">\n\t\t\t<h2>Excursi\u00f3n en barco a Playa Ermita\u00f1o y viaje privado a Playa Onda.<\/h2>\n<h3>Beskrywing<\/h3>\n<p>El viaje comienza con recogida en su hotel o en el aeropuerto en el \u00e1rea de Saman\u00e1 o Las Galeras. Comienza tu experiencia en Playa El Valle, una hermosa y \u00fanica playa cerca de Saman\u00e1. Disfrute de un paseo en bote de 25 minutos a Playa Ermita\u00f1o, que es una playa a\u00fan inexplorada y aislada con aguas azul turquesa. Disfruta el agua fresca de coco. Descubra la belleza real e intacta de la Rep\u00fablica Dominicana y sum\u00e9rjase en la naturaleza, mientras explora la cueva secreta cercana. Qu\u00e9dese en Playa Ermita\u00f1o todo el tiempo que desee y visite Playa Onda, otra hermosa playa salvaje, a solo 15 minutos en bote. Regrese a Playa El Valle y luego proceda a Saman\u00e1, ver\u00e1 casas locales y aprender\u00e1 sobre la vida real dominicana.<\/p>\n<ul>\n<li>Gu\u00eda local con experiencia en seguridad en la zona.<\/li>\n<li>Transporte privado<\/li>\n<li>Belasting ingesluit<\/li>\n<li>Almuerzo en la playa<\/li>\n<li>Gu\u00eda de turismo local en espa\u00f1ol, ingl\u00e9s o franc\u00e9s.<\/li>\n<li>Excursionismo<\/li>\n<\/ul>\n<h3>Insluitings en uitsluitings<\/h3>\n<h4>Insluitings<\/h4>\n<ol>\n<li>Gu\u00eda local con experiencia en seguridad en la zona.<\/li>\n<li>Transporte privado para grupos peque\u00f1os.<\/li>\n<li>Playa El Rinc\u00f3n<\/li>\n<li>Rancho Dominicano<\/li>\n<li>R\u00edo Cano Frio<\/li>\n<li>Alle belastings, fooie en hanteringskoste<\/li>\n<li>Plaaslike belasting<\/li>\n<li>Almuerzo en la playa<\/li>\n<li>Excursionismo<\/li>\n<li>Al die aktiwiteite<\/li>\n<\/ol>\n<h4>Uitsluitings<\/h4>\n<p>&nbsp;<\/p>\n<ol>\n<li>Wenke<\/li>\n<li>Todas las bebidas<\/li>\n<\/ol>\n<h3><em>Vertrek en terugkeer<\/em><\/h3>\n<p>El viajero obtendr\u00e1 un punto de encuentro despu\u00e9s del proceso de reserva. Los recorridos comienzan y finalizan en sus puntos de encuentro.<\/p>\n<h3>(Playa Ermitano) Excursi\u00f3n en barco a Playa Ermita\u00f1o y viaje privado a Playa Onda.<\/h3>\n<h3><em>Wat om te verwag?<\/em><\/h3>\n<p>Despu\u00e9s de salir de la zona de hoteles de Saman\u00e1 y conducir por las calles dominicanas, ver\u00e1 y aprender\u00e1 sobre el estilo de vida local. Esta playa se encuentra entre Playa Honda y Playa El Valle, en la pen\u00ednsula de Saman\u00e1. Tiene una longitud de 400 metros y est\u00e1 rodeada de arrecifes. La \u00fanica forma de acceder a esta playa es caminando, a trav\u00e9s de un denso sendero selv\u00e1tico o en bote.<\/p>\n<p>La historia de su nombre es tan fascinante e interesante &#8230; Juan El Ermita\u00f1o aparentemente era un pirata franc\u00e9s que, arrepentido, aterriz\u00f3 un d\u00eda en esta playa de Saman\u00e1. La historia dice que hab\u00eda estado solo y aislado del mundo durante el a\u00f1o 1780. La leyenda dice que despu\u00e9s de 22 a\u00f1os de exilio, fue descubierto por sorpresa por sus antiguos compa\u00f1eros corsarios que lo creyeron muerto. Pero los espa\u00f1oles, asombrados por su austeridad y constancia, le concedieron el perd\u00f3n, consider\u00e1ndolo casi un santo. Pero como con cualquier historia de piratas que se jacta, Juan El Ermita\u00f1o mantuvo un gran secreto: mantuvo un precioso bot\u00edn de su tiempo como pirata que se escondi\u00f3 en esta playa.<\/p>\n<p>Al llegar all\u00ed ver\u00e1s frente a ti un paisaje perfecto de postal. Tendr\u00e1 la impresi\u00f3n de ser \u00fanico en el mundo en este lugar m\u00e1gico de su vegetaci\u00f3n exuberante y tropical y por la belleza de sus aguas cristalinas. Esta playa hace realidad una experiencia incre\u00edble.<\/p>\n<p>La versi\u00f3n turca y sueca de la serie de televisi\u00f3n Survivor fue filmada en esta playa.<\/p>\n<p>Este recorrido, organizado por \u00abBooking Adventures\u00bb, comienza en el punto de encuentro establecido con nuestro gu\u00eda tur\u00edstico. Ven con Booking Adventures, almuerza en la playa y disfruta de una de las playas m\u00e1s incre\u00edbles de Saman\u00e1, Rep\u00fablica Dominicana.<\/p>\n<h3><em>Wat moet jy saambring?<\/em><\/h3>\n<ul>\n<li>Kamera<\/li>\n<li>Afweermiddels<\/li>\n<li>Sonskerm<\/li>\n<li>Agua<\/li>\n<li>Hoed<\/li>\n<li>Gemaklike broek<\/li>\n<li>Bos stapskoene<\/li>\n<li>Sandale na lentegebiede.<\/li>\n<li>Swembroek<\/li>\n<\/ul>\n<h3><em>Hotel bakkie<\/em><\/h3>\n<p>Se ofrece recogida en el hotel para este recorrido.<\/p>\n<p><strong>Let wel:<\/strong> Si realiza la reserva dentro de las 24 horas de la hora de salida del tour \/ excursi\u00f3n, podemos organizar la recogida en el hotel. Recogemos en el \u00e1rea de Saman\u00e1. Una vez que se complete su compra, le enviaremos informaci\u00f3n de contacto completa (n\u00famero de tel\u00e9fono, direcci\u00f3n de correo electr\u00f3nico, etc.) para que nuestro gu\u00eda tur\u00edstico local organice los arreglos de recogida.<\/p>\n<h3><em>Bevestiging van bykomende inligting<\/em><\/h3>\n<ol>\n<li>Die kaartjies is die kwitansie na betaling vir hierdie toer. Jy kan die betaling op jou foon wys.<\/li>\n<li>Die ontmoetingspunt sal na die besprekingsproses ontvang word.<\/li>\n<li>Kinders moet deur &#039;n volwassene vergesel word.<\/li>\n<li>Nie rolstoeltoeganklik nie<\/li>\n<li>Babas moet op die skoot sit<\/li>\n<li>Nie aanbeveel vir reisigers met rugprobleme nie.<\/li>\n<li>Nie aanbeveel vir swanger vroue nie.<\/li>\n<li>Geen hartprobleme of ander ernstige mediese toestande nie.<\/li>\n<li>Die meeste reisigers kan deelneem.<\/li>\n<\/ol>\n<h3><em>Kansellasie beleid<\/em><\/h3>\n<p>Vir &#039;n volle terugbetaling, kanselleer ten minste 24 uur voor die ervaring se begindatum. Fondse sal verlore gaan as die bespreking op dieselfde dag van reis gekanselleer word.<\/p>\n\n\t\t<\/div>\n\t<\/div>\n<\/div><\/div><\/div><\/div><div class=\"vc_row wpb_row vc_row-fluid\" ><div class=\"wpb_column vc_column_container vc_col-sm-12\"><div class=\"vc_column-inner\"><div class=\"wpb_wrapper\">\n\t<div class=\"wpb_video_widget wpb_content_element vc_clearfix   vc_video-aspect-ratio-169 vc_video-el-width-100 vc_video-align-left\" >\n\t\t<div class=\"wpb_wrapper\">\n\t\t\t<h2 class=\"wpb_heading wpb_video_heading\">Watch Video:<\/h2>\n\t\t\t<div class=\"wpb_video_wrapper\"><iframe loading=\"lazy\" title=\"Playa Ermita&amp;ntilde;o - Saman&amp;aacute;, Rep&amp;uacute;blica Dominicana\" src=\"https:\/\/player.vimeo.com\/video\/263076708?dnt=1&amp;app_id=122963\" width=\"1100\" height=\"619\" frameborder=\"0\" allow=\"autoplay; fullscreen\" allowfullscreen><\/iframe><\/div>\n\t\t<\/div>\n\t<\/div>\n<\/div><\/div><\/div><\/div><div class=\"vc_row wpb_row vc_row-fluid\" ><div class=\"wpb_column vc_column_container vc_col-sm-12\"><div class=\"vc_column-inner\"><div class=\"wpb_wrapper\"><div class=\"vc_empty_space\"   style=\"height: 32px\"><span class=\"vc_empty_space_inner\"><\/span><\/div>\n\t<div class=\"wpb_text_column wpb_content_element\" >\n\t\t<div class=\"wpb_wrapper\">\n\t\t\t<h4>Kontak ons<\/h4>\n<h5><em>Reserva de Aventuras<\/em><\/h5>\n<p><em>Gu\u00edas tur\u00edsticos Locales y nacionales y servicios para hu\u00e9spedes<\/em><\/p>\n<p>Besprekings: Toere en uitstappies in Dom. Rep.<\/p>\n<p>Tel\/Whatsapp +1-809-720-6035.<\/p>\n<p>info@bookingadventures.com.do<\/p>\n<p>Somos flexibles Configurando tours privados por<strong>\u00a0WhatsApp: <a href=\"tel:+18097206035\">+18097206035.<\/a><\/strong><\/p>\n\n\t\t<\/div>\n\t<\/div>\n<div class=\"vc_empty_space\"   style=\"height: 32px\"><span class=\"vc_empty_space_inner\"><\/span><\/div><\/div><\/div><\/div><\/div>","protected":false},"excerpt":{"rendered":"<p>El viaje comienza con recogida en su hotel o en el aeropuerto en el \u00e1rea de Saman\u00e1 de Las Galeras. Comience su experiencia en Playa El Valle, una hermosa y \u00fanica playa cerca de Saman\u00e1. Disfrute de un paseo en bote de 25 minutos a Playa Ermita\u00f1o, que es una playa a\u00fan inexplorada y aislada con aguas azul turquesa. Disfruta el agua fresca de coco. Descubra la belleza real e intacta de la Rep\u00fablica Dominicana y sum\u00e9rjase en la naturaleza, mientras explora la cueva secreta cercana. Qu\u00e9dese en Playa Ermita\u00f1o todo el tiempo que desee y visite Playa Honda, otra hermosa playa salvaje, a solo 15 minutos en bote. Regrese a Playa El Valle y luego proceda a Saman\u00e1, ver\u00e1 casas locales y aprender\u00e1 sobre la vida real dominicana. Esta es una experiencia de medio d\u00eda de la verdadera Saman\u00e1 en la Rep\u00fablica Dominicana.<\/p>\n<p><strong>Kies asseblief die datum vir die toer:<\/strong><\/p>","protected":false},"featured_media":484,"template":"","meta":[],"product_brand":[],"product_cat":[356,98,135,443,124],"product_tag":[376,377,378,379,380,381,382,383,384,385,386,387,388,389,201,270,148,143],"class_list":{"0":"post-10908","1":"product","2":"type-product","3":"status-publish","4":"has-post-thumbnail","6":"product_cat-day-trips","7":"product_cat-local-tour-guides","8":"product_cat-lunch","9":"product_cat-tours-y-excursiones-es","10":"product_cat-tours-excursions-samana-bay-dominican-republic","11":"product_tag-ermitano-beach-playa-ermitano-boat-tour-and-playa-onda-private-trip","12":"product_tag-ermitano-beach","13":"product_tag-ermitano-excursion","14":"product_tag-ermitano-samana","15":"product_tag-ermitano-tour","16":"product_tag-las-terrenas-excursions","17":"product_tag-las-terrenas-tours","18":"product_tag-onda-beach","19":"product_tag-playa-ermitano-and-playa-onda-private-boat-tour","20":"product_tag-playa-ermitano-tour","21":"product_tag-playa-honda-samana","22":"product_tag-playa-onda","23":"product_tag-playa-onda-location","24":"product_tag-playa-onda-samana-maps","25":"product_tag-private-tours-samana","26":"product_tag-samana-dominican-republic","27":"product_tag-samana-excursions","28":"product_tag-samana-tours","30":"first","31":"instock","32":"sale","33":"sold-individually","34":"shipping-taxable","35":"product-type-external"},"_links":{"self":[{"href":"https:\/\/visitaloshaitises.com\/af\/wp-json\/wp\/v2\/product\/10908","targetHints":{"allow":["GET"]}}],"collection":[{"href":"https:\/\/visitaloshaitises.com\/af\/wp-json\/wp\/v2\/product"}],"about":[{"href":"https:\/\/visitaloshaitises.com\/af\/wp-json\/wp\/v2\/types\/product"}],"wp:featuredmedia":[{"embeddable":true,"href":"https:\/\/visitaloshaitises.com\/af\/wp-json\/wp\/v2\/media\/484"}],"wp:attachment":[{"href":"https:\/\/visitaloshaitises.com\/af\/wp-json\/wp\/v2\/media?parent=10908"}],"wp:term":[{"taxonomy":"product_brand","embeddable":true,"href":"https:\/\/visitaloshaitises.com\/af\/wp-json\/wp\/v2\/product_brand?post=10908"},{"taxonomy":"product_cat","embeddable":true,"href":"https:\/\/visitaloshaitises.com\/af\/wp-json\/wp\/v2\/product_cat?post=10908"},{"taxonomy":"product_tag","embeddable":true,"href":"https:\/\/visitaloshaitises.com\/af\/wp-json\/wp\/v2\/product_tag?post=10908"}],"curies":[{"name":"wp","href":"https:\/\/api.w.org\/{rel}","templated":true}]}}